{"id":582,"date":"2015-10-12T17:18:58","date_gmt":"2015-10-12T17:18:58","guid":{"rendered":"http:\/\/www.rhumemporium.com\/fr\/?page_id=582"},"modified":"2015-10-20T20:52:34","modified_gmt":"2015-10-20T20:52:34","slug":"notre-philosophie","status":"publish","type":"page","link":"https:\/\/www.rhumemporium.com\/fr\/notre-philosophie\/","title":{"rendered":"Notre philosophie &#8211; Rhum Emporium"},"content":{"rendered":"<div class=\"fusion-bg-parallax\" data-bg-align=\"left top\" data-direction=\"down\" data-mute=\"false\" data-opacity=\"100\" data-velocity=\"-0.3\" data-mobile-enabled=\"false\" data-break-parents=\"0\" data-bg-repeat=\"false\"><\/div><div class=\"fusion-fullwidth fullwidth-box fusion-fullwidth-1  fusion-parallax-down hundred-percent-fullwidth fusion-equal-height-columns\" style=\"border-color:#3e3e3e;border-bottom-width: 0px;border-top-width: 0px;border-bottom-style: solid;border-top-style: solid;padding-bottom:0px;padding-top:0px;padding-left:0px;padding-right:0px;\"><style type=\"text\/css\" scoped=\"scoped\">.fusion-fullwidth-1 {\n                            padding-left: 0px !important;\n                            padding-right: 0px !important;\n                        }<\/style><div class=\"fusion-row\"><div class=\"fusion-one-third one_third fusion-layout-column fusion-spacing-no\" style=\"margin-top:0px;margin-bottom:0px;\"><div class=\"fusion-column-wrapper\" style=\"background:url(http:\/\/www.rhumemporium.com\/rum\/wp-content\/uploads\/2015\/10\/canne_a_sucre_mer_ciel_427.jpg) center center no-repeat ;-webkit-background-size:cover;-moz-background-size:cover;-o-background-size:cover;background-size:cover;padding:60px;\" data-bg-url=\"http:\/\/www.rhumemporium.com\/rum\/wp-content\/uploads\/2015\/10\/canne_a_sucre_mer_ciel_427.jpg\"><div class=\"fusion-column-table\"><div class=\"fusion-column-tablecell\"><div class=\"fusion-clearfix\"><\/div><\/div><\/div><\/div><\/div><div class=\"fusion-two-third fusion-layout-column fusion-column-last fusion-spacing-no\" style=\"margin-top:0px;margin-bottom:0px;\"><div class=\"fusion-column-wrapper\" style=\"background-color:#78a7ba;padding:60px;\"><div class=\"fusion-column-table\"><div class=\"fusion-column-tablecell\"><h1 style=\"text-align: left;\"><span style=\"color: #e3e3e3;\">NOTRE PHILOSOPHIE<\/span><\/h1>\n<h3 style=\"text-align: left;\"><span style=\"color: #e3e3e3;\">AUTHENTICIT\u00c9 ET CARACT\u00c8RE<\/span><\/h3>\n<p style=\"text-align: left;\"><span style=\"color: #e3e3e3;\">Chez Rhum Emporium nous mettons en sc\u00e8ne d\u2019uniques perles liquides de toute beaut\u00e9, s\u00e9lectionn\u00e9es avec le plus grand soin afin d\u2019inspirer et d\u2019enchanter tous vos sens.<\/span><\/p>\n<p style=\"text-align: left;\"><span style=\"color: #e3e3e3;\">Nous pensons qu\u2019un rhum se doit d\u2019avoir du caract\u00e8re, de ceux qui feront perdurer dans votre esprit une authenticit\u00e9 issue du berceau de sa distillation et de l&#8217;\u00e9thique de ceux qui le distillent <\/span><\/p>\n<h5 style=\"text-align: center;\"><span style=\"color: #e3e3e3;\">&#8211; un sens du terroir qui parle de la terre et des hommes, de la canne, de la mer et de l\u2019eau pure qui le compose.<\/span><\/h5>\n<p style=\"text-align: left;\"><span style=\"color: #e3e3e3;\">Nous avons fond\u00e9 notre Entreprise avec la m\u00eame honn\u00eatet\u00e9 et la m\u00eame int\u00e9grit\u00e9 que celle qui est \u00e0 la base des fabuleux produits dont nous sommes fiers d\u2019\u00eatre les \u00c9missaires<\/span><\/p>\n<p style=\"text-align: left;\"><span style=\"color: #e3e3e3;\">Bienvenue dans notre monde.<\/span><\/p>\n<div class=\"fusion-clearfix\"><\/div><\/div><\/div><\/div><\/div><div class=\"fusion-clearfix\"><\/div><\/div><\/div><div class=\"fusion-bg-parallax\" data-bg-align=\"left top\" data-direction=\"down\" data-mute=\"false\" data-opacity=\"100\" data-velocity=\"-0.3\" data-mobile-enabled=\"false\" data-break-parents=\"0\" data-bg-image=\"http:\/\/www.rhumemporium.com\/rum\/wp-content\/uploads\/2015\/09\/Carte-Atlantique_dark.jpg\" data-bg-repeat=\"false\"><\/div><div class=\"fusion-fullwidth fullwidth-box fusion-fullwidth-2  fusion-parallax-down hundred-percent-fullwidth fusion-equal-height-columns\" style=\"border-color:#3e3e3e;border-bottom-width: 0px;border-top-width: 0px;border-bottom-style: solid;border-top-style: solid;padding-bottom:0px;padding-top:0px;padding-left:0px;padding-right:0px;\"><style type=\"text\/css\" scoped=\"scoped\">.fusion-fullwidth-2 {\n                            padding-left: 0px !important;\n                            padding-right: 0px !important;\n                        }<\/style><div class=\"fusion-row\"><div class=\"fusion-one-full fusion-layout-column fusion-column-last fusion-spacing-no\" style=\"margin-top:0px;margin-bottom:0px;\"><div class=\"fusion-column-wrapper\" style=\"padding:60px;\"><div class=\"fusion-column-table\"><div class=\"fusion-column-tablecell\"><h5 style=\"text-align: center;\">PAR-DESSUS TOUT, NOUS CROYONS QUE LE MONDE \u00c0 BESOIN D&#8217;UNE ALTERNATIVE \u00c0 LA CONFORMIT\u00c9 ET \u00c0 L&#8217;INSIPIDIT\u00c9, CHAQUE GORG\u00c9E DEVENANT UNE C\u00c9L\u00c9BRATION DE LA RICHESSE DE LA NATURE.<\/h5>\n<div class=\"fusion-clearfix\"><\/div><\/div><\/div><\/div><\/div><div class=\"fusion-clearfix\"><\/div><\/div><\/div>\n","protected":false},"excerpt":{"rendered":"","protected":false},"author":1,"featured_media":0,"parent":0,"menu_order":0,"comment_status":"closed","ping_status":"closed","template":"100-width.php","meta":{"footnotes":""},"yoast_head":"<!-- This site is optimized with the Yoast SEO plugin v22.7 - https:\/\/yoast.com\/wordpress\/plugins\/seo\/ -->\n<title>Notre philosophie - Rhum Emporium<\/title>\n<meta name=\"description\" content=\"Chez Rhum Emporium nous mettons en sc\u00e8ne d\u2019uniques perles liquides, s\u00e9lectionn\u00e9es avec le plus grand soin afin d\u2019inspirer et d\u2019enchanter tous vos sens.\" \/>\n<meta name=\"robots\" content=\"index, follow, max-snippet:-1, max-image-preview:large, max-video-preview:-1\" \/>\n<link rel=\"canonical\" href=\"https:\/\/www.rhumemporium.com\/fr\/notre-philosophie\/\" \/>\n<meta property=\"og:locale\" content=\"fr_FR\" \/>\n<meta property=\"og:type\" content=\"article\" \/>\n<meta property=\"og:title\" content=\"Notre philosophie - Rhum Emporium\" \/>\n<meta property=\"og:description\" content=\"Chez Rhum Emporium nous mettons en sc\u00e8ne d\u2019uniques perles liquides, s\u00e9lectionn\u00e9es avec le plus grand soin afin d\u2019inspirer et d\u2019enchanter tous vos sens.\" \/>\n<meta property=\"og:url\" content=\"https:\/\/www.rhumemporium.com\/fr\/notre-philosophie\/\" \/>\n<meta property=\"og:site_name\" content=\"Rhum Emporium\" \/>\n<meta property=\"article:modified_time\" content=\"2015-10-20T20:52:34+00:00\" \/>\n<meta name=\"twitter:card\" content=\"summary_large_image\" \/>\n<meta name=\"twitter:label1\" content=\"Est. reading time\" \/>\n\t<meta name=\"twitter:data1\" content=\"3 minutes\" \/>\n<script type=\"application\/ld+json\" class=\"yoast-schema-graph\">{\"@context\":\"https:\/\/schema.org\",\"@graph\":[{\"@type\":\"WebPage\",\"@id\":\"https:\/\/www.rhumemporium.com\/fr\/notre-philosophie\/\",\"url\":\"https:\/\/www.rhumemporium.com\/fr\/notre-philosophie\/\",\"name\":\"Notre philosophie - Rhum Emporium\",\"isPartOf\":{\"@id\":\"https:\/\/www.rhumemporium.com\/#website\"},\"datePublished\":\"2015-10-12T17:18:58+00:00\",\"dateModified\":\"2015-10-20T20:52:34+00:00\",\"description\":\"Chez Rhum Emporium nous mettons en sc\u00e8ne d\u2019uniques perles liquides, s\u00e9lectionn\u00e9es avec le plus grand soin afin d\u2019inspirer et d\u2019enchanter tous vos sens.\",\"breadcrumb\":{\"@id\":\"https:\/\/www.rhumemporium.com\/fr\/notre-philosophie\/#breadcrumb\"},\"inLanguage\":\"fr-CH\",\"potentialAction\":[{\"@type\":\"ReadAction\",\"target\":[\"https:\/\/www.rhumemporium.com\/fr\/notre-philosophie\/\"]}]},{\"@type\":\"BreadcrumbList\",\"@id\":\"https:\/\/www.rhumemporium.com\/fr\/notre-philosophie\/#breadcrumb\",\"itemListElement\":[{\"@type\":\"ListItem\",\"position\":1,\"name\":\"Home\",\"item\":\"https:\/\/www.rhumemporium.com\/fr\/\"},{\"@type\":\"ListItem\",\"position\":2,\"name\":\"Notre philosophie &#8211; Rhum Emporium\"}]},{\"@type\":\"WebSite\",\"@id\":\"https:\/\/www.rhumemporium.com\/#website\",\"url\":\"https:\/\/www.rhumemporium.com\/\",\"name\":\"Rhum Emporium\",\"description\":\"Hi\",\"potentialAction\":[{\"@type\":\"SearchAction\",\"target\":{\"@type\":\"EntryPoint\",\"urlTemplate\":\"https:\/\/www.rhumemporium.com\/?s={search_term_string}\"},\"query-input\":\"required name=search_term_string\"}],\"inLanguage\":\"fr-CH\"}]}<\/script>\n<!-- \/ Yoast SEO plugin. -->","yoast_head_json":{"title":"Notre philosophie - Rhum Emporium","description":"Chez Rhum Emporium nous mettons en sc\u00e8ne d\u2019uniques perles liquides, s\u00e9lectionn\u00e9es avec le plus grand soin afin d\u2019inspirer et d\u2019enchanter tous vos sens.","robots":{"index":"index","follow":"follow","max-snippet":"max-snippet:-1","max-image-preview":"max-image-preview:large","max-video-preview":"max-video-preview:-1"},"canonical":"https:\/\/www.rhumemporium.com\/fr\/notre-philosophie\/","og_locale":"fr_FR","og_type":"article","og_title":"Notre philosophie - Rhum Emporium","og_description":"Chez Rhum Emporium nous mettons en sc\u00e8ne d\u2019uniques perles liquides, s\u00e9lectionn\u00e9es avec le plus grand soin afin d\u2019inspirer et d\u2019enchanter tous vos sens.","og_url":"https:\/\/www.rhumemporium.com\/fr\/notre-philosophie\/","og_site_name":"Rhum Emporium","article_modified_time":"2015-10-20T20:52:34+00:00","twitter_card":"summary_large_image","twitter_misc":{"Est. reading time":"3 minutes"},"schema":{"@context":"https:\/\/schema.org","@graph":[{"@type":"WebPage","@id":"https:\/\/www.rhumemporium.com\/fr\/notre-philosophie\/","url":"https:\/\/www.rhumemporium.com\/fr\/notre-philosophie\/","name":"Notre philosophie - Rhum Emporium","isPartOf":{"@id":"https:\/\/www.rhumemporium.com\/#website"},"datePublished":"2015-10-12T17:18:58+00:00","dateModified":"2015-10-20T20:52:34+00:00","description":"Chez Rhum Emporium nous mettons en sc\u00e8ne d\u2019uniques perles liquides, s\u00e9lectionn\u00e9es avec le plus grand soin afin d\u2019inspirer et d\u2019enchanter tous vos sens.","breadcrumb":{"@id":"https:\/\/www.rhumemporium.com\/fr\/notre-philosophie\/#breadcrumb"},"inLanguage":"fr-CH","potentialAction":[{"@type":"ReadAction","target":["https:\/\/www.rhumemporium.com\/fr\/notre-philosophie\/"]}]},{"@type":"BreadcrumbList","@id":"https:\/\/www.rhumemporium.com\/fr\/notre-philosophie\/#breadcrumb","itemListElement":[{"@type":"ListItem","position":1,"name":"Home","item":"https:\/\/www.rhumemporium.com\/fr\/"},{"@type":"ListItem","position":2,"name":"Notre philosophie &#8211; Rhum Emporium"}]},{"@type":"WebSite","@id":"https:\/\/www.rhumemporium.com\/#website","url":"https:\/\/www.rhumemporium.com\/","name":"Rhum Emporium","description":"Hi","potentialAction":[{"@type":"SearchAction","target":{"@type":"EntryPoint","urlTemplate":"https:\/\/www.rhumemporium.com\/?s={search_term_string}"},"query-input":"required name=search_term_string"}],"inLanguage":"fr-CH"}]}},"_links":{"self":[{"href":"https:\/\/www.rhumemporium.com\/fr\/wp-json\/wp\/v2\/pages\/582"}],"collection":[{"href":"https:\/\/www.rhumemporium.com\/fr\/wp-json\/wp\/v2\/pages"}],"about":[{"href":"https:\/\/www.rhumemporium.com\/fr\/wp-json\/wp\/v2\/types\/page"}],"author":[{"embeddable":true,"href":"https:\/\/www.rhumemporium.com\/fr\/wp-json\/wp\/v2\/users\/1"}],"replies":[{"embeddable":true,"href":"https:\/\/www.rhumemporium.com\/fr\/wp-json\/wp\/v2\/comments?post=582"}],"version-history":[{"count":6,"href":"https:\/\/www.rhumemporium.com\/fr\/wp-json\/wp\/v2\/pages\/582\/revisions"}],"predecessor-version":[{"id":757,"href":"https:\/\/www.rhumemporium.com\/fr\/wp-json\/wp\/v2\/pages\/582\/revisions\/757"}],"wp:attachment":[{"href":"https:\/\/www.rhumemporium.com\/fr\/wp-json\/wp\/v2\/media?parent=582"}],"curies":[{"name":"wp","href":"https:\/\/api.w.org\/{rel}","templated":true}]}}