{"id":554,"date":"2015-10-11T17:52:34","date_gmt":"2015-10-11T17:52:34","guid":{"rendered":"http:\/\/www.rhumemporium.com\/fr\/?page_id=554"},"modified":"2015-11-27T12:30:23","modified_gmt":"2015-11-27T12:30:23","slug":"rhums-vieux-guadeloupe","status":"publish","type":"page","link":"https:\/\/www.rhumemporium.com\/fr\/rhum-agricole-guadeloupe-bologne\/rhums-vieux-guadeloupe\/","title":{"rendered":"Rhums vieux &#8211; Bologne &#8211; Rhum Emporium"},"content":{"rendered":"<div class=\"fusion-fullwidth fullwidth-box fusion-fullwidth-1  fusion-parallax-none hundred-percent-fullwidth\" style=\"border-color:#3e3e3e;border-bottom-width: 0px;border-top-width: 0px;border-bottom-style: solid;border-top-style: solid;padding-bottom:0px;padding-top:20px;padding-left:0px;padding-right:0px;background-color:#040f28;\"><style type=\"text\/css\" scoped=\"scoped\">.fusion-fullwidth-1 {\n                            padding-left: 0px !important;\n                            padding-right: 0px !important;\n                        }<\/style><div class=\"fusion-row\"><div class=\"fusion-one-third one_third fusion-layout-column fusion-spacing-no\" style=\"margin-top:40px;margin-bottom:0px;\"><div class=\"fusion-column-wrapper\" style=\"padding:0px;\"><div class=\"fusion-column-table\"><div class=\"fusion-column-tablecell\"><div class=\"imageframe-align-center\"><span class=\"fusion-imageframe imageframe-none imageframe-1 hover-type-none\"> <img decoding=\"async\" src=\"http:\/\/www.rhumemporium.com\/rum\/wp-content\/uploads\/2015\/10\/bologne_rhum_vieux_500px.png\" alt=\"\" class=\"img-responsive\"\/><\/span><\/div><div class=\"fusion-clearfix\"><\/div><\/div><\/div><\/div><\/div><div class=\"fusion-one-third one_third fusion-layout-column fusion-spacing-no\" style=\"margin-top:0px;margin-bottom:0px;\"><div class=\"fusion-column-wrapper\" style=\"padding:40px;\"><h1>RHUM VIEUX 42\u00b0<\/h1>\n<h3><strong>R\u00c9SERVE SP\u00c9CIALE<\/strong><\/h3>\n<p><strong>Couleur<\/strong><br \/>\nVieil or \u00e0 reflets ambr\u00e9s. Limpidit\u00e9 parfaite, tr\u00e8s belle brillance. Viscosit\u00e9 tr\u00e8s pr\u00e9sente due \u00e0 la concentration des compos\u00e9s aromatiques.<\/p>\n<p><span style=\"color: #e3e3e3;\"><strong>Nez<\/strong><\/span><br \/>\n<span style=\"color: #e3e3e3;\">Magnifique d&#8217;\u00e9l\u00e9gance, il est enj\u00f4leur et d\u00e9licat. Le premier nez est marqu\u00e9 par la note de vanill\u00e9. Il \u00e9volue ensuite sur les agrumes (orange sanguine), la canne \u00e0 sucre, le toffee, le cacao et un bois\u00e9 pr\u00e9cieux. Progressivement, il devient \u00e9pic\u00e9 (cannelle, gingembre) et safran\u00e9. Quelques fruits secs ponctuent la palette aromatique tr\u00e8s riche. Une touche d&#8217;iode fascinante dans son \u00e9quilibre et sa puissance sans exc\u00e8s survole le tout. Notes fruit\u00e9es : figue, ananas, mangue et fruits secs : noix, noisette, amande. Notes florales : orange, canne \u00e0 sucre, pot-pourri. Notes \u00e9pic\u00e9es : gingembre, vanille, cannelle, safran. Notes de toffee et de cacao. <\/span><\/p>\n<div class=\"fusion-clearfix\"><\/div><\/div><\/div><div class=\"fusion-one-third one_third fusion-layout-column fusion-column-last fusion-spacing-no\" style=\"margin-top:20px;margin-bottom:0px;\"><div class=\"fusion-column-wrapper\" style=\"padding:40px;\"><div class=\"fusion-column-table\"><div class=\"fusion-column-tablecell\"><p><span style=\"color: #e3e3e3;\"><strong>Palais<\/strong><\/span><br \/>\n<span style=\"color: #e3e3e3;\">Le palais est intense et \u00e9quilibr\u00e9 avec une grande souplesse des saveurs. La palette aromatique est tr\u00e8s fid\u00e8le au style Bologne : la canne \u00e0 sucre et les fruits exotiques dans la profondeur, avec une pointe iod\u00e9e. La vanille bourbon gourmande mais aussi les \u00e9pices (badiane, poivre blanc) sont soutenues par des tanins soyeux qui portent la structure. Le milieu de bouche s&#8217;\u00e9tire au fur et \u00e0 mesure vers des notes de bananes m\u00fbres, de cacao et de vanillle puis vers un registre plus \u00e9pic\u00e9 (pain d&#8217;\u00e9pice, gingembre confit, cannelle). Finale longue, onctueuse, \u00e9quilibr\u00e9e, elle devient douce, de la glace rhum-raisin, une note de b\u00e2ton de r\u00e9glisse sont suivies de notes animales et de cuir. Sur glace, il d\u00e9veloppe de surprenants ar\u00f4mes de fruits tropicaux confits. Sans astringence, sa persistance est remarquable (plusieurs minutes). La r\u00e9tro-olfaction est l\u00e9g\u00e8rement \u00e9pic\u00e9e et pralin\u00e9e. Sans conteste \u00e0 classer parmi les plus grands spiritueux.<\/span><\/p>\n<p><span style=\"color: #e3e3e3;\"><strong>Recommandation<\/strong><\/span><br \/>\n<span style=\"color: #e3e3e3;\">A d\u00e9guster sec, avec ou sans glace. Laisser reposer quelques minutes dans le verre avant d\u00e9gustation.<\/span><\/p>\n<div class=\"fusion-clearfix\"><\/div><\/div><\/div><\/div><\/div><div class=\"fusion-clearfix\"><\/div><\/div><\/div><div class=\"fusion-fullwidth fullwidth-box fusion-fullwidth-2  fusion-parallax-none hundred-percent-fullwidth\" style=\"border-color:#3e3e3e;border-bottom-width: 0px;border-top-width: 0px;border-bottom-style: solid;border-top-style: solid;padding-bottom:0px;padding-top:20px;padding-left:0px;padding-right:0px;background-color:#040f28;\"><style type=\"text\/css\" scoped=\"scoped\">.fusion-fullwidth-2 {\n                            padding-left: 0px !important;\n                            padding-right: 0px !important;\n                        }<\/style><div class=\"fusion-row\"><div class=\"fusion-one-third one_third fusion-layout-column fusion-spacing-no\" style=\"margin-top:0px;margin-bottom:0px;\"><div class=\"fusion-column-wrapper\" style=\"padding:40px;\"><h2>DISPONIBLE \u00c0 PARTIR DE D\u00c9CEMBRE 2015<\/h2>\n<div class=\"fusion-clearfix\"><\/div><\/div><\/div><div class=\"fusion-one-third one_third fusion-layout-column fusion-spacing-no\" style=\"margin-top:40px;margin-bottom:0px;\"><div class=\"fusion-column-wrapper\" style=\"padding:0px;\"><div class=\"fusion-column-table\"><div class=\"fusion-column-tablecell\"><div class=\"imageframe-align-center\"><span class=\"fusion-imageframe imageframe-none imageframe-2 hover-type-none\"> <img decoding=\"async\" src=\"http:\/\/www.rhumemporium.com\/rum\/wp-content\/uploads\/2015\/10\/bologne_rhum_vieux_VO_500px.png\" alt=\"\" class=\"img-responsive\"\/><\/span><\/div><h2 style=\"text-align: center;\">RHUM\u00a0VIEUX VO<\/h2>\n<h3 style=\"text-align: center;\"><strong>M\u00dbRI EN F\u00dbT DE CH\u00caNE<\/strong><\/h3>\n<div class=\"fusion-clearfix\"><\/div><\/div><\/div><\/div><\/div><div class=\"fusion-one-third one_third fusion-layout-column fusion-column-last fusion-spacing-no\" style=\"margin-top:40px;margin-bottom:0px;\"><div class=\"fusion-column-wrapper\" style=\"padding:0px;\"><div class=\"fusion-column-table\"><div class=\"fusion-column-tablecell\"><div class=\"imageframe-align-center\"><span class=\"fusion-imageframe imageframe-none imageframe-3 hover-type-none\"> <img decoding=\"async\" src=\"http:\/\/www.rhumemporium.com\/rum\/wp-content\/uploads\/2015\/10\/bologne_rhum_vieux_VSOP_500px.png\" alt=\"\" class=\"img-responsive\"\/><\/span><\/div><h2 style=\"text-align: center;\">RHUM\u00a0VIEUX VSOP<\/h2>\n<h3 style=\"text-align: center;\"><strong>M\u00dbRI EN F\u00dbT DE CH\u00caNE<\/strong><\/h3>\n<div class=\"fusion-clearfix\"><\/div><\/div><\/div><\/div><\/div><div class=\"fusion-clearfix\"><\/div><\/div><\/div>\n","protected":false},"excerpt":{"rendered":"","protected":false},"author":1,"featured_media":0,"parent":510,"menu_order":0,"comment_status":"closed","ping_status":"closed","template":"100-width.php","meta":{"footnotes":""},"yoast_head":"<!-- This site is optimized with the Yoast SEO plugin v22.7 - https:\/\/yoast.com\/wordpress\/plugins\/seo\/ -->\n<title>Rhums vieux - Bologne - Rhum Emporium<\/title>\n<meta name=\"description\" content=\"S\u00e9lection de rhums vieux produits en Guadeloupe.\" \/>\n<meta name=\"robots\" content=\"index, follow, max-snippet:-1, max-image-preview:large, max-video-preview:-1\" \/>\n<link rel=\"canonical\" href=\"https:\/\/www.rhumemporium.com\/fr\/rhum-agricole-guadeloupe-bologne\/rhums-vieux-guadeloupe\/\" \/>\n<meta property=\"og:locale\" content=\"fr_FR\" \/>\n<meta property=\"og:type\" content=\"article\" \/>\n<meta property=\"og:title\" content=\"Rhums vieux - Bologne - Rhum Emporium\" \/>\n<meta property=\"og:description\" content=\"S\u00e9lection de rhums vieux produits en Guadeloupe.\" \/>\n<meta property=\"og:url\" content=\"https:\/\/www.rhumemporium.com\/fr\/rhum-agricole-guadeloupe-bologne\/rhums-vieux-guadeloupe\/\" \/>\n<meta property=\"og:site_name\" content=\"Rhum Emporium\" \/>\n<meta property=\"article:modified_time\" content=\"2015-11-27T12:30:23+00:00\" \/>\n<meta property=\"og:image\" content=\"http:\/\/www.rhumemporium.com\/rum\/wp-content\/uploads\/2015\/10\/bologne_rhum_vieux_500px.png\" \/>\n<meta name=\"twitter:card\" content=\"summary_large_image\" \/>\n<meta name=\"twitter:label1\" content=\"Est. reading time\" \/>\n\t<meta name=\"twitter:data1\" content=\"5 minutes\" \/>\n<script type=\"application\/ld+json\" class=\"yoast-schema-graph\">{\"@context\":\"https:\/\/schema.org\",\"@graph\":[{\"@type\":\"WebPage\",\"@id\":\"https:\/\/www.rhumemporium.com\/fr\/rhum-agricole-guadeloupe-bologne\/rhums-vieux-guadeloupe\/\",\"url\":\"https:\/\/www.rhumemporium.com\/fr\/rhum-agricole-guadeloupe-bologne\/rhums-vieux-guadeloupe\/\",\"name\":\"Rhums vieux - Bologne - Rhum Emporium\",\"isPartOf\":{\"@id\":\"https:\/\/www.rhumemporium.com\/#website\"},\"primaryImageOfPage\":{\"@id\":\"https:\/\/www.rhumemporium.com\/fr\/rhum-agricole-guadeloupe-bologne\/rhums-vieux-guadeloupe\/#primaryimage\"},\"image\":{\"@id\":\"https:\/\/www.rhumemporium.com\/fr\/rhum-agricole-guadeloupe-bologne\/rhums-vieux-guadeloupe\/#primaryimage\"},\"thumbnailUrl\":\"http:\/\/www.rhumemporium.com\/rum\/wp-content\/uploads\/2015\/10\/bologne_rhum_vieux_500px.png\",\"datePublished\":\"2015-10-11T17:52:34+00:00\",\"dateModified\":\"2015-11-27T12:30:23+00:00\",\"description\":\"S\u00e9lection de rhums vieux produits en Guadeloupe.\",\"breadcrumb\":{\"@id\":\"https:\/\/www.rhumemporium.com\/fr\/rhum-agricole-guadeloupe-bologne\/rhums-vieux-guadeloupe\/#breadcrumb\"},\"inLanguage\":\"fr-CH\",\"potentialAction\":[{\"@type\":\"ReadAction\",\"target\":[\"https:\/\/www.rhumemporium.com\/fr\/rhum-agricole-guadeloupe-bologne\/rhums-vieux-guadeloupe\/\"]}]},{\"@type\":\"ImageObject\",\"inLanguage\":\"fr-CH\",\"@id\":\"https:\/\/www.rhumemporium.com\/fr\/rhum-agricole-guadeloupe-bologne\/rhums-vieux-guadeloupe\/#primaryimage\",\"url\":\"http:\/\/www.rhumemporium.com\/rum\/wp-content\/uploads\/2015\/10\/bologne_rhum_vieux_500px.png\",\"contentUrl\":\"http:\/\/www.rhumemporium.com\/rum\/wp-content\/uploads\/2015\/10\/bologne_rhum_vieux_500px.png\"},{\"@type\":\"BreadcrumbList\",\"@id\":\"https:\/\/www.rhumemporium.com\/fr\/rhum-agricole-guadeloupe-bologne\/rhums-vieux-guadeloupe\/#breadcrumb\",\"itemListElement\":[{\"@type\":\"ListItem\",\"position\":1,\"name\":\"Home\",\"item\":\"https:\/\/www.rhumemporium.com\/fr\/\"},{\"@type\":\"ListItem\",\"position\":2,\"name\":\"Rhum Agricole Guadeloupe &#8211; Bologne &#8211; Rhum Emporium\",\"item\":\"https:\/\/www.rhumemporium.com\/fr\/rhum-agricole-guadeloupe-bologne\/\"},{\"@type\":\"ListItem\",\"position\":3,\"name\":\"Rhums vieux &#8211; Bologne &#8211; Rhum Emporium\"}]},{\"@type\":\"WebSite\",\"@id\":\"https:\/\/www.rhumemporium.com\/#website\",\"url\":\"https:\/\/www.rhumemporium.com\/\",\"name\":\"Rhum Emporium\",\"description\":\"Hi\",\"potentialAction\":[{\"@type\":\"SearchAction\",\"target\":{\"@type\":\"EntryPoint\",\"urlTemplate\":\"https:\/\/www.rhumemporium.com\/?s={search_term_string}\"},\"query-input\":\"required name=search_term_string\"}],\"inLanguage\":\"fr-CH\"}]}<\/script>\n<!-- \/ Yoast SEO plugin. -->","yoast_head_json":{"title":"Rhums vieux - Bologne - Rhum Emporium","description":"S\u00e9lection de rhums vieux produits en Guadeloupe.","robots":{"index":"index","follow":"follow","max-snippet":"max-snippet:-1","max-image-preview":"max-image-preview:large","max-video-preview":"max-video-preview:-1"},"canonical":"https:\/\/www.rhumemporium.com\/fr\/rhum-agricole-guadeloupe-bologne\/rhums-vieux-guadeloupe\/","og_locale":"fr_FR","og_type":"article","og_title":"Rhums vieux - Bologne - Rhum Emporium","og_description":"S\u00e9lection de rhums vieux produits en Guadeloupe.","og_url":"https:\/\/www.rhumemporium.com\/fr\/rhum-agricole-guadeloupe-bologne\/rhums-vieux-guadeloupe\/","og_site_name":"Rhum Emporium","article_modified_time":"2015-11-27T12:30:23+00:00","og_image":[{"url":"http:\/\/www.rhumemporium.com\/rum\/wp-content\/uploads\/2015\/10\/bologne_rhum_vieux_500px.png"}],"twitter_card":"summary_large_image","twitter_misc":{"Est. reading time":"5 minutes"},"schema":{"@context":"https:\/\/schema.org","@graph":[{"@type":"WebPage","@id":"https:\/\/www.rhumemporium.com\/fr\/rhum-agricole-guadeloupe-bologne\/rhums-vieux-guadeloupe\/","url":"https:\/\/www.rhumemporium.com\/fr\/rhum-agricole-guadeloupe-bologne\/rhums-vieux-guadeloupe\/","name":"Rhums vieux - Bologne - Rhum Emporium","isPartOf":{"@id":"https:\/\/www.rhumemporium.com\/#website"},"primaryImageOfPage":{"@id":"https:\/\/www.rhumemporium.com\/fr\/rhum-agricole-guadeloupe-bologne\/rhums-vieux-guadeloupe\/#primaryimage"},"image":{"@id":"https:\/\/www.rhumemporium.com\/fr\/rhum-agricole-guadeloupe-bologne\/rhums-vieux-guadeloupe\/#primaryimage"},"thumbnailUrl":"http:\/\/www.rhumemporium.com\/rum\/wp-content\/uploads\/2015\/10\/bologne_rhum_vieux_500px.png","datePublished":"2015-10-11T17:52:34+00:00","dateModified":"2015-11-27T12:30:23+00:00","description":"S\u00e9lection de rhums vieux produits en Guadeloupe.","breadcrumb":{"@id":"https:\/\/www.rhumemporium.com\/fr\/rhum-agricole-guadeloupe-bologne\/rhums-vieux-guadeloupe\/#breadcrumb"},"inLanguage":"fr-CH","potentialAction":[{"@type":"ReadAction","target":["https:\/\/www.rhumemporium.com\/fr\/rhum-agricole-guadeloupe-bologne\/rhums-vieux-guadeloupe\/"]}]},{"@type":"ImageObject","inLanguage":"fr-CH","@id":"https:\/\/www.rhumemporium.com\/fr\/rhum-agricole-guadeloupe-bologne\/rhums-vieux-guadeloupe\/#primaryimage","url":"http:\/\/www.rhumemporium.com\/rum\/wp-content\/uploads\/2015\/10\/bologne_rhum_vieux_500px.png","contentUrl":"http:\/\/www.rhumemporium.com\/rum\/wp-content\/uploads\/2015\/10\/bologne_rhum_vieux_500px.png"},{"@type":"BreadcrumbList","@id":"https:\/\/www.rhumemporium.com\/fr\/rhum-agricole-guadeloupe-bologne\/rhums-vieux-guadeloupe\/#breadcrumb","itemListElement":[{"@type":"ListItem","position":1,"name":"Home","item":"https:\/\/www.rhumemporium.com\/fr\/"},{"@type":"ListItem","position":2,"name":"Rhum Agricole Guadeloupe &#8211; Bologne &#8211; Rhum Emporium","item":"https:\/\/www.rhumemporium.com\/fr\/rhum-agricole-guadeloupe-bologne\/"},{"@type":"ListItem","position":3,"name":"Rhums vieux &#8211; Bologne &#8211; Rhum Emporium"}]},{"@type":"WebSite","@id":"https:\/\/www.rhumemporium.com\/#website","url":"https:\/\/www.rhumemporium.com\/","name":"Rhum Emporium","description":"Hi","potentialAction":[{"@type":"SearchAction","target":{"@type":"EntryPoint","urlTemplate":"https:\/\/www.rhumemporium.com\/?s={search_term_string}"},"query-input":"required name=search_term_string"}],"inLanguage":"fr-CH"}]}},"_links":{"self":[{"href":"https:\/\/www.rhumemporium.com\/fr\/wp-json\/wp\/v2\/pages\/554"}],"collection":[{"href":"https:\/\/www.rhumemporium.com\/fr\/wp-json\/wp\/v2\/pages"}],"about":[{"href":"https:\/\/www.rhumemporium.com\/fr\/wp-json\/wp\/v2\/types\/page"}],"author":[{"embeddable":true,"href":"https:\/\/www.rhumemporium.com\/fr\/wp-json\/wp\/v2\/users\/1"}],"replies":[{"embeddable":true,"href":"https:\/\/www.rhumemporium.com\/fr\/wp-json\/wp\/v2\/comments?post=554"}],"version-history":[{"count":14,"href":"https:\/\/www.rhumemporium.com\/fr\/wp-json\/wp\/v2\/pages\/554\/revisions"}],"predecessor-version":[{"id":858,"href":"https:\/\/www.rhumemporium.com\/fr\/wp-json\/wp\/v2\/pages\/554\/revisions\/858"}],"up":[{"embeddable":true,"href":"https:\/\/www.rhumemporium.com\/fr\/wp-json\/wp\/v2\/pages\/510"}],"wp:attachment":[{"href":"https:\/\/www.rhumemporium.com\/fr\/wp-json\/wp\/v2\/media?parent=554"}],"curies":[{"name":"wp","href":"https:\/\/api.w.org\/{rel}","templated":true}]}}