{"id":217,"date":"2015-09-23T15:17:52","date_gmt":"2015-09-23T15:17:52","guid":{"rendered":"http:\/\/www.rhumemporium.com\/fr\/?page_id=217"},"modified":"2017-06-04T14:56:35","modified_gmt":"2017-06-04T14:56:35","slug":"rhums-vieux-et-ambres","status":"publish","type":"page","link":"https:\/\/www.rhumemporium.com\/fr\/rhum-agricole-marie-galante-bielle\/rhums-vieux-et-ambres\/","title":{"rendered":"Rhums vieux et ambr\u00e9s Bielle &#8211; Rhum Emporium"},"content":{"rendered":"<div class=\"fusion-fullwidth fullwidth-box fusion-fullwidth-1  fusion-parallax-none hundred-percent-fullwidth\" style=\"border-color:#3e3e3e;border-bottom-width: 0px;border-top-width: 0px;border-bottom-style: solid;border-top-style: solid;padding-bottom:0px;padding-top:20px;padding-left:0px;padding-right:0px;background-color:#040f28;\"><style type=\"text\/css\" scoped=\"scoped\">.fusion-fullwidth-1 {\n                            padding-left: 0px !important;\n                            padding-right: 0px !important;\n                        }<\/style><div class=\"fusion-row\"><div class=\"fusion-one-third one_third fusion-layout-column fusion-spacing-no\" style=\"margin-top:40px;margin-bottom:0px;\"><div class=\"fusion-column-wrapper\" style=\"padding:0px;\"><div class=\"fusion-column-table\"><div class=\"fusion-column-tablecell\"><div class=\"imageframe-align-center\"><span class=\"fusion-imageframe imageframe-none imageframe-1 hover-type-none\"> <img decoding=\"async\" alt=\"\" src=\"http:\/\/www.rhumemporium.com\/rum\/wp-content\/uploads\/2015\/09\/rhum_ambre_bielle.png\" class=\"img-responsive\"\/><\/span><\/div><div class=\"fusion-clearfix\"><\/div><\/div><\/div><\/div><\/div><div class=\"fusion-one-third one_third fusion-layout-column fusion-column-last fusion-spacing-no\" style=\"margin-top:0px;margin-bottom:0px;\"><div class=\"fusion-column-wrapper\" style=\"padding:40px;\"><h1>RHUM\u00a0AMBR\u00c9 50\u00b0<\/h1>\n<h3><strong>3 ANS D&#8217;\u00c2GE<\/strong><\/h3>\n<p>Rhum agricole Bielle distill\u00e9, vieilli et embouteill\u00e9 \u00e0 la distillerie Bielle. Soutirage apr\u00e8s 2 ans de vieillissement en f\u00fbt de bois noble. Mis \u00e0 degr\u00e9 \u00e0 50\u00b0 avec l\u2019eau du ciel. D\u2019une couleur pierre d\u2019ambre, ce rhum naturellement vieilli lib\u00e8re des notes de miel et de pain grill\u00e9 tout en souplesse et rondeur.<\/p>\n<div class=\"fusion-clearfix\"><\/div><\/div><\/div><div class=\"fusion-clearfix\"><\/div><\/div><\/div><div id=\"rhumvieux\"><div class=\"fusion-fullwidth fullwidth-box fusion-fullwidth-2  fusion-parallax-none hundred-percent-fullwidth\" style=\"border-color:#3e3e3e;border-bottom-width: 0px;border-top-width: 0px;border-bottom-style: solid;border-top-style: solid;padding-bottom:0px;padding-top:20px;padding-left:0px;padding-right:0px;background-color:#040f28;\"><style type=\"text\/css\" scoped=\"scoped\">.fusion-fullwidth-2 {\n                            padding-left: 0px !important;\n                            padding-right: 0px !important;\n                        }<\/style><div class=\"fusion-row\"><div class=\"fusion-one-third one_third fusion-layout-column fusion-spacing-no\" style=\"margin-top:40px;margin-bottom:0px;\"><div class=\"fusion-column-wrapper\" style=\"padding:0px;\"><div class=\"fusion-column-table\"><div class=\"fusion-column-tablecell\"><div class=\"imageframe-align-center\"><span class=\"fusion-imageframe imageframe-none imageframe-2 hover-type-none\"> <img decoding=\"async\" alt=\"\" src=\"http:\/\/www.rhumemporium.com\/rum\/wp-content\/uploads\/2015\/09\/rhum_bielle_vieux_2009.png\" class=\"img-responsive\"\/><\/span><\/div><div class=\"fusion-clearfix\"><\/div><\/div><\/div><\/div><\/div><div class=\"fusion-one-third one_third fusion-layout-column fusion-spacing-no\" style=\"margin-top:0px;margin-bottom:0px;\"><div class=\"fusion-column-wrapper\" style=\"padding:40px;\"><h2>RHUM\u00a0VIEUX 2009 42\u00b0<\/h2>\n<h3><strong>RHUM ANTILLAIS AUTHENTIQUE<\/strong><\/h3>\n<p>Rhum agricole vieux Bielle distill\u00e9, vieilli et embouteill\u00e9 \u00e0 la distillerie Bielle. Mis en vieillissement en 2009. Soutir\u00e9 en 2013. Mis \u00e0 degr\u00e9 \u00e0 42\u00b0 avec l\u2019eau du ciel. Non filtr\u00e9. Notes de fruits m\u00fbrs et miel.<\/p>\n<div class=\"fusion-clearfix\"><\/div><\/div><\/div><div class=\"fusion-one-third one_third fusion-layout-column fusion-column-last fusion-spacing-no\" style=\"margin-top:20px;margin-bottom:0px;\"><div class=\"fusion-column-wrapper\" style=\"padding:40px;\"><div class=\"fusion-column-table\"><div class=\"fusion-column-tablecell\"><p><span style=\"color: #e3e3e3;\"><strong>Nez<\/strong><\/span><br \/>\n<span style=\"color: #e3e3e3;\">Fruits murs, l\u00e9g\u00e8rement bois neuf<\/span><\/p>\n<p><span style=\"color: #e3e3e3;\"><strong>Bouche<\/strong><\/span><br \/>\n<span style=\"color: #e3e3e3;\">Notes de vanille et de miel<\/span><\/p>\n<p><span style=\"color: #e3e3e3;\"><strong>Finale<\/strong><\/span><br \/>\n<span style=\"color: #e3e3e3;\">Rondeur, bois\u00e9<\/span><\/p>\n<div class=\"fusion-clearfix\"><\/div><\/div><\/div><\/div><\/div><div class=\"fusion-clearfix\"><\/div><\/div><\/div><\/div><div class=\"fusion-fullwidth fullwidth-box fusion-fullwidth-3  fusion-parallax-none hundred-percent-fullwidth\" style=\"border-color:#3e3e3e;border-bottom-width: 0px;border-top-width: 0px;border-bottom-style: solid;border-top-style: solid;padding-bottom:0px;padding-top:20px;padding-left:0px;padding-right:0px;background-color:#040f28;\"><style type=\"text\/css\" scoped=\"scoped\">.fusion-fullwidth-3 {\n                            padding-left: 0px !important;\n                            padding-right: 0px !important;\n                        }<\/style><div class=\"fusion-row\"><div class=\"fusion-one-third one_third fusion-layout-column fusion-spacing-no\" style=\"margin-top:40px;margin-bottom:0px;\"><div class=\"fusion-column-wrapper\" style=\"padding:0px;\"><div class=\"fusion-column-table\"><div class=\"fusion-column-tablecell\"><div class=\"imageframe-align-center\"><span class=\"fusion-imageframe imageframe-none imageframe-3 hover-type-none\"> <img decoding=\"async\" alt=\"\" src=\"http:\/\/www.rhumemporium.com\/rum\/wp-content\/uploads\/2015\/09\/rhum_vieux_bielle_2008.png\" class=\"img-responsive\"\/><\/span><\/div><div class=\"fusion-clearfix\"><\/div><\/div><\/div><\/div><\/div><div class=\"fusion-one-third one_third fusion-layout-column fusion-spacing-no\" style=\"margin-top:0px;margin-bottom:0px;\"><div class=\"fusion-column-wrapper\" style=\"padding:40px;\"><h2>RHUM\u00a0VIEUX 2008 53,4\u00b0<\/h2>\n<h3><strong>CUV\u00c9E 40e ANNIVERSAIRE<\/strong><\/h3>\n<p>Ce rhum agricole Vieux mill\u00e9sime 2008 a \u00e9t\u00e9 sp\u00e9cialement s\u00e9lectionn\u00e9 pour f\u00eater les 40 ans de reprise de la Distillerie Bielle par l&#8217;actuel Pr\u00e9sident Dominique Thiery. Ce mill\u00e9sime a \u00e9t\u00e9 mis en vieillissement en 2008, soutir\u00e9 en 2015 puis directement embouteill\u00e9 \u00e0 53,4\u00b0. Il est brut de f\u00fbt et non filtr\u00e9. C&#8217;est une v\u00e9ritable p\u00e9pite.<\/p>\n<style type='text\/css'>.reading-box-container-1 .element-bottomshadow:before,.reading-box-container-1 .element-bottomshadow:after{opacity:0.7;}<\/style><div class=\"fusion-reading-box-container reading-box-container-1\" style=\"margin-bottom:84px;\"><div class=\"reading-box\" style=\"background-color:#e3e3e3;border-width:0px;border-color:#3e3e3e;border-style:solid;\"><div class=\"reading-box-description\">En rupture de stock \u00e0 la distillerie<\/div><\/div><\/div><div class=\"fusion-clearfix\"><\/div><\/div><\/div><div class=\"fusion-one-third one_third fusion-layout-column fusion-column-last fusion-spacing-no\" style=\"margin-top:0px;margin-bottom:0px;\"><div class=\"fusion-column-wrapper\" style=\"padding:40px;\"><p><span style=\"color: #e3e3e3;\"><strong>Nez<\/strong><\/span><br \/>\n<span style=\"color: #e3e3e3;\">Miel et \u00e9pices dominent, vanille\u2026.<\/span><\/p>\n<p><span style=\"color: #e3e3e3;\"><strong>Bouche<\/strong><\/span><br \/>\n<span style=\"color: #e3e3e3;\">Sensations de fruits cuits et de pain d\u2019\u00e9pices m\u00e9lang\u00e9<\/span><\/p>\n<p><span style=\"color: #e3e3e3;\"><strong>Finale<\/strong><\/span><br \/>\n<span style=\"color: #e3e3e3;\">Harmonieuse et longue, miel<\/span><\/p>\n<h3><\/h3>\n<div class=\"fusion-clearfix\"><\/div><\/div><\/div><div class=\"fusion-clearfix\"><\/div><\/div><\/div><div class=\"fusion-fullwidth fullwidth-box fusion-fullwidth-4  fusion-parallax-none hundred-percent-fullwidth\" style=\"border-color:#3e3e3e;border-bottom-width: 0px;border-top-width: 0px;border-bottom-style: solid;border-top-style: solid;padding-bottom:0px;padding-top:20px;padding-left:0px;padding-right:0px;background-color:#040f28;\"><style type=\"text\/css\" scoped=\"scoped\">.fusion-fullwidth-4 {\n                            padding-left: 0px !important;\n                            padding-right: 0px !important;\n                        }<\/style><div class=\"fusion-row\"><div class=\"fusion-one-third one_third fusion-layout-column fusion-spacing-no\" style=\"margin-top:40px;margin-bottom:0px;\"><div class=\"fusion-column-wrapper\" style=\"padding:0px;\"><div class=\"fusion-column-table\"><div class=\"fusion-column-tablecell\"><div class=\"imageframe-align-center\"><span class=\"fusion-imageframe imageframe-none imageframe-4 hover-type-none\"> <img decoding=\"async\" alt=\"\" src=\"http:\/\/www.rhumemporium.com\/rum\/wp-content\/uploads\/2015\/09\/rhum_bielle_vieux_2007.png\" class=\"img-responsive\"\/><\/span><\/div><div class=\"fusion-clearfix\"><\/div><\/div><\/div><\/div><\/div><div class=\"fusion-one-third one_third fusion-layout-column fusion-spacing-no\" style=\"margin-top:0px;margin-bottom:0px;\"><div class=\"fusion-column-wrapper\" style=\"padding:40px;\"><h2>RHUM\u00a0VIEUX 2007 57,3\u00b0<\/h2>\n<h3><strong>RHUM ANTILLAIS AUTHENTIQUE<\/strong><\/h3>\n<p>Rhum agricole vieux Bielle distill\u00e9, vieilli et embouteill\u00e9 \u00e0 la distillerie Bielle. Mis en vieillissement en 2007, soutir\u00e9 en 2014. Brut de f\u00fbt. Non filtr\u00e9. M\u00e9daille d&#8217;or au concours g\u00e9n\u00e9ral agricole \u00e0 Paris. Notes de vanille et fruits confits.<\/p>\n<style type='text\/css'>.reading-box-container-2 .element-bottomshadow:before,.reading-box-container-2 .element-bottomshadow:after{opacity:0.7;}<\/style><div class=\"fusion-reading-box-container reading-box-container-2\" style=\"margin-bottom:84px;\"><div class=\"reading-box\" style=\"background-color:#e3e3e3;border-width:0px;border-color:#3e3e3e;border-style:solid;\"><div class=\"reading-box-description\">En rupture de stock \u00e0 la distillerie<\/div><\/div><\/div><div class=\"fusion-clearfix\"><\/div><\/div><\/div><div class=\"fusion-one-third one_third fusion-layout-column fusion-column-last fusion-spacing-no\" style=\"margin-top:20px;margin-bottom:0px;\"><div class=\"fusion-column-wrapper\" style=\"padding:40px;\"><div class=\"fusion-column-table\"><div class=\"fusion-column-tablecell\"><p><span style=\"color: #e3e3e3;\"><strong>Nez<\/strong><\/span><br \/>\n<span style=\"color: #e3e3e3;\">Chocolat, fruits cuits<\/span><\/p>\n<p><span style=\"color: #e3e3e3;\"><strong>Bouche<\/strong><\/span><br \/>\n<span style=\"color: #e3e3e3;\">\u00c9pices, fruits confits, pruneau<\/span><\/p>\n<p><span style=\"color: #e3e3e3;\"><strong>Finale<\/strong><\/span><br \/>\n<span style=\"color: #e3e3e3;\">Grande longueur dans le pain grill\u00e9 et le Bourbon<\/span><\/p>\n<h3><\/h3>\n<div class=\"fusion-clearfix\"><\/div><\/div><\/div><\/div><\/div><div class=\"fusion-clearfix\"><\/div><\/div><\/div><div class=\"fusion-fullwidth fullwidth-box fusion-fullwidth-5  fusion-parallax-none hundred-percent-fullwidth\" style=\"border-color:#3e3e3e;border-bottom-width: 0px;border-top-width: 0px;border-bottom-style: solid;border-top-style: solid;padding-bottom:0px;padding-top:20px;padding-left:0px;padding-right:0px;background-color:#040f28;\"><style type=\"text\/css\" scoped=\"scoped\">.fusion-fullwidth-5 {\n                            padding-left: 0px !important;\n                            padding-right: 0px !important;\n                        }<\/style><div class=\"fusion-row\"><div class=\"fusion-one-third one_third fusion-layout-column fusion-spacing-no\" style=\"margin-top:40px;margin-bottom:0px;\"><div class=\"fusion-column-wrapper\" style=\"padding:0px;\"><div class=\"fusion-column-table\"><div class=\"fusion-column-tablecell\"><div class=\"imageframe-align-center\"><span class=\"fusion-imageframe imageframe-none imageframe-5 hover-type-none\"> <img decoding=\"async\" alt=\"\" src=\"http:\/\/www.rhumemporium.com\/rum\/wp-content\/uploads\/2015\/09\/rhum_vieux_bielle_2004_514.png\" class=\"img-responsive\"\/><\/span><\/div><div class=\"fusion-clearfix\"><\/div><\/div><\/div><\/div><\/div><div class=\"fusion-one-third one_third fusion-layout-column fusion-spacing-no\" style=\"margin-top:0px;margin-bottom:0px;\"><div class=\"fusion-column-wrapper\" style=\"padding:40px;\"><h2>RHUM\u00a0VIEUX 2004 45\u00b0<\/h2>\n<h3><strong>FRUITS CUITS, VANILLE ET BOIS<\/strong><\/h3>\n<p>Rhum agricole vieux Bielle distill\u00e9, vieilli et embouteill\u00e9 \u00e0 la distillerie Bielle. Mis en vieillissement en 2004. Soutir\u00e9 en 2014. Mise \u00e0 degr\u00e9 \u00e0 45\u00b0\u00a0avec l&#8217;eau , du ciel. Non filtr\u00e9. Notes de fruits cuits, vanille et bois de ch\u00eane.<\/p>\n<div class=\"fusion-clearfix\"><\/div><\/div><\/div><div class=\"fusion-one-third one_third fusion-layout-column fusion-column-last fusion-spacing-no\" style=\"margin-top:20px;margin-bottom:0px;\"><div class=\"fusion-column-wrapper\" style=\"padding:40px;\"><div class=\"fusion-column-table\"><div class=\"fusion-column-tablecell\"><p><span style=\"color: #e3e3e3;\"><strong>Nez<\/strong><\/span><br \/>\n<span style=\"color: #e3e3e3;\">Vanille Bourbon, vieux bois<\/span><\/p>\n<p><span style=\"color: #e3e3e3;\"><strong>Bouche<\/strong><\/span><br \/>\n<span style=\"color: #e3e3e3;\">Amandes, fruits confits<\/span><\/p>\n<p><span style=\"color: #e3e3e3;\"><strong>Finale<\/strong><\/span><br \/>\n<span style=\"color: #e3e3e3;\">Bois\u00e9e, longue et vanill\u00e9e<\/span><\/p>\n<div class=\"fusion-clearfix\"><\/div><\/div><\/div><\/div><\/div><div class=\"fusion-clearfix\"><\/div><\/div><\/div><div class=\"fusion-fullwidth fullwidth-box fusion-fullwidth-6  fusion-parallax-none hundred-percent-fullwidth\" style=\"border-color:#3e3e3e;border-bottom-width: 0px;border-top-width: 0px;border-bottom-style: solid;border-top-style: solid;padding-bottom:0px;padding-top:20px;padding-left:0px;padding-right:0px;background-color:#040f28;\"><style type=\"text\/css\" scoped=\"scoped\">.fusion-fullwidth-6 {\n                            padding-left: 0px !important;\n                            padding-right: 0px !important;\n                        }<\/style><div class=\"fusion-row\"><div class=\"fusion-one-third one_third fusion-layout-column fusion-spacing-no\" style=\"margin-top:40px;margin-bottom:0px;\"><div class=\"fusion-column-wrapper\" style=\"padding:0px;\"><div class=\"fusion-column-table\"><div class=\"fusion-column-tablecell\"><div class=\"imageframe-align-center\"><span class=\"fusion-imageframe imageframe-none imageframe-6 hover-type-none\"> <img decoding=\"async\" alt=\"\" src=\"http:\/\/www.rhumemporium.com\/rum\/wp-content\/uploads\/2015\/09\/rhum_bielle_vieux_2002.png\" class=\"img-responsive\"\/><\/span><\/div><div class=\"fusion-clearfix\"><\/div><\/div><\/div><\/div><\/div><div class=\"fusion-one-third one_third fusion-layout-column fusion-spacing-no\" style=\"margin-top:0px;margin-bottom:0px;\"><div class=\"fusion-column-wrapper\" style=\"padding:40px;\"><h2>RHUM\u00a0VIEUX 2002 52,8\u00b0<\/h2>\n<h3><strong>RHUM ANTILLAIS AUTHENTIQUE<\/strong><\/h3>\n<p>Rhum agricole vieux Bielle distill\u00e9, vieilli et embouteill\u00e9 \u00e0 la distillerie Bielle.\u00a0Mis en vieillissement en 2002. Soutir\u00e9 en 2014. Brut de fut \u00e0 52,8\u00b0 vol. Non filtr\u00e9. Notes de pain grill\u00e9 et miel.<\/p>\n<div class=\"fusion-clearfix\"><\/div><\/div><\/div><div class=\"fusion-one-third one_third fusion-layout-column fusion-column-last fusion-spacing-no\" style=\"margin-top:20px;margin-bottom:0px;\"><div class=\"fusion-column-wrapper\" style=\"padding:40px;\"><div class=\"fusion-column-table\"><div class=\"fusion-column-tablecell\"><p><span style=\"color: #e3e3e3;\"><strong>Nez<\/strong><\/span><br \/>\n<span style=\"color: #e3e3e3;\">Rancio, vieux bois de ch\u00eane<\/span><\/p>\n<p><span style=\"color: #e3e3e3;\"><strong>Bouche<\/strong><\/span><br \/>\n<span style=\"color: #e3e3e3;\">Complexit\u00e9 de fruits exotiques, coco confit<\/span><\/p>\n<p><span style=\"color: #e3e3e3;\"><strong>Finale<\/strong><\/span><br \/>\n<span style=\"color: #e3e3e3;\">Belle longueur, vieille noix et bois<\/span><\/p>\n<div class=\"fusion-clearfix\"><\/div><\/div><\/div><\/div><\/div><div class=\"fusion-clearfix\"><\/div><\/div><\/div>\n","protected":false},"excerpt":{"rendered":"","protected":false},"author":1,"featured_media":0,"parent":128,"menu_order":0,"comment_status":"closed","ping_status":"closed","template":"100-width.php","meta":{"footnotes":""},"yoast_head":"<!-- This site is optimized with the Yoast SEO plugin v22.7 - https:\/\/yoast.com\/wordpress\/plugins\/seo\/ -->\n<title>Rhums vieux et ambr\u00e9s Bielle - Rhum Emporium<\/title>\n<meta name=\"description\" content=\"S\u00e9lection de rhums vieux et ambr\u00e9s produits en Guadeloupe.\" \/>\n<meta name=\"robots\" content=\"index, follow, max-snippet:-1, max-image-preview:large, max-video-preview:-1\" \/>\n<link rel=\"canonical\" href=\"https:\/\/www.rhumemporium.com\/fr\/rhum-agricole-marie-galante-bielle\/rhums-vieux-et-ambres\/\" \/>\n<meta property=\"og:locale\" content=\"fr_FR\" \/>\n<meta property=\"og:type\" content=\"article\" \/>\n<meta property=\"og:title\" content=\"Rhums vieux et ambr\u00e9s Bielle - Rhum Emporium\" \/>\n<meta property=\"og:description\" content=\"S\u00e9lection de rhums vieux et ambr\u00e9s produits en Guadeloupe.\" \/>\n<meta property=\"og:url\" content=\"https:\/\/www.rhumemporium.com\/fr\/rhum-agricole-marie-galante-bielle\/rhums-vieux-et-ambres\/\" \/>\n<meta property=\"og:site_name\" content=\"Rhum Emporium\" \/>\n<meta property=\"article:modified_time\" content=\"2017-06-04T14:56:35+00:00\" \/>\n<meta property=\"og:image\" content=\"http:\/\/www.rhumemporium.com\/rum\/wp-content\/uploads\/2015\/09\/rhum_ambre_bielle.png\" \/>\n<meta name=\"twitter:card\" content=\"summary_large_image\" \/>\n<meta name=\"twitter:label1\" content=\"Est. reading time\" \/>\n\t<meta name=\"twitter:data1\" content=\"11 minutes\" \/>\n<script type=\"application\/ld+json\" class=\"yoast-schema-graph\">{\"@context\":\"https:\/\/schema.org\",\"@graph\":[{\"@type\":\"WebPage\",\"@id\":\"https:\/\/www.rhumemporium.com\/fr\/rhum-agricole-marie-galante-bielle\/rhums-vieux-et-ambres\/\",\"url\":\"https:\/\/www.rhumemporium.com\/fr\/rhum-agricole-marie-galante-bielle\/rhums-vieux-et-ambres\/\",\"name\":\"Rhums vieux et ambr\u00e9s Bielle - Rhum Emporium\",\"isPartOf\":{\"@id\":\"https:\/\/www.rhumemporium.com\/#website\"},\"primaryImageOfPage\":{\"@id\":\"https:\/\/www.rhumemporium.com\/fr\/rhum-agricole-marie-galante-bielle\/rhums-vieux-et-ambres\/#primaryimage\"},\"image\":{\"@id\":\"https:\/\/www.rhumemporium.com\/fr\/rhum-agricole-marie-galante-bielle\/rhums-vieux-et-ambres\/#primaryimage\"},\"thumbnailUrl\":\"http:\/\/www.rhumemporium.com\/rum\/wp-content\/uploads\/2015\/09\/rhum_ambre_bielle.png\",\"datePublished\":\"2015-09-23T15:17:52+00:00\",\"dateModified\":\"2017-06-04T14:56:35+00:00\",\"description\":\"S\u00e9lection de rhums vieux et ambr\u00e9s produits en Guadeloupe.\",\"breadcrumb\":{\"@id\":\"https:\/\/www.rhumemporium.com\/fr\/rhum-agricole-marie-galante-bielle\/rhums-vieux-et-ambres\/#breadcrumb\"},\"inLanguage\":\"fr-CH\",\"potentialAction\":[{\"@type\":\"ReadAction\",\"target\":[\"https:\/\/www.rhumemporium.com\/fr\/rhum-agricole-marie-galante-bielle\/rhums-vieux-et-ambres\/\"]}]},{\"@type\":\"ImageObject\",\"inLanguage\":\"fr-CH\",\"@id\":\"https:\/\/www.rhumemporium.com\/fr\/rhum-agricole-marie-galante-bielle\/rhums-vieux-et-ambres\/#primaryimage\",\"url\":\"http:\/\/www.rhumemporium.com\/rum\/wp-content\/uploads\/2015\/09\/rhum_ambre_bielle.png\",\"contentUrl\":\"http:\/\/www.rhumemporium.com\/rum\/wp-content\/uploads\/2015\/09\/rhum_ambre_bielle.png\"},{\"@type\":\"BreadcrumbList\",\"@id\":\"https:\/\/www.rhumemporium.com\/fr\/rhum-agricole-marie-galante-bielle\/rhums-vieux-et-ambres\/#breadcrumb\",\"itemListElement\":[{\"@type\":\"ListItem\",\"position\":1,\"name\":\"Home\",\"item\":\"https:\/\/www.rhumemporium.com\/fr\/\"},{\"@type\":\"ListItem\",\"position\":2,\"name\":\"Rhum agricole Marie-Galante Bielle &#8211; Rhum Emporium\",\"item\":\"https:\/\/www.rhumemporium.com\/fr\/rhum-agricole-marie-galante-bielle\/\"},{\"@type\":\"ListItem\",\"position\":3,\"name\":\"Rhums vieux et ambr\u00e9s Bielle &#8211; Rhum Emporium\"}]},{\"@type\":\"WebSite\",\"@id\":\"https:\/\/www.rhumemporium.com\/#website\",\"url\":\"https:\/\/www.rhumemporium.com\/\",\"name\":\"Rhum Emporium\",\"description\":\"Hi\",\"potentialAction\":[{\"@type\":\"SearchAction\",\"target\":{\"@type\":\"EntryPoint\",\"urlTemplate\":\"https:\/\/www.rhumemporium.com\/?s={search_term_string}\"},\"query-input\":\"required name=search_term_string\"}],\"inLanguage\":\"fr-CH\"}]}<\/script>\n<!-- \/ Yoast SEO plugin. -->","yoast_head_json":{"title":"Rhums vieux et ambr\u00e9s Bielle - Rhum Emporium","description":"S\u00e9lection de rhums vieux et ambr\u00e9s produits en Guadeloupe.","robots":{"index":"index","follow":"follow","max-snippet":"max-snippet:-1","max-image-preview":"max-image-preview:large","max-video-preview":"max-video-preview:-1"},"canonical":"https:\/\/www.rhumemporium.com\/fr\/rhum-agricole-marie-galante-bielle\/rhums-vieux-et-ambres\/","og_locale":"fr_FR","og_type":"article","og_title":"Rhums vieux et ambr\u00e9s Bielle - Rhum Emporium","og_description":"S\u00e9lection de rhums vieux et ambr\u00e9s produits en Guadeloupe.","og_url":"https:\/\/www.rhumemporium.com\/fr\/rhum-agricole-marie-galante-bielle\/rhums-vieux-et-ambres\/","og_site_name":"Rhum Emporium","article_modified_time":"2017-06-04T14:56:35+00:00","og_image":[{"url":"http:\/\/www.rhumemporium.com\/rum\/wp-content\/uploads\/2015\/09\/rhum_ambre_bielle.png"}],"twitter_card":"summary_large_image","twitter_misc":{"Est. reading time":"11 minutes"},"schema":{"@context":"https:\/\/schema.org","@graph":[{"@type":"WebPage","@id":"https:\/\/www.rhumemporium.com\/fr\/rhum-agricole-marie-galante-bielle\/rhums-vieux-et-ambres\/","url":"https:\/\/www.rhumemporium.com\/fr\/rhum-agricole-marie-galante-bielle\/rhums-vieux-et-ambres\/","name":"Rhums vieux et ambr\u00e9s Bielle - Rhum Emporium","isPartOf":{"@id":"https:\/\/www.rhumemporium.com\/#website"},"primaryImageOfPage":{"@id":"https:\/\/www.rhumemporium.com\/fr\/rhum-agricole-marie-galante-bielle\/rhums-vieux-et-ambres\/#primaryimage"},"image":{"@id":"https:\/\/www.rhumemporium.com\/fr\/rhum-agricole-marie-galante-bielle\/rhums-vieux-et-ambres\/#primaryimage"},"thumbnailUrl":"http:\/\/www.rhumemporium.com\/rum\/wp-content\/uploads\/2015\/09\/rhum_ambre_bielle.png","datePublished":"2015-09-23T15:17:52+00:00","dateModified":"2017-06-04T14:56:35+00:00","description":"S\u00e9lection de rhums vieux et ambr\u00e9s produits en Guadeloupe.","breadcrumb":{"@id":"https:\/\/www.rhumemporium.com\/fr\/rhum-agricole-marie-galante-bielle\/rhums-vieux-et-ambres\/#breadcrumb"},"inLanguage":"fr-CH","potentialAction":[{"@type":"ReadAction","target":["https:\/\/www.rhumemporium.com\/fr\/rhum-agricole-marie-galante-bielle\/rhums-vieux-et-ambres\/"]}]},{"@type":"ImageObject","inLanguage":"fr-CH","@id":"https:\/\/www.rhumemporium.com\/fr\/rhum-agricole-marie-galante-bielle\/rhums-vieux-et-ambres\/#primaryimage","url":"http:\/\/www.rhumemporium.com\/rum\/wp-content\/uploads\/2015\/09\/rhum_ambre_bielle.png","contentUrl":"http:\/\/www.rhumemporium.com\/rum\/wp-content\/uploads\/2015\/09\/rhum_ambre_bielle.png"},{"@type":"BreadcrumbList","@id":"https:\/\/www.rhumemporium.com\/fr\/rhum-agricole-marie-galante-bielle\/rhums-vieux-et-ambres\/#breadcrumb","itemListElement":[{"@type":"ListItem","position":1,"name":"Home","item":"https:\/\/www.rhumemporium.com\/fr\/"},{"@type":"ListItem","position":2,"name":"Rhum agricole Marie-Galante Bielle &#8211; Rhum Emporium","item":"https:\/\/www.rhumemporium.com\/fr\/rhum-agricole-marie-galante-bielle\/"},{"@type":"ListItem","position":3,"name":"Rhums vieux et ambr\u00e9s Bielle &#8211; Rhum Emporium"}]},{"@type":"WebSite","@id":"https:\/\/www.rhumemporium.com\/#website","url":"https:\/\/www.rhumemporium.com\/","name":"Rhum Emporium","description":"Hi","potentialAction":[{"@type":"SearchAction","target":{"@type":"EntryPoint","urlTemplate":"https:\/\/www.rhumemporium.com\/?s={search_term_string}"},"query-input":"required name=search_term_string"}],"inLanguage":"fr-CH"}]}},"_links":{"self":[{"href":"https:\/\/www.rhumemporium.com\/fr\/wp-json\/wp\/v2\/pages\/217"}],"collection":[{"href":"https:\/\/www.rhumemporium.com\/fr\/wp-json\/wp\/v2\/pages"}],"about":[{"href":"https:\/\/www.rhumemporium.com\/fr\/wp-json\/wp\/v2\/types\/page"}],"author":[{"embeddable":true,"href":"https:\/\/www.rhumemporium.com\/fr\/wp-json\/wp\/v2\/users\/1"}],"replies":[{"embeddable":true,"href":"https:\/\/www.rhumemporium.com\/fr\/wp-json\/wp\/v2\/comments?post=217"}],"version-history":[{"count":35,"href":"https:\/\/www.rhumemporium.com\/fr\/wp-json\/wp\/v2\/pages\/217\/revisions"}],"predecessor-version":[{"id":922,"href":"https:\/\/www.rhumemporium.com\/fr\/wp-json\/wp\/v2\/pages\/217\/revisions\/922"}],"up":[{"embeddable":true,"href":"https:\/\/www.rhumemporium.com\/fr\/wp-json\/wp\/v2\/pages\/128"}],"wp:attachment":[{"href":"https:\/\/www.rhumemporium.com\/fr\/wp-json\/wp\/v2\/media?parent=217"}],"curies":[{"name":"wp","href":"https:\/\/api.w.org\/{rel}","templated":true}]}}