{"id":841,"date":"2015-10-11T17:52:34","date_gmt":"2015-10-11T17:52:34","guid":{"rendered":"http:\/\/www.rhumemporium.com\/de\/rhum-agricole-guadeloupe-bologne\/aged-rum-guadeloupe\/"},"modified":"2015-11-27T12:29:53","modified_gmt":"2015-11-27T12:29:53","slug":"rhum-vieux-guadeloupe","status":"publish","type":"page","link":"https:\/\/www.rhumemporium.com\/de\/rhum-agricole-guadeloupe-bologne\/rhum-vieux-guadeloupe\/","title":{"rendered":"Rhum Vieux &#8211; Bologne &#8211; Rhum Emporium"},"content":{"rendered":"<div class=\"fusion-fullwidth fullwidth-box fusion-fullwidth-1  fusion-parallax-none hundred-percent-fullwidth\" style=\"border-color:#3e3e3e;border-bottom-width: 0px;border-top-width: 0px;border-bottom-style: solid;border-top-style: solid;padding-bottom:0px;padding-top:20px;padding-left:0px;padding-right:0px;background-color:#040f28;\"><style type=\"text\/css\" scoped=\"scoped\">.fusion-fullwidth-1 {\n                            padding-left: 0px !important;\n                            padding-right: 0px !important;\n                        }<\/style><div class=\"fusion-row\"><div class=\"fusion-one-third one_third fusion-layout-column fusion-spacing-no\" style=\"margin-top:40px;margin-bottom:0px;\"><div class=\"fusion-column-wrapper\" style=\"padding:0px;\"><div class=\"fusion-column-table\"><div class=\"fusion-column-tablecell\"><div class=\"imageframe-align-center\"><span class=\"fusion-imageframe imageframe-none imageframe-1 hover-type-none\"> <img decoding=\"async\" src=\"http:\/\/www.rhumemporium.com\/rum\/wp-content\/uploads\/2015\/10\/bologne_rhum_vieux_500px.png\" alt=\"\" class=\"img-responsive\"\/><\/span><\/div><div class=\"fusion-clearfix\"><\/div><\/div><\/div><\/div><\/div><div class=\"fusion-one-third one_third fusion-layout-column fusion-spacing-no\" style=\"margin-top:0px;margin-bottom:0px;\"><div class=\"fusion-column-wrapper\" style=\"padding:40px;\"><h1>RHUM VIEUX 42\u00b0<\/h1>\n<h3><strong>SPECIAL RESERVE<\/strong><\/h3>\n<p><strong>Farbe<\/strong><br \/>\nAltgold oder mit Nuancen von Bernstein. Perfekte Klarheit, sehr sch\u00f6ne Leuchtkraft. Viskosit\u00e4t ist dank der Konzentration von Aromastoffen sehr pr\u00e4sent.<\/p>\n<p><span style=\"color: #e3e3e3;\"><strong>Nase<\/strong><\/span><br \/>\n<span style=\"color: #e3e3e3;\">Herrlich elegant, bet\u00f6rend und zart. Die erste Nase ist gepr\u00e4gt von einer Vanillenote. Der Geruch entwickelt sich dann zu Zitrusfr\u00fcchten (Blutorange), Zuckerrohr, Toffee, Kakao und Edelholz. Mit der Zeit sind Gew\u00fcrze (Zimt, Ingwer) und Safran zu riechen. Trockenfr\u00fcchte verleihen der sehr reichhaltigen Aromapalette einen besonderen Akzent. Ein Hauch von Jod fasziniert in seiner Ausgewogenheit und seiner Kr\u00e4ftigkeit, die alles \u00fcbertrifft, ohne es zu \u00fcbertreiben.<br \/>\nFruchtige Noten: Feige, Ananas, Mango und Trockenfr\u00fcchte: Walnuss, Haselnuss, Mandel. Blumige Noten: Orange, Zuckerrohr, Potpourri. Gew\u00fcrze: Ingwer, Vanille, Zimt, Safran. Noten von Toffee und Kakao.<\/span><\/p>\n<div class=\"fusion-clearfix\"><\/div><\/div><\/div><div class=\"fusion-one-third one_third fusion-layout-column fusion-column-last fusion-spacing-no\" style=\"margin-top:20px;margin-bottom:0px;\"><div class=\"fusion-column-wrapper\" style=\"padding:40px;\"><div class=\"fusion-column-table\"><div class=\"fusion-column-tablecell\"><p><span style=\"color: #e3e3e3;\"><strong>Gaumen<\/strong><\/span><br \/>\n<span style=\"color: #e3e3e3;\">Der Geschmack ist intensiv und ausgewogen mit sehr geschmeidigen Aromen. Die Aromapalette respektiert dem Stil von Bologne: Zuckerrohr und exotische Fr\u00fcchte in der Tiefe, mit einem Hauch von Meerbrise. K\u00f6stliche Bourbonvanille, aber auch Gew\u00fcrze (Sternanis, weisser Pfeffer) werden abgerundet von samtigen Tanninen, die die Struktur tragen. In der Mitte des Mundes erstreckt sich der Geschmack schrittweise zu Noten von reifen Bananen, Kakao und Vanille und dann zu einem w\u00fcrzigeren Spektrum (Lebkuchen, kandierter Ingwer, Zimt). Der Abgang ist lang, geschmeidig, ausgewogen, er wird s\u00fcss, wie Rum-Rosinen-Eis, auf eine Note von Lakritz folgen tierische Aromen und Lederaromen. Auf Eis entwickelt er \u00fcberraschend Aromen von kandierten tropischen Fr\u00fcchten. Nicht adstringierend, sein Nachhall ist bemerkenswert (mehrere Minuten). Sein bleibender Geruch hat leichte Noten von Gew\u00fcrzen und Pralinen. Er z\u00e4hlt ganz klar zu den edelsten Spirituosen.<\/span><\/p>\n<p><span style=\"color: #e3e3e3;\"><strong>Genussempfehlung<\/strong><\/span><br \/>\n<span style=\"color: #e3e3e3;\">Pur geniessen, mit oder ohne Eis. Vor der \u201eD\u00e9gustation\u201c einige Minuten im Glas atmen lassen.<\/span><\/p>\n<div class=\"fusion-clearfix\"><\/div><\/div><\/div><\/div><\/div><div class=\"fusion-clearfix\"><\/div><\/div><\/div><div class=\"fusion-fullwidth fullwidth-box fusion-fullwidth-2  fusion-parallax-none hundred-percent-fullwidth\" style=\"border-color:#3e3e3e;border-bottom-width: 0px;border-top-width: 0px;border-bottom-style: solid;border-top-style: solid;padding-bottom:0px;padding-top:20px;padding-left:0px;padding-right:0px;background-color:#040f28;\"><style type=\"text\/css\" scoped=\"scoped\">.fusion-fullwidth-2 {\n                            padding-left: 0px !important;\n                            padding-right: 0px !important;\n                        }<\/style><div class=\"fusion-row\"><div class=\"fusion-one-third one_third fusion-layout-column fusion-spacing-no\" style=\"margin-top:0px;margin-bottom:0px;\"><div class=\"fusion-column-wrapper\" style=\"padding:40px;\"><h2>ERH\u00c4LTLICH AB ANFANG DEZEMBER 2015<\/h2>\n<div class=\"fusion-clearfix\"><\/div><\/div><\/div><div class=\"fusion-one-third one_third fusion-layout-column fusion-spacing-no\" style=\"margin-top:40px;margin-bottom:0px;\"><div class=\"fusion-column-wrapper\" style=\"padding:0px;\"><div class=\"fusion-column-table\"><div class=\"fusion-column-tablecell\"><div class=\"imageframe-align-center\"><span class=\"fusion-imageframe imageframe-none imageframe-2 hover-type-none\"> <img decoding=\"async\" src=\"http:\/\/www.rhumemporium.com\/rum\/wp-content\/uploads\/2015\/10\/bologne_rhum_vieux_VO_500px.png\" alt=\"\" class=\"img-responsive\"\/><\/span><\/div><h2 style=\"text-align: center;\">RHUM\u00a0VIEUX VO<\/h2>\n<h3 style=\"text-align: center;\"><strong>IM EICHENFASS GEREIFT<\/strong><\/h3>\n<div class=\"fusion-clearfix\"><\/div><\/div><\/div><\/div><\/div><div class=\"fusion-one-third one_third fusion-layout-column fusion-column-last fusion-spacing-no\" style=\"margin-top:40px;margin-bottom:0px;\"><div class=\"fusion-column-wrapper\" style=\"padding:0px;\"><div class=\"fusion-column-table\"><div class=\"fusion-column-tablecell\"><div class=\"imageframe-align-center\"><span class=\"fusion-imageframe imageframe-none imageframe-3 hover-type-none\"> <img decoding=\"async\" src=\"http:\/\/www.rhumemporium.com\/rum\/wp-content\/uploads\/2015\/10\/bologne_rhum_vieux_VSOP_500px.png\" alt=\"\" class=\"img-responsive\"\/><\/span><\/div><h2 style=\"text-align: center;\">RHUM\u00a0VIEUX VSOP<\/h2>\n<h3 style=\"text-align: center;\"><strong>IM EICHENFASS GEREIFT<\/strong><\/h3>\n<div class=\"fusion-clearfix\"><\/div><\/div><\/div><\/div><\/div><div class=\"fusion-clearfix\"><\/div><\/div><\/div>\n","protected":false},"excerpt":{"rendered":"","protected":false},"author":1,"featured_media":0,"parent":790,"menu_order":0,"comment_status":"closed","ping_status":"closed","template":"100-width.php","meta":{"footnotes":""},"yoast_head":"<!-- This site is optimized with the Yoast SEO plugin v22.7 - https:\/\/yoast.com\/wordpress\/plugins\/seo\/ -->\n<title>Rhum Vieux - Bologne - Rhum Emporium<\/title>\n<meta name=\"description\" content=\"Rhum Vieux in Guadeloupe hergestellt.\" \/>\n<meta name=\"robots\" content=\"index, follow, max-snippet:-1, max-image-preview:large, max-video-preview:-1\" \/>\n<link rel=\"canonical\" href=\"https:\/\/www.rhumemporium.com\/de\/rhum-agricole-guadeloupe-bologne\/rhum-vieux-guadeloupe\/\" \/>\n<meta property=\"og:locale\" content=\"de_DE\" \/>\n<meta property=\"og:type\" content=\"article\" \/>\n<meta property=\"og:title\" content=\"Rhum Vieux - Bologne - Rhum Emporium\" \/>\n<meta property=\"og:description\" content=\"Rhum Vieux in Guadeloupe hergestellt.\" \/>\n<meta property=\"og:url\" content=\"https:\/\/www.rhumemporium.com\/de\/rhum-agricole-guadeloupe-bologne\/rhum-vieux-guadeloupe\/\" \/>\n<meta property=\"og:site_name\" content=\"Rhum Emporium\" \/>\n<meta property=\"article:modified_time\" content=\"2015-11-27T12:29:53+00:00\" \/>\n<meta property=\"og:image\" content=\"http:\/\/www.rhumemporium.com\/rum\/wp-content\/uploads\/2015\/10\/bologne_rhum_vieux_500px.png\" \/>\n<meta name=\"twitter:card\" content=\"summary_large_image\" \/>\n<meta name=\"twitter:label1\" content=\"Est. reading time\" \/>\n\t<meta name=\"twitter:data1\" content=\"5 minutes\" \/>\n<script type=\"application\/ld+json\" class=\"yoast-schema-graph\">{\"@context\":\"https:\/\/schema.org\",\"@graph\":[{\"@type\":\"WebPage\",\"@id\":\"https:\/\/www.rhumemporium.com\/de\/rhum-agricole-guadeloupe-bologne\/rhum-vieux-guadeloupe\/\",\"url\":\"https:\/\/www.rhumemporium.com\/de\/rhum-agricole-guadeloupe-bologne\/rhum-vieux-guadeloupe\/\",\"name\":\"Rhum Vieux - Bologne - Rhum Emporium\",\"isPartOf\":{\"@id\":\"https:\/\/www.rhumemporium.com\/#website\"},\"primaryImageOfPage\":{\"@id\":\"https:\/\/www.rhumemporium.com\/de\/rhum-agricole-guadeloupe-bologne\/rhum-vieux-guadeloupe\/#primaryimage\"},\"image\":{\"@id\":\"https:\/\/www.rhumemporium.com\/de\/rhum-agricole-guadeloupe-bologne\/rhum-vieux-guadeloupe\/#primaryimage\"},\"thumbnailUrl\":\"http:\/\/www.rhumemporium.com\/rum\/wp-content\/uploads\/2015\/10\/bologne_rhum_vieux_500px.png\",\"datePublished\":\"2015-10-11T17:52:34+00:00\",\"dateModified\":\"2015-11-27T12:29:53+00:00\",\"description\":\"Rhum Vieux in Guadeloupe hergestellt.\",\"breadcrumb\":{\"@id\":\"https:\/\/www.rhumemporium.com\/de\/rhum-agricole-guadeloupe-bologne\/rhum-vieux-guadeloupe\/#breadcrumb\"},\"inLanguage\":\"de-CH\",\"potentialAction\":[{\"@type\":\"ReadAction\",\"target\":[\"https:\/\/www.rhumemporium.com\/de\/rhum-agricole-guadeloupe-bologne\/rhum-vieux-guadeloupe\/\"]}]},{\"@type\":\"ImageObject\",\"inLanguage\":\"de-CH\",\"@id\":\"https:\/\/www.rhumemporium.com\/de\/rhum-agricole-guadeloupe-bologne\/rhum-vieux-guadeloupe\/#primaryimage\",\"url\":\"http:\/\/www.rhumemporium.com\/rum\/wp-content\/uploads\/2015\/10\/bologne_rhum_vieux_500px.png\",\"contentUrl\":\"http:\/\/www.rhumemporium.com\/rum\/wp-content\/uploads\/2015\/10\/bologne_rhum_vieux_500px.png\"},{\"@type\":\"BreadcrumbList\",\"@id\":\"https:\/\/www.rhumemporium.com\/de\/rhum-agricole-guadeloupe-bologne\/rhum-vieux-guadeloupe\/#breadcrumb\",\"itemListElement\":[{\"@type\":\"ListItem\",\"position\":1,\"name\":\"Home\",\"item\":\"https:\/\/www.rhumemporium.com\/de\/\"},{\"@type\":\"ListItem\",\"position\":2,\"name\":\"Rhum Agricole Guadeloupe Bologne &#8211; Rhum Emporium\",\"item\":\"https:\/\/www.rhumemporium.com\/de\/rhum-agricole-guadeloupe-bologne\/\"},{\"@type\":\"ListItem\",\"position\":3,\"name\":\"Rhum Vieux &#8211; Bologne &#8211; Rhum Emporium\"}]},{\"@type\":\"WebSite\",\"@id\":\"https:\/\/www.rhumemporium.com\/#website\",\"url\":\"https:\/\/www.rhumemporium.com\/\",\"name\":\"Rhum Emporium\",\"description\":\"Hi\",\"potentialAction\":[{\"@type\":\"SearchAction\",\"target\":{\"@type\":\"EntryPoint\",\"urlTemplate\":\"https:\/\/www.rhumemporium.com\/?s={search_term_string}\"},\"query-input\":\"required name=search_term_string\"}],\"inLanguage\":\"de-CH\"}]}<\/script>\n<!-- \/ Yoast SEO plugin. -->","yoast_head_json":{"title":"Rhum Vieux - Bologne - Rhum Emporium","description":"Rhum Vieux in Guadeloupe hergestellt.","robots":{"index":"index","follow":"follow","max-snippet":"max-snippet:-1","max-image-preview":"max-image-preview:large","max-video-preview":"max-video-preview:-1"},"canonical":"https:\/\/www.rhumemporium.com\/de\/rhum-agricole-guadeloupe-bologne\/rhum-vieux-guadeloupe\/","og_locale":"de_DE","og_type":"article","og_title":"Rhum Vieux - Bologne - Rhum Emporium","og_description":"Rhum Vieux in Guadeloupe hergestellt.","og_url":"https:\/\/www.rhumemporium.com\/de\/rhum-agricole-guadeloupe-bologne\/rhum-vieux-guadeloupe\/","og_site_name":"Rhum Emporium","article_modified_time":"2015-11-27T12:29:53+00:00","og_image":[{"url":"http:\/\/www.rhumemporium.com\/rum\/wp-content\/uploads\/2015\/10\/bologne_rhum_vieux_500px.png"}],"twitter_card":"summary_large_image","twitter_misc":{"Est. reading time":"5 minutes"},"schema":{"@context":"https:\/\/schema.org","@graph":[{"@type":"WebPage","@id":"https:\/\/www.rhumemporium.com\/de\/rhum-agricole-guadeloupe-bologne\/rhum-vieux-guadeloupe\/","url":"https:\/\/www.rhumemporium.com\/de\/rhum-agricole-guadeloupe-bologne\/rhum-vieux-guadeloupe\/","name":"Rhum Vieux - Bologne - Rhum Emporium","isPartOf":{"@id":"https:\/\/www.rhumemporium.com\/#website"},"primaryImageOfPage":{"@id":"https:\/\/www.rhumemporium.com\/de\/rhum-agricole-guadeloupe-bologne\/rhum-vieux-guadeloupe\/#primaryimage"},"image":{"@id":"https:\/\/www.rhumemporium.com\/de\/rhum-agricole-guadeloupe-bologne\/rhum-vieux-guadeloupe\/#primaryimage"},"thumbnailUrl":"http:\/\/www.rhumemporium.com\/rum\/wp-content\/uploads\/2015\/10\/bologne_rhum_vieux_500px.png","datePublished":"2015-10-11T17:52:34+00:00","dateModified":"2015-11-27T12:29:53+00:00","description":"Rhum Vieux in Guadeloupe hergestellt.","breadcrumb":{"@id":"https:\/\/www.rhumemporium.com\/de\/rhum-agricole-guadeloupe-bologne\/rhum-vieux-guadeloupe\/#breadcrumb"},"inLanguage":"de-CH","potentialAction":[{"@type":"ReadAction","target":["https:\/\/www.rhumemporium.com\/de\/rhum-agricole-guadeloupe-bologne\/rhum-vieux-guadeloupe\/"]}]},{"@type":"ImageObject","inLanguage":"de-CH","@id":"https:\/\/www.rhumemporium.com\/de\/rhum-agricole-guadeloupe-bologne\/rhum-vieux-guadeloupe\/#primaryimage","url":"http:\/\/www.rhumemporium.com\/rum\/wp-content\/uploads\/2015\/10\/bologne_rhum_vieux_500px.png","contentUrl":"http:\/\/www.rhumemporium.com\/rum\/wp-content\/uploads\/2015\/10\/bologne_rhum_vieux_500px.png"},{"@type":"BreadcrumbList","@id":"https:\/\/www.rhumemporium.com\/de\/rhum-agricole-guadeloupe-bologne\/rhum-vieux-guadeloupe\/#breadcrumb","itemListElement":[{"@type":"ListItem","position":1,"name":"Home","item":"https:\/\/www.rhumemporium.com\/de\/"},{"@type":"ListItem","position":2,"name":"Rhum Agricole Guadeloupe Bologne &#8211; Rhum Emporium","item":"https:\/\/www.rhumemporium.com\/de\/rhum-agricole-guadeloupe-bologne\/"},{"@type":"ListItem","position":3,"name":"Rhum Vieux &#8211; Bologne &#8211; Rhum Emporium"}]},{"@type":"WebSite","@id":"https:\/\/www.rhumemporium.com\/#website","url":"https:\/\/www.rhumemporium.com\/","name":"Rhum Emporium","description":"Hi","potentialAction":[{"@type":"SearchAction","target":{"@type":"EntryPoint","urlTemplate":"https:\/\/www.rhumemporium.com\/?s={search_term_string}"},"query-input":"required name=search_term_string"}],"inLanguage":"de-CH"}]}},"_links":{"self":[{"href":"https:\/\/www.rhumemporium.com\/de\/wp-json\/wp\/v2\/pages\/841"}],"collection":[{"href":"https:\/\/www.rhumemporium.com\/de\/wp-json\/wp\/v2\/pages"}],"about":[{"href":"https:\/\/www.rhumemporium.com\/de\/wp-json\/wp\/v2\/types\/page"}],"author":[{"embeddable":true,"href":"https:\/\/www.rhumemporium.com\/de\/wp-json\/wp\/v2\/users\/1"}],"replies":[{"embeddable":true,"href":"https:\/\/www.rhumemporium.com\/de\/wp-json\/wp\/v2\/comments?post=841"}],"version-history":[{"count":3,"href":"https:\/\/www.rhumemporium.com\/de\/wp-json\/wp\/v2\/pages\/841\/revisions"}],"predecessor-version":[{"id":857,"href":"https:\/\/www.rhumemporium.com\/de\/wp-json\/wp\/v2\/pages\/841\/revisions\/857"}],"up":[{"embeddable":true,"href":"https:\/\/www.rhumemporium.com\/de\/wp-json\/wp\/v2\/pages\/790"}],"wp:attachment":[{"href":"https:\/\/www.rhumemporium.com\/de\/wp-json\/wp\/v2\/media?parent=841"}],"curies":[{"name":"wp","href":"https:\/\/api.w.org\/{rel}","templated":true}]}}