{"id":836,"date":"2015-10-11T16:35:47","date_gmt":"2015-10-11T16:35:47","guid":{"rendered":"http:\/\/www.rhumemporium.com\/de\/rhum-agricole-guadeloupe-bologne\/white-rums-bologne\/"},"modified":"2015-11-27T12:33:52","modified_gmt":"2015-11-27T12:33:52","slug":"weisser-rum-bologne","status":"publish","type":"page","link":"https:\/\/www.rhumemporium.com\/de\/rhum-agricole-guadeloupe-bologne\/weisser-rum-bologne\/","title":{"rendered":"Weisser Rum &#8211; Bologne &#8211; Rhum Emporium"},"content":{"rendered":"<div class=\"fusion-fullwidth fullwidth-box fusion-fullwidth-1  fusion-parallax-none hundred-percent-fullwidth\" style=\"border-color:#3e3e3e;border-bottom-width: 0px;border-top-width: 0px;border-bottom-style: solid;border-top-style: solid;padding-bottom:0px;padding-top:20px;padding-left:0px;padding-right:0px;background-color:#040f28;\"><style type=\"text\/css\" scoped=\"scoped\">.fusion-fullwidth-1 {\n                            padding-left: 0px !important;\n                            padding-right: 0px !important;\n                        }<\/style><div class=\"fusion-row\"><div class=\"fusion-one-third one_third fusion-layout-column fusion-spacing-no\" style=\"margin-top:40px;margin-bottom:0px;\"><div class=\"fusion-column-wrapper\" style=\"padding:0px;\"><div class=\"fusion-column-table\"><div class=\"fusion-column-tablecell\"><div class=\"imageframe-align-center\"><span class=\"fusion-imageframe imageframe-none imageframe-1 hover-type-none\"> <img decoding=\"async\" src=\"http:\/\/www.rhumemporium.com\/rum\/wp-content\/uploads\/2015\/10\/bologne_rhum_blanc_50pct_500px.png\" alt=\"\" class=\"img-responsive\"\/><\/span><\/div><div class=\"fusion-clearfix\"><\/div><\/div><\/div><\/div><\/div><div class=\"fusion-one-third one_third fusion-layout-column fusion-spacing-no\" style=\"margin-top:0px;margin-bottom:0px;\"><div class=\"fusion-column-wrapper\" style=\"padding:40px;\"><h1>WEISSER RHUM AGRICOLE 50\u00b0<\/h1>\n<h3><strong>HERKUNFTSBEZEICHNUNG GUADELOUPE<\/strong><\/h3>\n<p><strong>Farbe<\/strong><br \/>\nKlarheit: kristallin. Viskosit\u00e4t: sehr rein, dank der F\u00fclle an hocharomatischen Elementen.<\/p>\n<p><span style=\"color: #e3e3e3;\"><strong>Nase<\/strong><\/span><br \/>\n<span style=\"color: #e3e3e3;\">Tief und sehr aromatisch, \u00e4usserst exotisch. Zarte und raffinierte Aromen mit folgenden Hauptnoten: Fruchtig nach Ananas, Litchi, Zitrusfr\u00fcchte, frisches Zuckerrohr, saurer Apfel. Blumig: rote Rose und weisse Blumen. Gew\u00fcrze: Zimt, Muskatnuss.<br \/>\nEin Hauch von Meer <\/span><\/p>\n<div class=\"fusion-clearfix\"><\/div><\/div><\/div><div class=\"fusion-one-third one_third fusion-layout-column fusion-column-last fusion-spacing-no\" style=\"margin-top:20px;margin-bottom:0px;\"><div class=\"fusion-column-wrapper\" style=\"padding:40px;\"><div class=\"fusion-column-table\"><div class=\"fusion-column-tablecell\"><p><span style=\"color: #e3e3e3;\"><strong>Gaumen<\/strong><\/span><br \/>\n<span style=\"color: #e3e3e3;\">Verf\u00fchrerisch, vielschichtig, genussvoll. Ebenso konzentriert und dicht wie die Nase. Zitrusfr\u00fcchte sind sehr pr\u00e4sent und begleiten uns bis zum Ende der Aromapalette. Der Geschmack dehnt sich durch Nuancen von Zuckerrohr und Rohrzucker, exotischer Fr\u00fcchte (Ananas, Kiwi, Passionsfrucht) und entwickelt sich dann zu Ingwer und Weisser Minze. Ein leicht salziger Anklang begleitet den Nachhall, der lang und fein ist\u2026 Langer Abgang.<\/span><\/p>\n<p><span style=\"color: #e3e3e3;\"><strong>Genussempfehlung<\/strong><\/span><br \/>\n<span style=\"color: #e3e3e3;\">Im Zitronen-\u201eTi Punch\u201c oder frischen Fr\u00fcchtepunsch, mit oder ohne Eis.<\/span><\/p>\n<div class=\"fusion-clearfix\"><\/div><\/div><\/div><\/div><\/div><div class=\"fusion-clearfix\"><\/div><\/div><\/div><div class=\"fusion-fullwidth fullwidth-box fusion-fullwidth-2  fusion-parallax-none hundred-percent-fullwidth\" style=\"border-color:#3e3e3e;border-bottom-width: 0px;border-top-width: 0px;border-bottom-style: solid;border-top-style: solid;padding-bottom:0px;padding-top:20px;padding-left:0px;padding-right:0px;background-color:#040f28;\"><style type=\"text\/css\" scoped=\"scoped\">.fusion-fullwidth-2 {\n                            padding-left: 0px !important;\n                            padding-right: 0px !important;\n                        }<\/style><div class=\"fusion-row\"><div class=\"fusion-one-third one_third fusion-layout-column fusion-spacing-no\" style=\"margin-top:40px;margin-bottom:0px;\"><div class=\"fusion-column-wrapper\" style=\"padding:0px;\"><div class=\"fusion-column-table\"><div class=\"fusion-column-tablecell\"><div class=\"imageframe-align-center\"><span class=\"fusion-imageframe imageframe-none imageframe-2 hover-type-none\"> <img decoding=\"async\" src=\"http:\/\/www.rhumemporium.com\/rum\/wp-content\/uploads\/2015\/10\/bologne_rhum_blanc_55pct_500px.png\" alt=\"\" class=\"img-responsive\"\/><\/span><\/div><div class=\"fusion-clearfix\"><\/div><\/div><\/div><\/div><\/div><div class=\"fusion-one-third one_third fusion-layout-column fusion-spacing-no\" style=\"margin-top:0px;margin-bottom:0px;\"><div class=\"fusion-column-wrapper\" style=\"padding:40px;\"><h2>WEISSER RHUM AGRICOLE 55\u00b0<\/h2>\n<h3><strong>HERKUNFTSBEZEICHNUNG GUADELOUPE<\/strong><\/h3>\n<p><strong>Farbe<\/strong><br \/>\nKlarheit: leuchtende Brillanz und sch\u00f6ne Klarheit. Sehr rein, dank der F\u00fclle an hocharomatischen Elementen.<\/p>\n<p><span style=\"color: #e3e3e3;\"><strong>Nase<\/strong><\/span><br \/>\n<span style=\"color: #e3e3e3;\">Kr\u00e4ftig und reichhaltig, grosse Vielschichtigkeit der Aromen. Starke und raffinierte Aromen mit folgenden Hauptnoten: Fruchtig: Litschi. Limone, Orange, frisches Zuckerrohr, saurer Apfel. Blumig: rote Rose und weisse Blumen. Gew\u00fcrze: schwarzer Pfeffer.<br \/>\nEin Hauch von Meer<\/span><\/p>\n<div class=\"fusion-clearfix\"><\/div><\/div><\/div><div class=\"fusion-one-third one_third fusion-layout-column fusion-column-last fusion-spacing-no\" style=\"margin-top:20px;margin-bottom:0px;\"><div class=\"fusion-column-wrapper\" style=\"padding:40px;\"><div class=\"fusion-column-table\"><div class=\"fusion-column-tablecell\"><p><span style=\"color: #e3e3e3;\"><strong>Gaumen<\/strong><\/span><br \/>\n<span style=\"color: #e3e3e3;\">Kr\u00e4ftig, vielschichtig, genussvoll. \u00dcberschw\u00e4nglich, schmeichelnd, sehr konzentriert. Zitrusfr\u00fcchte sind sehr pr\u00e4sent und begleiten uns bis zum Ende der Aromapalette. Der Geschmack wird immer l\u00e4nger und rassiger. Er dehnt sich auf Noten von Zuckerrohr und Rohrzucker, tropischen Blumen und exotischen Fr\u00fcchte (Ananas, Litschi, Passionsfrucht) aus, die den \u00fcppigen Charakter der ersten Nase hervorheben. In der Mitte des Mundes entwickeln sich Noten von Ingwer und Eukalyptus. Ein leicht salziger Anklang begleitet den Nachhall, der lang und raffiniert ist. Langer Abgang.<\/span><\/p>\n<p><span style=\"color: #e3e3e3;\"><strong>Genussempfehlung<\/strong><\/span><br \/>\n<span style=\"color: #e3e3e3;\">Trocken, im Zitronen-\u201eTi Punch\u201c oder frischen Fr\u00fcchtepunsch, mit oder ohne Eis.<\/span><\/p>\n<div class=\"fusion-clearfix\"><\/div><\/div><\/div><\/div><\/div><div class=\"fusion-clearfix\"><\/div><\/div><\/div><div class=\"fusion-fullwidth fullwidth-box fusion-fullwidth-3  fusion-parallax-none hundred-percent-fullwidth\" style=\"border-color:#3e3e3e;border-bottom-width: 0px;border-top-width: 0px;border-bottom-style: solid;border-top-style: solid;padding-bottom:0px;padding-top:20px;padding-left:0px;padding-right:0px;background-color:#040f28;\"><style type=\"text\/css\" scoped=\"scoped\">.fusion-fullwidth-3 {\n                            padding-left: 0px !important;\n                            padding-right: 0px !important;\n                        }<\/style><div class=\"fusion-row\"><div class=\"fusion-one-third one_third fusion-layout-column fusion-spacing-no\" style=\"margin-top:40px;margin-bottom:0px;\"><div class=\"fusion-column-wrapper\" style=\"padding:0px;\"><div class=\"fusion-column-table\"><div class=\"fusion-column-tablecell\"><div class=\"imageframe-align-center\"><span class=\"fusion-imageframe imageframe-none imageframe-3 hover-type-none\"> <img decoding=\"async\" src=\"http:\/\/www.rhumemporium.com\/rum\/wp-content\/uploads\/2015\/10\/bologne_rhum_blanc_black_cane_500px.png\" alt=\"\" class=\"img-responsive\"\/><\/span><\/div><div class=\"fusion-clearfix\"><\/div><\/div><\/div><\/div><\/div><div class=\"fusion-one-third one_third fusion-layout-column fusion-spacing-no\" style=\"margin-top:0px;margin-bottom:0px;\"><div class=\"fusion-column-wrapper\" style=\"padding:40px;\"><h2>WEISSER RUM \u201eBLACK CANE\u201c 50\u00b0 LIMITIERTE AUFLAGE<\/h2>\n<h3><strong>HERKUNFTSBEZEICHNUNG GUADELOUPE<\/strong><\/h3>\n<p><strong>Farbe<\/strong><br \/>\nReine Leuchtkraft. Kristalline Klarheit. Samtig dank der F\u00fclle an hocharomatischen Elementen, sehr pr\u00e4sent.<\/p>\n<p><span style=\"color: #e3e3e3;\"><strong>Nase<\/strong><\/span><br \/>\n<span style=\"color: #e3e3e3;\">Weich, hohe aromatische Vielschichtigkeit, sehr harmonisch. Besonders reichhaltig, er braucht Luft, um seinen Charakter komplett zu entfalten. Die erste Nase zeigt sich rauchig und exotisch (Zuckerrohr, Mango, Maracuja). Unterst\u00fctzt wird sie dann von der S\u00e4ure der Zitrusfr\u00fcchte (Limone, Orangen). Eine angenehme Salzigkeit verleiht der Aromapalette einen besonderen Akzent. Fruchtnoten: Mango, Litchi, Passionsfrucht, frisches Zuckerrohr. Leichte Blumennoten: Lilie, Weissdorn, Akazie, Bl\u00fctenhonig. Diskrete Gew\u00fcrznoten: gr\u00fcner Pfeffer, Minze und Lakritz.<br \/>\nEin Hauch von Meer.<\/span><\/p>\n<div class=\"fusion-clearfix\"><\/div><\/div><\/div><div class=\"fusion-one-third one_third fusion-layout-column fusion-column-last fusion-spacing-no\" style=\"margin-top:20px;margin-bottom:0px;\"><div class=\"fusion-column-wrapper\" style=\"padding:40px;\"><div class=\"fusion-column-table\"><div class=\"fusion-column-tablecell\"><p><span style=\"color: #e3e3e3;\"><strong>Gaumen<\/strong><\/span><br \/>\n<span style=\"color: #e3e3e3;\">Weich, ausgewogen. Die in der Nase wahrgenommenen Aromen verst\u00e4rken sich: frisches Zuckerrohr mit aussergew\u00f6hnlicher Pers\u00f6nlichkeit wird zu seiner Essenz. In der Mitte des Mundes ist er konzentriert, \u00fcppig und \u00fcberschw\u00e4nglich und voller k\u00f6stlicher Fr\u00fcchte: Banane, Ananas, Mango, Birne, Zitrusfr\u00fcchte bleiben sehr pr\u00e4sent. Der Abgang ist lang und leicht w\u00fcrzig (Ingwer) und \u00fcberrascht bis zum Abschluss mit seiner Authentizit\u00e4t und Tiefe. Aussergew\u00f6hnlicher Nachhall. Der bleibende Duft ist blumig, eindrucksvoll fein und lang.<br \/>\n<\/span><\/p>\n<p><span style=\"color: #e3e3e3;\"><strong>Genussempfehlung<\/strong><\/span><br \/>\n<span style=\"color: #e3e3e3;\">Trocken, im Zitronen-\u201eTi Punch\u201c oder frischen Fr\u00fcchtepunsch, mit oder ohne Eis.<\/span><\/p>\n<div class=\"fusion-clearfix\"><\/div><\/div><\/div><\/div><\/div><div class=\"fusion-clearfix\"><\/div><\/div><\/div>\n","protected":false},"excerpt":{"rendered":"","protected":false},"author":1,"featured_media":0,"parent":790,"menu_order":0,"comment_status":"closed","ping_status":"closed","template":"100-width.php","meta":{"footnotes":""},"yoast_head":"<!-- This site is optimized with the Yoast SEO plugin v22.7 - https:\/\/yoast.com\/wordpress\/plugins\/seo\/ -->\n<title>Weisser Rum - Bologne - Rhum Emporium<\/title>\n<meta name=\"description\" content=\"Weisser Rum in Guadeloupe hergestellt.\" \/>\n<meta name=\"robots\" content=\"index, follow, max-snippet:-1, max-image-preview:large, max-video-preview:-1\" \/>\n<link rel=\"canonical\" href=\"https:\/\/www.rhumemporium.com\/de\/rhum-agricole-guadeloupe-bologne\/weisser-rum-bologne\/\" \/>\n<meta property=\"og:locale\" content=\"de_DE\" \/>\n<meta property=\"og:type\" content=\"article\" \/>\n<meta property=\"og:title\" content=\"Weisser Rum - Bologne - Rhum Emporium\" \/>\n<meta property=\"og:description\" content=\"Weisser Rum in Guadeloupe hergestellt.\" \/>\n<meta property=\"og:url\" content=\"https:\/\/www.rhumemporium.com\/de\/rhum-agricole-guadeloupe-bologne\/weisser-rum-bologne\/\" \/>\n<meta property=\"og:site_name\" content=\"Rhum Emporium\" \/>\n<meta property=\"article:modified_time\" content=\"2015-11-27T12:33:52+00:00\" \/>\n<meta property=\"og:image\" content=\"http:\/\/www.rhumemporium.com\/rum\/wp-content\/uploads\/2015\/10\/bologne_rhum_blanc_50pct_500px.png\" \/>\n<meta name=\"twitter:card\" content=\"summary_large_image\" \/>\n<meta name=\"twitter:label1\" content=\"Est. reading time\" \/>\n\t<meta name=\"twitter:data1\" content=\"7 minutes\" \/>\n<script type=\"application\/ld+json\" class=\"yoast-schema-graph\">{\"@context\":\"https:\/\/schema.org\",\"@graph\":[{\"@type\":\"WebPage\",\"@id\":\"https:\/\/www.rhumemporium.com\/de\/rhum-agricole-guadeloupe-bologne\/weisser-rum-bologne\/\",\"url\":\"https:\/\/www.rhumemporium.com\/de\/rhum-agricole-guadeloupe-bologne\/weisser-rum-bologne\/\",\"name\":\"Weisser Rum - Bologne - Rhum Emporium\",\"isPartOf\":{\"@id\":\"https:\/\/www.rhumemporium.com\/#website\"},\"primaryImageOfPage\":{\"@id\":\"https:\/\/www.rhumemporium.com\/de\/rhum-agricole-guadeloupe-bologne\/weisser-rum-bologne\/#primaryimage\"},\"image\":{\"@id\":\"https:\/\/www.rhumemporium.com\/de\/rhum-agricole-guadeloupe-bologne\/weisser-rum-bologne\/#primaryimage\"},\"thumbnailUrl\":\"http:\/\/www.rhumemporium.com\/rum\/wp-content\/uploads\/2015\/10\/bologne_rhum_blanc_50pct_500px.png\",\"datePublished\":\"2015-10-11T16:35:47+00:00\",\"dateModified\":\"2015-11-27T12:33:52+00:00\",\"description\":\"Weisser Rum in Guadeloupe hergestellt.\",\"breadcrumb\":{\"@id\":\"https:\/\/www.rhumemporium.com\/de\/rhum-agricole-guadeloupe-bologne\/weisser-rum-bologne\/#breadcrumb\"},\"inLanguage\":\"de-CH\",\"potentialAction\":[{\"@type\":\"ReadAction\",\"target\":[\"https:\/\/www.rhumemporium.com\/de\/rhum-agricole-guadeloupe-bologne\/weisser-rum-bologne\/\"]}]},{\"@type\":\"ImageObject\",\"inLanguage\":\"de-CH\",\"@id\":\"https:\/\/www.rhumemporium.com\/de\/rhum-agricole-guadeloupe-bologne\/weisser-rum-bologne\/#primaryimage\",\"url\":\"http:\/\/www.rhumemporium.com\/rum\/wp-content\/uploads\/2015\/10\/bologne_rhum_blanc_50pct_500px.png\",\"contentUrl\":\"http:\/\/www.rhumemporium.com\/rum\/wp-content\/uploads\/2015\/10\/bologne_rhum_blanc_50pct_500px.png\"},{\"@type\":\"BreadcrumbList\",\"@id\":\"https:\/\/www.rhumemporium.com\/de\/rhum-agricole-guadeloupe-bologne\/weisser-rum-bologne\/#breadcrumb\",\"itemListElement\":[{\"@type\":\"ListItem\",\"position\":1,\"name\":\"Home\",\"item\":\"https:\/\/www.rhumemporium.com\/de\/\"},{\"@type\":\"ListItem\",\"position\":2,\"name\":\"Rhum Agricole Guadeloupe Bologne &#8211; Rhum Emporium\",\"item\":\"https:\/\/www.rhumemporium.com\/de\/rhum-agricole-guadeloupe-bologne\/\"},{\"@type\":\"ListItem\",\"position\":3,\"name\":\"Weisser Rum &#8211; Bologne &#8211; Rhum Emporium\"}]},{\"@type\":\"WebSite\",\"@id\":\"https:\/\/www.rhumemporium.com\/#website\",\"url\":\"https:\/\/www.rhumemporium.com\/\",\"name\":\"Rhum Emporium\",\"description\":\"Hi\",\"potentialAction\":[{\"@type\":\"SearchAction\",\"target\":{\"@type\":\"EntryPoint\",\"urlTemplate\":\"https:\/\/www.rhumemporium.com\/?s={search_term_string}\"},\"query-input\":\"required name=search_term_string\"}],\"inLanguage\":\"de-CH\"}]}<\/script>\n<!-- \/ Yoast SEO plugin. -->","yoast_head_json":{"title":"Weisser Rum - Bologne - Rhum Emporium","description":"Weisser Rum in Guadeloupe hergestellt.","robots":{"index":"index","follow":"follow","max-snippet":"max-snippet:-1","max-image-preview":"max-image-preview:large","max-video-preview":"max-video-preview:-1"},"canonical":"https:\/\/www.rhumemporium.com\/de\/rhum-agricole-guadeloupe-bologne\/weisser-rum-bologne\/","og_locale":"de_DE","og_type":"article","og_title":"Weisser Rum - Bologne - Rhum Emporium","og_description":"Weisser Rum in Guadeloupe hergestellt.","og_url":"https:\/\/www.rhumemporium.com\/de\/rhum-agricole-guadeloupe-bologne\/weisser-rum-bologne\/","og_site_name":"Rhum Emporium","article_modified_time":"2015-11-27T12:33:52+00:00","og_image":[{"url":"http:\/\/www.rhumemporium.com\/rum\/wp-content\/uploads\/2015\/10\/bologne_rhum_blanc_50pct_500px.png"}],"twitter_card":"summary_large_image","twitter_misc":{"Est. reading time":"7 minutes"},"schema":{"@context":"https:\/\/schema.org","@graph":[{"@type":"WebPage","@id":"https:\/\/www.rhumemporium.com\/de\/rhum-agricole-guadeloupe-bologne\/weisser-rum-bologne\/","url":"https:\/\/www.rhumemporium.com\/de\/rhum-agricole-guadeloupe-bologne\/weisser-rum-bologne\/","name":"Weisser Rum - Bologne - Rhum Emporium","isPartOf":{"@id":"https:\/\/www.rhumemporium.com\/#website"},"primaryImageOfPage":{"@id":"https:\/\/www.rhumemporium.com\/de\/rhum-agricole-guadeloupe-bologne\/weisser-rum-bologne\/#primaryimage"},"image":{"@id":"https:\/\/www.rhumemporium.com\/de\/rhum-agricole-guadeloupe-bologne\/weisser-rum-bologne\/#primaryimage"},"thumbnailUrl":"http:\/\/www.rhumemporium.com\/rum\/wp-content\/uploads\/2015\/10\/bologne_rhum_blanc_50pct_500px.png","datePublished":"2015-10-11T16:35:47+00:00","dateModified":"2015-11-27T12:33:52+00:00","description":"Weisser Rum in Guadeloupe hergestellt.","breadcrumb":{"@id":"https:\/\/www.rhumemporium.com\/de\/rhum-agricole-guadeloupe-bologne\/weisser-rum-bologne\/#breadcrumb"},"inLanguage":"de-CH","potentialAction":[{"@type":"ReadAction","target":["https:\/\/www.rhumemporium.com\/de\/rhum-agricole-guadeloupe-bologne\/weisser-rum-bologne\/"]}]},{"@type":"ImageObject","inLanguage":"de-CH","@id":"https:\/\/www.rhumemporium.com\/de\/rhum-agricole-guadeloupe-bologne\/weisser-rum-bologne\/#primaryimage","url":"http:\/\/www.rhumemporium.com\/rum\/wp-content\/uploads\/2015\/10\/bologne_rhum_blanc_50pct_500px.png","contentUrl":"http:\/\/www.rhumemporium.com\/rum\/wp-content\/uploads\/2015\/10\/bologne_rhum_blanc_50pct_500px.png"},{"@type":"BreadcrumbList","@id":"https:\/\/www.rhumemporium.com\/de\/rhum-agricole-guadeloupe-bologne\/weisser-rum-bologne\/#breadcrumb","itemListElement":[{"@type":"ListItem","position":1,"name":"Home","item":"https:\/\/www.rhumemporium.com\/de\/"},{"@type":"ListItem","position":2,"name":"Rhum Agricole Guadeloupe Bologne &#8211; Rhum Emporium","item":"https:\/\/www.rhumemporium.com\/de\/rhum-agricole-guadeloupe-bologne\/"},{"@type":"ListItem","position":3,"name":"Weisser Rum &#8211; Bologne &#8211; Rhum Emporium"}]},{"@type":"WebSite","@id":"https:\/\/www.rhumemporium.com\/#website","url":"https:\/\/www.rhumemporium.com\/","name":"Rhum Emporium","description":"Hi","potentialAction":[{"@type":"SearchAction","target":{"@type":"EntryPoint","urlTemplate":"https:\/\/www.rhumemporium.com\/?s={search_term_string}"},"query-input":"required name=search_term_string"}],"inLanguage":"de-CH"}]}},"_links":{"self":[{"href":"https:\/\/www.rhumemporium.com\/de\/wp-json\/wp\/v2\/pages\/836"}],"collection":[{"href":"https:\/\/www.rhumemporium.com\/de\/wp-json\/wp\/v2\/pages"}],"about":[{"href":"https:\/\/www.rhumemporium.com\/de\/wp-json\/wp\/v2\/types\/page"}],"author":[{"embeddable":true,"href":"https:\/\/www.rhumemporium.com\/de\/wp-json\/wp\/v2\/users\/1"}],"replies":[{"embeddable":true,"href":"https:\/\/www.rhumemporium.com\/de\/wp-json\/wp\/v2\/comments?post=836"}],"version-history":[{"count":4,"href":"https:\/\/www.rhumemporium.com\/de\/wp-json\/wp\/v2\/pages\/836\/revisions"}],"predecessor-version":[{"id":861,"href":"https:\/\/www.rhumemporium.com\/de\/wp-json\/wp\/v2\/pages\/836\/revisions\/861"}],"up":[{"embeddable":true,"href":"https:\/\/www.rhumemporium.com\/de\/wp-json\/wp\/v2\/pages\/790"}],"wp:attachment":[{"href":"https:\/\/www.rhumemporium.com\/de\/wp-json\/wp\/v2\/media?parent=836"}],"curies":[{"name":"wp","href":"https:\/\/api.w.org\/{rel}","templated":true}]}}