{"id":831,"date":"2015-09-23T15:18:27","date_gmt":"2015-09-23T15:18:27","guid":{"rendered":"http:\/\/www.rhumemporium.com\/de\/rhum-agricole-marie-galante-bielle\/rum-liqueur-bielle\/"},"modified":"2015-11-27T12:54:50","modified_gmt":"2015-11-27T12:54:50","slug":"rum-likoer-bielle","status":"publish","type":"page","link":"https:\/\/www.rhumemporium.com\/de\/rhum-agricole-marie-galante-bielle\/rum-likoer-bielle\/","title":{"rendered":"Rum Lik\u00f6r &#8211; Bielle &#8211; Rhum Emporium"},"content":{"rendered":"<div class=\"fusion-fullwidth fullwidth-box fusion-fullwidth-1  fusion-parallax-none hundred-percent-fullwidth\" style=\"border-color:#3e3e3e;border-bottom-width: 0px;border-top-width: 0px;border-bottom-style: solid;border-top-style: solid;padding-bottom:0px;padding-top:20px;padding-left:0px;padding-right:0px;background-color:#040f28;\"><style type=\"text\/css\" scoped=\"scoped\">.fusion-fullwidth-1 {\n                            padding-left: 0px !important;\n                            padding-right: 0px !important;\n                        }<\/style><div class=\"fusion-row\"><div class=\"fusion-one-third one_third fusion-layout-column fusion-spacing-no\" style=\"margin-top:40px;margin-bottom:0px;\"><div class=\"fusion-column-wrapper\" style=\"padding:0px;\"><div class=\"fusion-column-table\"><div class=\"fusion-column-tablecell\"><div class=\"imageframe-align-center\"><span class=\"fusion-imageframe imageframe-none imageframe-1 hover-type-none\"> <img decoding=\"async\" src=\"http:\/\/www.rhumemporium.com\/rum\/wp-content\/uploads\/2015\/09\/liqueur_Shrubb_514.png\" alt=\"\" class=\"img-responsive\"\/><\/span><\/div><div class=\"fusion-clearfix\"><\/div><\/div><\/div><\/div><\/div><div class=\"fusion-one-third one_third fusion-layout-column fusion-spacing-no\" style=\"margin-top:0px;margin-bottom:0px;\"><div class=\"fusion-column-wrapper\" style=\"padding:40px;\"><h1>SHRUBB-LIK\u00d6R 40\u00b0<\/h1>\n<h3><strong>DER TRADITIONELLE LIK\u00d6R<\/strong><\/h3>\n<p>Dieser Lik\u00f6r wird nach traditionellem Rezept von den Antillen hergestellt. Es ist der Weihnachtslik\u00f6r.<\/p>\n<div class=\"fusion-clearfix\"><\/div><\/div><\/div><div class=\"fusion-one-third one_third fusion-layout-column fusion-column-last fusion-spacing-no\" style=\"margin-top:20px;margin-bottom:0px;\"><div class=\"fusion-column-wrapper\" style=\"padding:40px;\"><div class=\"fusion-column-table\"><div class=\"fusion-column-tablecell\"><p><strong>Nase<\/strong><br \/>\nZitrusfr\u00fcchte durchdringen die Nase. Die Frische der Fr\u00fcchte verlockt zum Kosten<\/p>\n<p><strong>Gaumen<\/strong><br \/>\nFrische Bitterorange und Zucker vereinen sich und sorgen f\u00fcr zitroniges Vergn\u00fcgen.<\/p>\n<p><strong>Abgang<\/strong><br \/>\nEine leichte Bitterkeit verl\u00e4ngert den genussvollen Orangengeschmack.<\/p>\n<div class=\"fusion-clearfix\"><\/div><\/div><\/div><\/div><\/div><div class=\"fusion-clearfix\"><\/div><\/div><\/div><div class=\"fusion-fullwidth fullwidth-box fusion-fullwidth-2  fusion-parallax-none hundred-percent-fullwidth\" style=\"border-color:#3e3e3e;border-bottom-width: 0px;border-top-width: 0px;border-bottom-style: solid;border-top-style: solid;padding-bottom:0px;padding-top:20px;padding-left:0px;padding-right:0px;background-color:#040f28;\"><style type=\"text\/css\" scoped=\"scoped\">.fusion-fullwidth-2 {\n                            padding-left: 0px !important;\n                            padding-right: 0px !important;\n                        }<\/style><div class=\"fusion-row\"><div class=\"fusion-one-third one_third fusion-layout-column fusion-spacing-no\" style=\"margin-top:40px;margin-bottom:0px;\"><div class=\"fusion-column-wrapper\" style=\"padding:0px;\"><div class=\"fusion-column-table\"><div class=\"fusion-column-tablecell\"><div class=\"imageframe-align-center\"><span class=\"fusion-imageframe imageframe-none imageframe-2 hover-type-none\"> <img decoding=\"async\" src=\"http:\/\/www.rhumemporium.com\/rum\/wp-content\/uploads\/2015\/09\/liqueur_bois_bande_514.png\" alt=\"\" class=\"img-responsive\"\/><\/span><\/div><div class=\"fusion-clearfix\"><\/div><\/div><\/div><\/div><\/div><div class=\"fusion-one-third one_third fusion-layout-column fusion-spacing-no\" style=\"margin-top:0px;margin-bottom:0px;\"><div class=\"fusion-column-wrapper\" style=\"padding:40px;\"><h2>LIK\u00d6R BOIS BAND\u00c9 40\u00b0<\/h2>\n<h3><strong>FEURIG UND MARKANT<\/strong><\/h3>\n<p>Diesen exotischen Lik\u00f6r und Digestif aus nat\u00fcrlichen Pflanzenextrakten k\u00f6nnen Sie bei jeder Gelegenheit geniessen.<\/p>\n<div class=\"fusion-clearfix\"><\/div><\/div><\/div><div class=\"fusion-one-third one_third fusion-layout-column fusion-column-last fusion-spacing-no\" style=\"margin-top:20px;margin-bottom:0px;\"><div class=\"fusion-column-wrapper\" style=\"padding:40px;\"><div class=\"fusion-column-table\"><div class=\"fusion-column-tablecell\"><p><strong>Nase<\/strong><br \/>\nDieser von Gew\u00fcrzen gepr\u00e4gte Lik\u00f6r ist ungew\u00f6hnlich. Seine Aromanoten sind sehr pr\u00e4sent und fein. Sie schmecken Ingwer, Ankl\u00e4nge von Muskatnuss und ger\u00f6stem Brot.<\/p>\n<p><strong>Gaumen<\/strong><br \/>\nDer Lik\u00f6r Bois Band\u00e9 l\u00e4sst sich am besten pur oder auf Eis geniessen. Er ist kraftvoll und geschmeidig.<\/p>\n<p><strong>Abgang<\/strong><br \/>\nImposaner und einzigartiger Lik\u00f6r.<\/p>\n<div class=\"fusion-clearfix\"><\/div><\/div><\/div><\/div><\/div><div class=\"fusion-clearfix\"><\/div><\/div><\/div><div class=\"fusion-fullwidth fullwidth-box fusion-fullwidth-3  fusion-parallax-none hundred-percent-fullwidth\" style=\"border-color:#3e3e3e;border-bottom-width: 0px;border-top-width: 0px;border-bottom-style: solid;border-top-style: solid;padding-bottom:0px;padding-top:20px;padding-left:0px;padding-right:0px;background-color:#040f28;\"><style type=\"text\/css\" scoped=\"scoped\">.fusion-fullwidth-3 {\n                            padding-left: 0px !important;\n                            padding-right: 0px !important;\n                        }<\/style><div class=\"fusion-row\"><div class=\"fusion-one-third one_third fusion-layout-column fusion-spacing-no\" style=\"margin-top:40px;margin-bottom:0px;\"><div class=\"fusion-column-wrapper\" style=\"padding:0px;\"><div class=\"fusion-column-table\"><div class=\"fusion-column-tablecell\"><div class=\"imageframe-align-center\"><span class=\"fusion-imageframe imageframe-none imageframe-3 hover-type-none\"> <img decoding=\"async\" src=\"http:\/\/www.rhumemporium.com\/rum\/wp-content\/uploads\/2015\/09\/liqueur_cafe_bielle_500px.png\" alt=\"\" class=\"img-responsive\"\/><\/span><\/div><div class=\"fusion-clearfix\"><\/div><\/div><\/div><\/div><\/div><div class=\"fusion-one-third one_third fusion-layout-column fusion-spacing-no\" style=\"margin-top:0px;margin-bottom:0px;\"><div class=\"fusion-column-wrapper\" style=\"padding:40px;\"><h2>KAFFEELIK\u00d6R 24\u00b0<\/h2>\n<h3><strong>INTENSIV SCHOKOLADIG<\/strong><\/h3>\n<p>Dieser Lik\u00f6r bietet eine Geschmacksexplosion des Kaffees, verbunden mit der S\u00fcsse des Rhum Agricole von Bielle. Er ist eine Hommage an die Geschichte der Destillerie, die einst eine Kaffeeplantage war.<\/p>\n<div class=\"fusion-clearfix\"><\/div><\/div><\/div><div class=\"fusion-one-third one_third fusion-layout-column fusion-column-last fusion-spacing-no\" style=\"margin-top:20px;margin-bottom:0px;\"><div class=\"fusion-column-wrapper\" style=\"padding:40px;\"><div class=\"fusion-column-table\"><div class=\"fusion-column-tablecell\"><p><strong>Nase<\/strong><br \/>\nMit Sicherheit der aromatischste unserer Lik\u00f6re. Das Kaffeearoma ist sehr angenehm. Das klar erkennbare R\u00f6staroma wird durch Nuancen von Lebkuchen abgerundet.<\/p>\n<p><strong>Gaumen<\/strong><br \/>\nDer Kaffeelik\u00f6r l\u00e4sst sich am besten pur oder auf Eis geniessen. So k\u00f6nnen Sie sein Aroma, seine S\u00fcsse und seine Cremigkeit sch\u00e4tzen lernen.<\/p>\n<p><strong>Abgang<\/strong><br \/>\nSch\u00f6n langer Nachhall. Dieser Lik\u00f6r wird alle Kaffeeliebhaber begeistern.<\/p>\n<div class=\"fusion-clearfix\"><\/div><\/div><\/div><\/div><\/div><div class=\"fusion-clearfix\"><\/div><\/div><\/div><div class=\"fusion-fullwidth fullwidth-box fusion-fullwidth-4  fusion-parallax-none hundred-percent-fullwidth\" style=\"border-color:#3e3e3e;border-bottom-width: 0px;border-top-width: 0px;border-bottom-style: solid;border-top-style: solid;padding-bottom:0px;padding-top:20px;padding-left:0px;padding-right:0px;background-color:#040f28;\"><style type=\"text\/css\" scoped=\"scoped\">.fusion-fullwidth-4 {\n                            padding-left: 0px !important;\n                            padding-right: 0px !important;\n                        }<\/style><div class=\"fusion-row\"><div class=\"fusion-one-third one_third fusion-layout-column fusion-spacing-no\" style=\"margin-top:40px;margin-bottom:0px;\"><div class=\"fusion-column-wrapper\" style=\"padding:0px;\"><div class=\"fusion-column-table\"><div class=\"fusion-column-tablecell\"><div class=\"imageframe-align-center\"><span class=\"fusion-imageframe imageframe-none imageframe-4 hover-type-none\"> <img decoding=\"async\" src=\"http:\/\/www.rhumemporium.com\/rum\/wp-content\/uploads\/2015\/09\/liqueur_chocolat_bielle_500px.png\" alt=\"\" class=\"img-responsive\"\/><\/span><\/div><div class=\"fusion-clearfix\"><\/div><\/div><\/div><\/div><\/div><div class=\"fusion-one-third one_third fusion-layout-column fusion-spacing-no\" style=\"margin-top:0px;margin-bottom:0px;\"><div class=\"fusion-column-wrapper\" style=\"padding:40px;\"><h2>SCHOKOLADEN-LIK\u00d6R 24\u00b0<\/h2>\n<h3><strong>GORMET-VERGN\u00dcGEN<\/strong><\/h3>\n<p>Der Schokoladen-Lik\u00f6r ist ein Appell an den Genuss.<\/p>\n<div class=\"fusion-clearfix\"><\/div><\/div><\/div><div class=\"fusion-one-third one_third fusion-layout-column fusion-column-last fusion-spacing-no\" style=\"margin-top:20px;margin-bottom:0px;\"><div class=\"fusion-column-wrapper\" style=\"padding:40px;\"><div class=\"fusion-column-table\"><div class=\"fusion-column-tablecell\"><p><strong>Nase<\/strong><br \/>\nDer Kakao ist markant, aber angenehm.<\/p>\n<p><strong>Gaumen<\/strong><br \/>\nCremig mit Schokoladengeschmack &#8211; die Zutaten, s\u00fcss und intensiv, im harmonischen Einklang mit Zucker und Rum.<\/p>\n<p><strong>Abgang<\/strong><br \/>\nSch\u00f6ner langer Nachhall, die Aromen sind lang pr\u00e4sent und hinterlassen beim \u201eD\u00e9gustateur\u201c eine angenehme Kakaonote.<\/p>\n<div class=\"fusion-clearfix\"><\/div><\/div><\/div><\/div><\/div><div class=\"fusion-clearfix\"><\/div><\/div><\/div><div class=\"fusion-fullwidth fullwidth-box fusion-fullwidth-5  fusion-parallax-none hundred-percent-fullwidth\" style=\"border-color:#3e3e3e;border-bottom-width: 0px;border-top-width: 0px;border-bottom-style: solid;border-top-style: solid;padding-bottom:0px;padding-top:20px;padding-left:0px;padding-right:0px;background-color:#040f28;\"><style type=\"text\/css\" scoped=\"scoped\">.fusion-fullwidth-5 {\n                            padding-left: 0px !important;\n                            padding-right: 0px !important;\n                        }<\/style><div class=\"fusion-row\"><div class=\"fusion-one-third one_third fusion-layout-column fusion-spacing-no\" style=\"margin-top:40px;margin-bottom:0px;\"><div class=\"fusion-column-wrapper\" style=\"padding:0px;\"><div class=\"fusion-column-table\"><div class=\"fusion-column-tablecell\"><div class=\"imageframe-align-center\"><span class=\"fusion-imageframe imageframe-none imageframe-5 hover-type-none\"> <img decoding=\"async\" src=\"http:\/\/www.rhumemporium.com\/rum\/wp-content\/uploads\/2015\/09\/liqueur_coco_bielle_500px.png\" alt=\"\" class=\"img-responsive\"\/><\/span><\/div><div class=\"fusion-clearfix\"><\/div><\/div><\/div><\/div><\/div><div class=\"fusion-one-third one_third fusion-layout-column fusion-spacing-no\" style=\"margin-top:0px;margin-bottom:0px;\"><div class=\"fusion-column-wrapper\" style=\"padding:40px;\"><h2>KOKOSLIK\u00d6R 24\u00b0<\/h2>\n<h3><strong>DER GESCHMACK DER INSELN<\/strong><\/h3>\n<p>Der Kokoslik\u00f6r entf\u00fchrt seinen \u201eD\u00e9gustateur\u201c auf eine Reise, dank seiner exotischen Seite und seiner erfrischenden K\u00fchle. Ein frisches Vergn\u00fcgen.<\/p>\n<div class=\"fusion-clearfix\"><\/div><\/div><\/div><div class=\"fusion-one-third one_third fusion-layout-column fusion-column-last fusion-spacing-no\" style=\"margin-top:20px;margin-bottom:0px;\"><div class=\"fusion-column-wrapper\" style=\"padding:40px;\"><div class=\"fusion-column-table\"><div class=\"fusion-column-tablecell\"><p><strong>Nase<\/strong><br \/>\nKlares Kokosaroma mit einer sehr angenehmen S\u00fcsse.<br \/>\nDie Harmonie zwischen der S\u00fcsse von Zucker, Kokos und der kraftvollen Fruchtigkeit des Rums aus dem Hause Bielle scheint gefunden.<\/p>\n<p><strong>Gaumen<\/strong><br \/>\nDer Kokoslik\u00f6r l\u00e4sst sich am besten pur auf Eis oder im Cocktail geniessen. Die S\u00fcsse des Kokoswassers verbindet sich mit einer leichten Bitterkeit.<br \/>\nDer Geschmack des Kokosmarks ist sehr pr\u00e4sent, sodass der Lik\u00f6r ohne zu starke Pr\u00e4senz des Zuckers genossen werden kann.<\/p>\n<p><strong>Abgang<\/strong><br \/>\nEin sch\u00f6n langer Abgang, der das Vergn\u00fcgen dieses Geschmacks der Inseln verl\u00e4ngert.<\/p>\n<div class=\"fusion-clearfix\"><\/div><\/div><\/div><\/div><\/div><div class=\"fusion-clearfix\"><\/div><\/div><\/div>\n","protected":false},"excerpt":{"rendered":"","protected":false},"author":1,"featured_media":0,"parent":783,"menu_order":0,"comment_status":"closed","ping_status":"closed","template":"","meta":{"footnotes":""},"yoast_head":"<!-- This site is optimized with the Yoast SEO plugin v22.7 - https:\/\/yoast.com\/wordpress\/plugins\/seo\/ -->\n<title>Rum Lik\u00f6r - Bielle - Rhum Emporium<\/title>\n<meta name=\"description\" content=\"Rum Lik\u00f6r in Guadeloupe hergestellt\" \/>\n<meta name=\"robots\" content=\"index, follow, max-snippet:-1, max-image-preview:large, max-video-preview:-1\" \/>\n<link rel=\"canonical\" href=\"https:\/\/www.rhumemporium.com\/de\/rhum-agricole-marie-galante-bielle\/rum-likoer-bielle\/\" \/>\n<meta property=\"og:locale\" content=\"de_DE\" \/>\n<meta property=\"og:type\" content=\"article\" \/>\n<meta property=\"og:title\" content=\"Rum Lik\u00f6r - Bielle - Rhum Emporium\" \/>\n<meta property=\"og:description\" content=\"Rum Lik\u00f6r in Guadeloupe hergestellt\" \/>\n<meta property=\"og:url\" content=\"https:\/\/www.rhumemporium.com\/de\/rhum-agricole-marie-galante-bielle\/rum-likoer-bielle\/\" \/>\n<meta property=\"og:site_name\" content=\"Rhum Emporium\" \/>\n<meta property=\"article:modified_time\" content=\"2015-11-27T12:54:50+00:00\" \/>\n<meta property=\"og:image\" content=\"http:\/\/www.rhumemporium.com\/rum\/wp-content\/uploads\/2015\/09\/liqueur_Shrubb_514.png\" \/>\n<meta name=\"twitter:card\" content=\"summary_large_image\" \/>\n<meta name=\"twitter:label1\" content=\"Est. reading time\" \/>\n\t<meta name=\"twitter:data1\" content=\"9 minutes\" \/>\n<script type=\"application\/ld+json\" class=\"yoast-schema-graph\">{\"@context\":\"https:\/\/schema.org\",\"@graph\":[{\"@type\":\"WebPage\",\"@id\":\"https:\/\/www.rhumemporium.com\/de\/rhum-agricole-marie-galante-bielle\/rum-likoer-bielle\/\",\"url\":\"https:\/\/www.rhumemporium.com\/de\/rhum-agricole-marie-galante-bielle\/rum-likoer-bielle\/\",\"name\":\"Rum Lik\u00f6r - Bielle - Rhum Emporium\",\"isPartOf\":{\"@id\":\"https:\/\/www.rhumemporium.com\/#website\"},\"primaryImageOfPage\":{\"@id\":\"https:\/\/www.rhumemporium.com\/de\/rhum-agricole-marie-galante-bielle\/rum-likoer-bielle\/#primaryimage\"},\"image\":{\"@id\":\"https:\/\/www.rhumemporium.com\/de\/rhum-agricole-marie-galante-bielle\/rum-likoer-bielle\/#primaryimage\"},\"thumbnailUrl\":\"http:\/\/www.rhumemporium.com\/rum\/wp-content\/uploads\/2015\/09\/liqueur_Shrubb_514.png\",\"datePublished\":\"2015-09-23T15:18:27+00:00\",\"dateModified\":\"2015-11-27T12:54:50+00:00\",\"description\":\"Rum Lik\u00f6r in Guadeloupe hergestellt\",\"breadcrumb\":{\"@id\":\"https:\/\/www.rhumemporium.com\/de\/rhum-agricole-marie-galante-bielle\/rum-likoer-bielle\/#breadcrumb\"},\"inLanguage\":\"de-CH\",\"potentialAction\":[{\"@type\":\"ReadAction\",\"target\":[\"https:\/\/www.rhumemporium.com\/de\/rhum-agricole-marie-galante-bielle\/rum-likoer-bielle\/\"]}]},{\"@type\":\"ImageObject\",\"inLanguage\":\"de-CH\",\"@id\":\"https:\/\/www.rhumemporium.com\/de\/rhum-agricole-marie-galante-bielle\/rum-likoer-bielle\/#primaryimage\",\"url\":\"http:\/\/www.rhumemporium.com\/rum\/wp-content\/uploads\/2015\/09\/liqueur_Shrubb_514.png\",\"contentUrl\":\"http:\/\/www.rhumemporium.com\/rum\/wp-content\/uploads\/2015\/09\/liqueur_Shrubb_514.png\"},{\"@type\":\"BreadcrumbList\",\"@id\":\"https:\/\/www.rhumemporium.com\/de\/rhum-agricole-marie-galante-bielle\/rum-likoer-bielle\/#breadcrumb\",\"itemListElement\":[{\"@type\":\"ListItem\",\"position\":1,\"name\":\"Home\",\"item\":\"https:\/\/www.rhumemporium.com\/de\/\"},{\"@type\":\"ListItem\",\"position\":2,\"name\":\"Rhum agricole Marie-Galante Bielle &#8211; Rhum Emporium\",\"item\":\"https:\/\/www.rhumemporium.com\/de\/rhum-agricole-marie-galante-bielle\/\"},{\"@type\":\"ListItem\",\"position\":3,\"name\":\"Rum Lik\u00f6r &#8211; Bielle &#8211; Rhum Emporium\"}]},{\"@type\":\"WebSite\",\"@id\":\"https:\/\/www.rhumemporium.com\/#website\",\"url\":\"https:\/\/www.rhumemporium.com\/\",\"name\":\"Rhum Emporium\",\"description\":\"Hi\",\"potentialAction\":[{\"@type\":\"SearchAction\",\"target\":{\"@type\":\"EntryPoint\",\"urlTemplate\":\"https:\/\/www.rhumemporium.com\/?s={search_term_string}\"},\"query-input\":\"required name=search_term_string\"}],\"inLanguage\":\"de-CH\"}]}<\/script>\n<!-- \/ Yoast SEO plugin. -->","yoast_head_json":{"title":"Rum Lik\u00f6r - Bielle - Rhum Emporium","description":"Rum Lik\u00f6r in Guadeloupe hergestellt","robots":{"index":"index","follow":"follow","max-snippet":"max-snippet:-1","max-image-preview":"max-image-preview:large","max-video-preview":"max-video-preview:-1"},"canonical":"https:\/\/www.rhumemporium.com\/de\/rhum-agricole-marie-galante-bielle\/rum-likoer-bielle\/","og_locale":"de_DE","og_type":"article","og_title":"Rum Lik\u00f6r - Bielle - Rhum Emporium","og_description":"Rum Lik\u00f6r in Guadeloupe hergestellt","og_url":"https:\/\/www.rhumemporium.com\/de\/rhum-agricole-marie-galante-bielle\/rum-likoer-bielle\/","og_site_name":"Rhum Emporium","article_modified_time":"2015-11-27T12:54:50+00:00","og_image":[{"url":"http:\/\/www.rhumemporium.com\/rum\/wp-content\/uploads\/2015\/09\/liqueur_Shrubb_514.png"}],"twitter_card":"summary_large_image","twitter_misc":{"Est. reading time":"9 minutes"},"schema":{"@context":"https:\/\/schema.org","@graph":[{"@type":"WebPage","@id":"https:\/\/www.rhumemporium.com\/de\/rhum-agricole-marie-galante-bielle\/rum-likoer-bielle\/","url":"https:\/\/www.rhumemporium.com\/de\/rhum-agricole-marie-galante-bielle\/rum-likoer-bielle\/","name":"Rum Lik\u00f6r - Bielle - Rhum Emporium","isPartOf":{"@id":"https:\/\/www.rhumemporium.com\/#website"},"primaryImageOfPage":{"@id":"https:\/\/www.rhumemporium.com\/de\/rhum-agricole-marie-galante-bielle\/rum-likoer-bielle\/#primaryimage"},"image":{"@id":"https:\/\/www.rhumemporium.com\/de\/rhum-agricole-marie-galante-bielle\/rum-likoer-bielle\/#primaryimage"},"thumbnailUrl":"http:\/\/www.rhumemporium.com\/rum\/wp-content\/uploads\/2015\/09\/liqueur_Shrubb_514.png","datePublished":"2015-09-23T15:18:27+00:00","dateModified":"2015-11-27T12:54:50+00:00","description":"Rum Lik\u00f6r in Guadeloupe hergestellt","breadcrumb":{"@id":"https:\/\/www.rhumemporium.com\/de\/rhum-agricole-marie-galante-bielle\/rum-likoer-bielle\/#breadcrumb"},"inLanguage":"de-CH","potentialAction":[{"@type":"ReadAction","target":["https:\/\/www.rhumemporium.com\/de\/rhum-agricole-marie-galante-bielle\/rum-likoer-bielle\/"]}]},{"@type":"ImageObject","inLanguage":"de-CH","@id":"https:\/\/www.rhumemporium.com\/de\/rhum-agricole-marie-galante-bielle\/rum-likoer-bielle\/#primaryimage","url":"http:\/\/www.rhumemporium.com\/rum\/wp-content\/uploads\/2015\/09\/liqueur_Shrubb_514.png","contentUrl":"http:\/\/www.rhumemporium.com\/rum\/wp-content\/uploads\/2015\/09\/liqueur_Shrubb_514.png"},{"@type":"BreadcrumbList","@id":"https:\/\/www.rhumemporium.com\/de\/rhum-agricole-marie-galante-bielle\/rum-likoer-bielle\/#breadcrumb","itemListElement":[{"@type":"ListItem","position":1,"name":"Home","item":"https:\/\/www.rhumemporium.com\/de\/"},{"@type":"ListItem","position":2,"name":"Rhum agricole Marie-Galante Bielle &#8211; Rhum Emporium","item":"https:\/\/www.rhumemporium.com\/de\/rhum-agricole-marie-galante-bielle\/"},{"@type":"ListItem","position":3,"name":"Rum Lik\u00f6r &#8211; Bielle &#8211; Rhum Emporium"}]},{"@type":"WebSite","@id":"https:\/\/www.rhumemporium.com\/#website","url":"https:\/\/www.rhumemporium.com\/","name":"Rhum Emporium","description":"Hi","potentialAction":[{"@type":"SearchAction","target":{"@type":"EntryPoint","urlTemplate":"https:\/\/www.rhumemporium.com\/?s={search_term_string}"},"query-input":"required name=search_term_string"}],"inLanguage":"de-CH"}]}},"_links":{"self":[{"href":"https:\/\/www.rhumemporium.com\/de\/wp-json\/wp\/v2\/pages\/831"}],"collection":[{"href":"https:\/\/www.rhumemporium.com\/de\/wp-json\/wp\/v2\/pages"}],"about":[{"href":"https:\/\/www.rhumemporium.com\/de\/wp-json\/wp\/v2\/types\/page"}],"author":[{"embeddable":true,"href":"https:\/\/www.rhumemporium.com\/de\/wp-json\/wp\/v2\/users\/1"}],"replies":[{"embeddable":true,"href":"https:\/\/www.rhumemporium.com\/de\/wp-json\/wp\/v2\/comments?post=831"}],"version-history":[{"count":4,"href":"https:\/\/www.rhumemporium.com\/de\/wp-json\/wp\/v2\/pages\/831\/revisions"}],"predecessor-version":[{"id":872,"href":"https:\/\/www.rhumemporium.com\/de\/wp-json\/wp\/v2\/pages\/831\/revisions\/872"}],"up":[{"embeddable":true,"href":"https:\/\/www.rhumemporium.com\/de\/wp-json\/wp\/v2\/pages\/783"}],"wp:attachment":[{"href":"https:\/\/www.rhumemporium.com\/de\/wp-json\/wp\/v2\/media?parent=831"}],"curies":[{"name":"wp","href":"https:\/\/api.w.org\/{rel}","templated":true}]}}