{"id":826,"date":"2015-09-23T15:17:52","date_gmt":"2015-09-23T15:17:52","guid":{"rendered":"http:\/\/www.rhumemporium.com\/de\/rhum-agricole-marie-galante-bielle\/aged-rum\/"},"modified":"2017-06-04T14:58:58","modified_gmt":"2017-06-04T14:58:58","slug":"rhum-vieux","status":"publish","type":"page","link":"https:\/\/www.rhumemporium.com\/de\/rhum-agricole-marie-galante-bielle\/rhum-vieux\/","title":{"rendered":"Rhum Vieux &#8211; Bielle &#8211; Rhum Emporium"},"content":{"rendered":"<div class=\"fusion-fullwidth fullwidth-box fusion-fullwidth-1  fusion-parallax-none hundred-percent-fullwidth\" style=\"border-color:#3e3e3e;border-bottom-width: 0px;border-top-width: 0px;border-bottom-style: solid;border-top-style: solid;padding-bottom:0px;padding-top:20px;padding-left:0px;padding-right:0px;background-color:#040f28;\"><style type=\"text\/css\" scoped=\"scoped\">.fusion-fullwidth-1 {\n                            padding-left: 0px !important;\n                            padding-right: 0px !important;\n                        }<\/style><div class=\"fusion-row\"><div class=\"fusion-one-third one_third fusion-layout-column fusion-spacing-no\" style=\"margin-top:40px;margin-bottom:0px;\"><div class=\"fusion-column-wrapper\" style=\"padding:0px;\"><div class=\"fusion-column-table\"><div class=\"fusion-column-tablecell\"><div class=\"imageframe-align-center\"><span class=\"fusion-imageframe imageframe-none imageframe-1 hover-type-none\"> <img decoding=\"async\" alt=\"\" src=\"http:\/\/www.rhumemporium.com\/rum\/wp-content\/uploads\/2015\/09\/rhum_ambre_bielle.png\" class=\"img-responsive\"\/><\/span><\/div><div class=\"fusion-clearfix\"><\/div><\/div><\/div><\/div><\/div><div class=\"fusion-one-third one_third fusion-layout-column fusion-column-last fusion-spacing-no\" style=\"margin-top:0px;margin-bottom:0px;\"><div class=\"fusion-column-wrapper\" style=\"padding:40px;\"><h1>RHUM\u00a0AMBR\u00c9 50\u00b0<\/h1>\n<h3><strong>3 JAHRE ALT<\/strong><\/h3>\n<p>Rhum Agricole von Bielle, destilliert, gereift und abgef\u00fcllt von der Destillerie Bielle. Abf\u00fcllung nach 2 Jahren Reifung im Edelholzfass. Mit Regenwasser auf 50\u00b0 Alkoholgehalt verd\u00fcnnt. Dieser bernsteinfarbene, nat\u00fcrlich gereifte Rum setzt Nuancen von Honig und getoasteten Brot frei, und ist dabei weich und vollmundig.<\/p>\n<div class=\"fusion-clearfix\"><\/div><\/div><\/div><div class=\"fusion-clearfix\"><\/div><\/div><\/div><div id=\"rhumvieux\"><div class=\"fusion-fullwidth fullwidth-box fusion-fullwidth-2  fusion-parallax-none hundred-percent-fullwidth\" style=\"border-color:#3e3e3e;border-bottom-width: 0px;border-top-width: 0px;border-bottom-style: solid;border-top-style: solid;padding-bottom:0px;padding-top:20px;padding-left:0px;padding-right:0px;background-color:#040f28;\"><style type=\"text\/css\" scoped=\"scoped\">.fusion-fullwidth-2 {\n                            padding-left: 0px !important;\n                            padding-right: 0px !important;\n                        }<\/style><div class=\"fusion-row\"><div class=\"fusion-one-third one_third fusion-layout-column fusion-spacing-no\" style=\"margin-top:40px;margin-bottom:0px;\"><div class=\"fusion-column-wrapper\" style=\"padding:0px;\"><div class=\"fusion-column-table\"><div class=\"fusion-column-tablecell\"><div class=\"imageframe-align-center\"><span class=\"fusion-imageframe imageframe-none imageframe-2 hover-type-none\"> <img decoding=\"async\" alt=\"\" src=\"http:\/\/www.rhumemporium.com\/rum\/wp-content\/uploads\/2015\/09\/rhum_bielle_vieux_2009.png\" class=\"img-responsive\"\/><\/span><\/div><div class=\"fusion-clearfix\"><\/div><\/div><\/div><\/div><\/div><div class=\"fusion-one-third one_third fusion-layout-column fusion-spacing-no\" style=\"margin-top:0px;margin-bottom:0px;\"><div class=\"fusion-column-wrapper\" style=\"padding:40px;\"><h2>RHUM\u00a0VIEUX 2009 42\u00b0<\/h2>\n<h3><strong>AUTHENTISCHER RUM VON DEN ANTILLEN<\/strong><\/h3>\n<p>Rhum Agricole Vieux von Bielle, destilliert, gereift und abgef\u00fcllt von der Destillerie Bielle. Gereift seit 2009. Abgef\u00fcllt in 2013. Mit Regenwasser auf 42\u00b0 Alkoholgehalt verd\u00fcnnt.<br \/>\nUngefiltert. Nuancen von reifen Fr\u00fcchten und Honig.<\/p>\n<div class=\"fusion-clearfix\"><\/div><\/div><\/div><div class=\"fusion-one-third one_third fusion-layout-column fusion-column-last fusion-spacing-no\" style=\"margin-top:20px;margin-bottom:0px;\"><div class=\"fusion-column-wrapper\" style=\"padding:40px;\"><div class=\"fusion-column-table\"><div class=\"fusion-column-tablecell\"><p><span style=\"color: #e3e3e3;\"><strong>Nase<\/strong><\/span><br \/>\n<span style=\"color: #e3e3e3;\">Reife Fr\u00fcchte, leicht nach frischem Holz<\/span><\/p>\n<p><span style=\"color: #e3e3e3;\"><strong>Gaumen<\/strong><\/span><br \/>\n<span style=\"color: #e3e3e3;\">Nuancen von Vanille und Honig<\/span><\/p>\n<p><span style=\"color: #e3e3e3;\"><strong>Abgang<\/strong><\/span><br \/>\n<span style=\"color: #e3e3e3;\">Vollmundig, holzig<\/span><\/p>\n<div class=\"fusion-clearfix\"><\/div><\/div><\/div><\/div><\/div><div class=\"fusion-clearfix\"><\/div><\/div><\/div><\/div><div class=\"fusion-fullwidth fullwidth-box fusion-fullwidth-3  fusion-parallax-none hundred-percent-fullwidth\" style=\"border-color:#3e3e3e;border-bottom-width: 0px;border-top-width: 0px;border-bottom-style: solid;border-top-style: solid;padding-bottom:0px;padding-top:20px;padding-left:0px;padding-right:0px;background-color:#040f28;\"><style type=\"text\/css\" scoped=\"scoped\">.fusion-fullwidth-3 {\n                            padding-left: 0px !important;\n                            padding-right: 0px !important;\n                        }<\/style><div class=\"fusion-row\"><div class=\"fusion-one-third one_third fusion-layout-column fusion-spacing-no\" style=\"margin-top:40px;margin-bottom:0px;\"><div class=\"fusion-column-wrapper\" style=\"padding:0px;\"><div class=\"fusion-column-table\"><div class=\"fusion-column-tablecell\"><div class=\"imageframe-align-center\"><span class=\"fusion-imageframe imageframe-none imageframe-3 hover-type-none\"> <img decoding=\"async\" alt=\"\" src=\"http:\/\/www.rhumemporium.com\/rum\/wp-content\/uploads\/2015\/09\/rhum_vieux_bielle_2008.png\" class=\"img-responsive\"\/><\/span><\/div><div class=\"fusion-clearfix\"><\/div><\/div><\/div><\/div><\/div><div class=\"fusion-one-third one_third fusion-layout-column fusion-spacing-no\" style=\"margin-top:0px;margin-bottom:0px;\"><div class=\"fusion-column-wrapper\" style=\"padding:40px;\"><h2>RHUM\u00a0VIEUX 2008<\/h2>\n<h3><strong>CUV\u00c9E ZUM 40-J\u00c4HRIGEN JUBIL\u00c4UM<\/strong><\/h3>\n<style type='text\/css'>.reading-box-container-1 .element-bottomshadow:before,.reading-box-container-1 .element-bottomshadow:after{opacity:0.7;}<\/style><div class=\"fusion-reading-box-container reading-box-container-1\" style=\"margin-bottom:84px;\"><div class=\"reading-box\" style=\"background-color:#e3e3e3;border-width:0px;border-color:#3e3e3e;border-style:solid;\"><div class=\"reading-box-description\">Ausverkauft bei der Destillerie<\/div><\/div><\/div><div class=\"fusion-clearfix\"><\/div><\/div><\/div><div class=\"fusion-one-third one_third fusion-layout-column fusion-column-last fusion-spacing-no\" style=\"margin-top:0px;margin-bottom:0px;\"><div class=\"fusion-column-wrapper\" style=\"padding:40px;\"><p><span style=\"color: #e3e3e3;\"><strong>Nase<\/strong><\/span><br \/>\n<span style=\"color: #e3e3e3;\">Honig und Gew\u00fcrze stechen hervor, Vanille\u2026<\/span><\/p>\n<p><span style=\"color: #e3e3e3;\"><strong>Gaumen<\/strong><\/span><br \/>\n<span style=\"color: #e3e3e3;\">Geschmack nach Konfit\u00fcre und Lebkuchen<\/span><\/p>\n<p><span style=\"color: #e3e3e3;\"><strong>Abgang<\/strong><\/span><br \/>\n<span style=\"color: #e3e3e3;\">Harmonisch und lang, Honig<\/span><\/p>\n<div class=\"fusion-clearfix\"><\/div><\/div><\/div><div class=\"fusion-clearfix\"><\/div><\/div><\/div><div class=\"fusion-fullwidth fullwidth-box fusion-fullwidth-4  fusion-parallax-none hundred-percent-fullwidth\" style=\"border-color:#3e3e3e;border-bottom-width: 0px;border-top-width: 0px;border-bottom-style: solid;border-top-style: solid;padding-bottom:0px;padding-top:20px;padding-left:0px;padding-right:0px;background-color:#040f28;\"><style type=\"text\/css\" scoped=\"scoped\">.fusion-fullwidth-4 {\n                            padding-left: 0px !important;\n                            padding-right: 0px !important;\n                        }<\/style><div class=\"fusion-row\"><div class=\"fusion-one-third one_third fusion-layout-column fusion-spacing-no\" style=\"margin-top:40px;margin-bottom:0px;\"><div class=\"fusion-column-wrapper\" style=\"padding:0px;\"><div class=\"fusion-column-table\"><div class=\"fusion-column-tablecell\"><div class=\"imageframe-align-center\"><span class=\"fusion-imageframe imageframe-none imageframe-4 hover-type-none\"> <img decoding=\"async\" alt=\"\" src=\"http:\/\/www.rhumemporium.com\/rum\/wp-content\/uploads\/2015\/09\/rhum_bielle_vieux_2007.png\" class=\"img-responsive\"\/><\/span><\/div><div class=\"fusion-clearfix\"><\/div><\/div><\/div><\/div><\/div><div class=\"fusion-one-third one_third fusion-layout-column fusion-spacing-no\" style=\"margin-top:0px;margin-bottom:0px;\"><div class=\"fusion-column-wrapper\" style=\"padding:40px;\"><h2>RHUM\u00a0VIEUX 2007 57,3\u00b0<\/h2>\n<h3><strong>AUTHENTISCHER RUM VON DEN ANTILLEN<\/strong><\/h3>\n<p>Rhum Agricole Vieux von Bielle, destilliert, gereift und abgef\u00fcllt von der Destillerie Bielle. Gereift seit 2007. Abgef\u00fcllt 2014. Brut de Fut. Ungefiltert. Bei der internationalen Landwirtschaftsmesse Concours G\u00e9n\u00e9rale Agricole in Paris mit einer Goldmedaille ausgezeichnet. Nuancen von Vanille und kandierten Fr\u00fcchten.<\/p>\n<style type='text\/css'>.reading-box-container-2 .element-bottomshadow:before,.reading-box-container-2 .element-bottomshadow:after{opacity:0.7;}<\/style><div class=\"fusion-reading-box-container reading-box-container-2\" style=\"margin-bottom:84px;\"><div class=\"reading-box\" style=\"background-color:#e3e3e3;border-width:0px;border-color:#3e3e3e;border-style:solid;\"><div class=\"reading-box-description\">Ausverkauft bei der Destillerie<\/div><\/div><\/div><div class=\"fusion-clearfix\"><\/div><\/div><\/div><div class=\"fusion-one-third one_third fusion-layout-column fusion-column-last fusion-spacing-no\" style=\"margin-top:20px;margin-bottom:0px;\"><div class=\"fusion-column-wrapper\" style=\"padding:40px;\"><div class=\"fusion-column-table\"><div class=\"fusion-column-tablecell\"><p><span style=\"color: #e3e3e3;\"><strong>Nase<\/strong><\/span><br \/>\n<span style=\"color: #e3e3e3;\">Schokolade, kandierte Fr\u00fcchte<\/span><\/p>\n<p><span style=\"color: #e3e3e3;\"><strong>Gaumen<\/strong><\/span><br \/>\n<span style=\"color: #e3e3e3;\">Gew\u00fcrze, kandierte Fr\u00fcchte, Pflaume<\/span><\/p>\n<p><span style=\"color: #e3e3e3;\"><strong>Abgang<\/strong><\/span><br \/>\n<span style=\"color: #e3e3e3;\">Langer Nachhall, Geschmack nach ger\u00f6steten Brot und Bourbon<\/span><\/p>\n<div class=\"fusion-clearfix\"><\/div><\/div><\/div><\/div><\/div><div class=\"fusion-clearfix\"><\/div><\/div><\/div><div class=\"fusion-fullwidth fullwidth-box fusion-fullwidth-5  fusion-parallax-none hundred-percent-fullwidth\" style=\"border-color:#3e3e3e;border-bottom-width: 0px;border-top-width: 0px;border-bottom-style: solid;border-top-style: solid;padding-bottom:0px;padding-top:20px;padding-left:0px;padding-right:0px;background-color:#040f28;\"><style type=\"text\/css\" scoped=\"scoped\">.fusion-fullwidth-5 {\n                            padding-left: 0px !important;\n                            padding-right: 0px !important;\n                        }<\/style><div class=\"fusion-row\"><div class=\"fusion-one-third one_third fusion-layout-column fusion-spacing-no\" style=\"margin-top:40px;margin-bottom:0px;\"><div class=\"fusion-column-wrapper\" style=\"padding:0px;\"><div class=\"fusion-column-table\"><div class=\"fusion-column-tablecell\"><div class=\"imageframe-align-center\"><span class=\"fusion-imageframe imageframe-none imageframe-5 hover-type-none\"> <img decoding=\"async\" alt=\"\" src=\"http:\/\/www.rhumemporium.com\/rum\/wp-content\/uploads\/2015\/09\/rhum_vieux_bielle_2004_514.png\" class=\"img-responsive\"\/><\/span><\/div><div class=\"fusion-clearfix\"><\/div><\/div><\/div><\/div><\/div><div class=\"fusion-one-third one_third fusion-layout-column fusion-spacing-no\" style=\"margin-top:0px;margin-bottom:0px;\"><div class=\"fusion-column-wrapper\" style=\"padding:40px;\"><h2>RHUM\u00a0VIEUX 2004 45\u00b0<\/h2>\n<h3><strong>KANDIERTE FR\u00dcCHTE, VANILLE UND HOLZ<\/strong><\/h3>\n<p>Rhum Agricole Vieux von Bielle, destilliert, gereift und abgef\u00fcllt von der Destillerie Bielle. Gereift seit 2004. Abgef\u00fcllt 2014. Mit Regenwasser auf 45\u00b0 Alkoholgehalt verd\u00fcnnt. Ungefiltert. Nuancen von kandierte Fr\u00fcchte, Vanille und Eichenholz.<\/p>\n<div class=\"fusion-clearfix\"><\/div><\/div><\/div><div class=\"fusion-one-third one_third fusion-layout-column fusion-column-last fusion-spacing-no\" style=\"margin-top:20px;margin-bottom:0px;\"><div class=\"fusion-column-wrapper\" style=\"padding:40px;\"><div class=\"fusion-column-table\"><div class=\"fusion-column-tablecell\"><p><span style=\"color: #e3e3e3;\"><strong>Nase<\/strong><\/span><br \/>\n<span style=\"color: #e3e3e3;\">Vanille, Bourbon, Eichenholz<\/span><\/p>\n<p><span style=\"color: #e3e3e3;\"><strong>Gaumen<\/strong><\/span><br \/>\n<span style=\"color: #e3e3e3;\">Mandeln, kandierte Fr\u00fcchte<\/span><\/p>\n<p><span style=\"color: #e3e3e3;\"><strong>Abgang<\/strong><\/span><br \/>\n<span style=\"color: #e3e3e3;\">Lang, holzig und vanillig<\/span><\/p>\n<div class=\"fusion-clearfix\"><\/div><\/div><\/div><\/div><\/div><div class=\"fusion-clearfix\"><\/div><\/div><\/div><div class=\"fusion-fullwidth fullwidth-box fusion-fullwidth-6  fusion-parallax-none hundred-percent-fullwidth\" style=\"border-color:#3e3e3e;border-bottom-width: 0px;border-top-width: 0px;border-bottom-style: solid;border-top-style: solid;padding-bottom:0px;padding-top:20px;padding-left:0px;padding-right:0px;background-color:#040f28;\"><style type=\"text\/css\" scoped=\"scoped\">.fusion-fullwidth-6 {\n                            padding-left: 0px !important;\n                            padding-right: 0px !important;\n                        }<\/style><div class=\"fusion-row\"><div class=\"fusion-one-third one_third fusion-layout-column fusion-spacing-no\" style=\"margin-top:40px;margin-bottom:0px;\"><div class=\"fusion-column-wrapper\" style=\"padding:0px;\"><div class=\"fusion-column-table\"><div class=\"fusion-column-tablecell\"><div class=\"imageframe-align-center\"><span class=\"fusion-imageframe imageframe-none imageframe-6 hover-type-none\"> <img decoding=\"async\" alt=\"\" src=\"http:\/\/www.rhumemporium.com\/rum\/wp-content\/uploads\/2015\/09\/rhum_bielle_vieux_2002.png\" class=\"img-responsive\"\/><\/span><\/div><div class=\"fusion-clearfix\"><\/div><\/div><\/div><\/div><\/div><div class=\"fusion-one-third one_third fusion-layout-column fusion-spacing-no\" style=\"margin-top:0px;margin-bottom:0px;\"><div class=\"fusion-column-wrapper\" style=\"padding:40px;\"><h2>RHUM\u00a0VIEUX 2002 52,8\u00b0<\/h2>\n<h3><strong>AUTHENTISCHER RUM VON DEN ANTLLEN<\/strong><\/h3>\n<p>Rhum Agricole Vieux von Bielle, destilliert, gereift und abgef\u00fcllt von der Destillerie Bielle. Gereift seit 2002. Abgef\u00fcllt 2014. Brut de fut mit 52,8\u00b0. Ungefiltert. Nuancen von gegrilltem Brot und Honig.<\/p>\n<div class=\"fusion-clearfix\"><\/div><\/div><\/div><div class=\"fusion-one-third one_third fusion-layout-column fusion-column-last fusion-spacing-no\" style=\"margin-top:20px;margin-bottom:0px;\"><div class=\"fusion-column-wrapper\" style=\"padding:40px;\"><div class=\"fusion-column-table\"><div class=\"fusion-column-tablecell\"><p><span style=\"color: #e3e3e3;\"><strong>Nase<\/strong><\/span><br \/>\n<span style=\"color: #e3e3e3;\">Rancio, altes Eichenholz<\/span><\/p>\n<p><span style=\"color: #e3e3e3;\"><strong>Gaumen<\/strong><\/span><br \/>\n<span style=\"color: #e3e3e3;\">F\u00fclle exotischer Fr\u00fcchte, kandierte Kokosnuss<\/span><\/p>\n<p><span style=\"color: #e3e3e3;\"><strong>Abgang<\/strong><\/span><br \/>\n<span style=\"color: #e3e3e3;\">Sch\u00f6ner langer Geschmack nach N\u00fcssen und Holz<\/span><\/p>\n<div class=\"fusion-clearfix\"><\/div><\/div><\/div><\/div><\/div><div class=\"fusion-clearfix\"><\/div><\/div><\/div>\n","protected":false},"excerpt":{"rendered":"","protected":false},"author":1,"featured_media":0,"parent":783,"menu_order":0,"comment_status":"closed","ping_status":"closed","template":"100-width.php","meta":{"footnotes":""},"yoast_head":"<!-- This site is optimized with the Yoast SEO plugin v22.7 - https:\/\/yoast.com\/wordpress\/plugins\/seo\/ -->\n<title>Rhum vieux - Bielle - Rhum Emporium<\/title>\n<meta name=\"description\" content=\"Rhum Vieux in Guadeloupe hergestellt.\" \/>\n<meta name=\"robots\" content=\"index, follow, max-snippet:-1, max-image-preview:large, max-video-preview:-1\" \/>\n<link rel=\"canonical\" href=\"https:\/\/www.rhumemporium.com\/de\/rhum-agricole-marie-galante-bielle\/rhum-vieux\/\" \/>\n<meta property=\"og:locale\" content=\"de_DE\" \/>\n<meta property=\"og:type\" content=\"article\" \/>\n<meta property=\"og:title\" content=\"Rhum vieux - Bielle - Rhum Emporium\" \/>\n<meta property=\"og:description\" content=\"Rhum Vieux in Guadeloupe hergestellt.\" \/>\n<meta property=\"og:url\" content=\"https:\/\/www.rhumemporium.com\/de\/rhum-agricole-marie-galante-bielle\/rhum-vieux\/\" \/>\n<meta property=\"og:site_name\" content=\"Rhum Emporium\" \/>\n<meta property=\"article:modified_time\" content=\"2017-06-04T14:58:58+00:00\" \/>\n<meta property=\"og:image\" content=\"http:\/\/www.rhumemporium.com\/rum\/wp-content\/uploads\/2015\/09\/rhum_ambre_bielle.png\" \/>\n<meta name=\"twitter:card\" content=\"summary_large_image\" \/>\n<meta name=\"twitter:label1\" content=\"Est. reading time\" \/>\n\t<meta name=\"twitter:data1\" content=\"10 minutes\" \/>\n<script type=\"application\/ld+json\" class=\"yoast-schema-graph\">{\"@context\":\"https:\/\/schema.org\",\"@graph\":[{\"@type\":\"WebPage\",\"@id\":\"https:\/\/www.rhumemporium.com\/de\/rhum-agricole-marie-galante-bielle\/rhum-vieux\/\",\"url\":\"https:\/\/www.rhumemporium.com\/de\/rhum-agricole-marie-galante-bielle\/rhum-vieux\/\",\"name\":\"Rhum vieux - Bielle - Rhum Emporium\",\"isPartOf\":{\"@id\":\"https:\/\/www.rhumemporium.com\/#website\"},\"primaryImageOfPage\":{\"@id\":\"https:\/\/www.rhumemporium.com\/de\/rhum-agricole-marie-galante-bielle\/rhum-vieux\/#primaryimage\"},\"image\":{\"@id\":\"https:\/\/www.rhumemporium.com\/de\/rhum-agricole-marie-galante-bielle\/rhum-vieux\/#primaryimage\"},\"thumbnailUrl\":\"http:\/\/www.rhumemporium.com\/rum\/wp-content\/uploads\/2015\/09\/rhum_ambre_bielle.png\",\"datePublished\":\"2015-09-23T15:17:52+00:00\",\"dateModified\":\"2017-06-04T14:58:58+00:00\",\"description\":\"Rhum Vieux in Guadeloupe hergestellt.\",\"breadcrumb\":{\"@id\":\"https:\/\/www.rhumemporium.com\/de\/rhum-agricole-marie-galante-bielle\/rhum-vieux\/#breadcrumb\"},\"inLanguage\":\"de-CH\",\"potentialAction\":[{\"@type\":\"ReadAction\",\"target\":[\"https:\/\/www.rhumemporium.com\/de\/rhum-agricole-marie-galante-bielle\/rhum-vieux\/\"]}]},{\"@type\":\"ImageObject\",\"inLanguage\":\"de-CH\",\"@id\":\"https:\/\/www.rhumemporium.com\/de\/rhum-agricole-marie-galante-bielle\/rhum-vieux\/#primaryimage\",\"url\":\"http:\/\/www.rhumemporium.com\/rum\/wp-content\/uploads\/2015\/09\/rhum_ambre_bielle.png\",\"contentUrl\":\"http:\/\/www.rhumemporium.com\/rum\/wp-content\/uploads\/2015\/09\/rhum_ambre_bielle.png\"},{\"@type\":\"BreadcrumbList\",\"@id\":\"https:\/\/www.rhumemporium.com\/de\/rhum-agricole-marie-galante-bielle\/rhum-vieux\/#breadcrumb\",\"itemListElement\":[{\"@type\":\"ListItem\",\"position\":1,\"name\":\"Home\",\"item\":\"https:\/\/www.rhumemporium.com\/de\/\"},{\"@type\":\"ListItem\",\"position\":2,\"name\":\"Rhum agricole Marie-Galante Bielle &#8211; Rhum Emporium\",\"item\":\"https:\/\/www.rhumemporium.com\/de\/rhum-agricole-marie-galante-bielle\/\"},{\"@type\":\"ListItem\",\"position\":3,\"name\":\"Rhum Vieux &#8211; Bielle &#8211; Rhum Emporium\"}]},{\"@type\":\"WebSite\",\"@id\":\"https:\/\/www.rhumemporium.com\/#website\",\"url\":\"https:\/\/www.rhumemporium.com\/\",\"name\":\"Rhum Emporium\",\"description\":\"Hi\",\"potentialAction\":[{\"@type\":\"SearchAction\",\"target\":{\"@type\":\"EntryPoint\",\"urlTemplate\":\"https:\/\/www.rhumemporium.com\/?s={search_term_string}\"},\"query-input\":\"required name=search_term_string\"}],\"inLanguage\":\"de-CH\"}]}<\/script>\n<!-- \/ Yoast SEO plugin. -->","yoast_head_json":{"title":"Rhum vieux - Bielle - Rhum Emporium","description":"Rhum Vieux in Guadeloupe hergestellt.","robots":{"index":"index","follow":"follow","max-snippet":"max-snippet:-1","max-image-preview":"max-image-preview:large","max-video-preview":"max-video-preview:-1"},"canonical":"https:\/\/www.rhumemporium.com\/de\/rhum-agricole-marie-galante-bielle\/rhum-vieux\/","og_locale":"de_DE","og_type":"article","og_title":"Rhum vieux - Bielle - Rhum Emporium","og_description":"Rhum Vieux in Guadeloupe hergestellt.","og_url":"https:\/\/www.rhumemporium.com\/de\/rhum-agricole-marie-galante-bielle\/rhum-vieux\/","og_site_name":"Rhum Emporium","article_modified_time":"2017-06-04T14:58:58+00:00","og_image":[{"url":"http:\/\/www.rhumemporium.com\/rum\/wp-content\/uploads\/2015\/09\/rhum_ambre_bielle.png"}],"twitter_card":"summary_large_image","twitter_misc":{"Est. reading time":"10 minutes"},"schema":{"@context":"https:\/\/schema.org","@graph":[{"@type":"WebPage","@id":"https:\/\/www.rhumemporium.com\/de\/rhum-agricole-marie-galante-bielle\/rhum-vieux\/","url":"https:\/\/www.rhumemporium.com\/de\/rhum-agricole-marie-galante-bielle\/rhum-vieux\/","name":"Rhum vieux - Bielle - Rhum Emporium","isPartOf":{"@id":"https:\/\/www.rhumemporium.com\/#website"},"primaryImageOfPage":{"@id":"https:\/\/www.rhumemporium.com\/de\/rhum-agricole-marie-galante-bielle\/rhum-vieux\/#primaryimage"},"image":{"@id":"https:\/\/www.rhumemporium.com\/de\/rhum-agricole-marie-galante-bielle\/rhum-vieux\/#primaryimage"},"thumbnailUrl":"http:\/\/www.rhumemporium.com\/rum\/wp-content\/uploads\/2015\/09\/rhum_ambre_bielle.png","datePublished":"2015-09-23T15:17:52+00:00","dateModified":"2017-06-04T14:58:58+00:00","description":"Rhum Vieux in Guadeloupe hergestellt.","breadcrumb":{"@id":"https:\/\/www.rhumemporium.com\/de\/rhum-agricole-marie-galante-bielle\/rhum-vieux\/#breadcrumb"},"inLanguage":"de-CH","potentialAction":[{"@type":"ReadAction","target":["https:\/\/www.rhumemporium.com\/de\/rhum-agricole-marie-galante-bielle\/rhum-vieux\/"]}]},{"@type":"ImageObject","inLanguage":"de-CH","@id":"https:\/\/www.rhumemporium.com\/de\/rhum-agricole-marie-galante-bielle\/rhum-vieux\/#primaryimage","url":"http:\/\/www.rhumemporium.com\/rum\/wp-content\/uploads\/2015\/09\/rhum_ambre_bielle.png","contentUrl":"http:\/\/www.rhumemporium.com\/rum\/wp-content\/uploads\/2015\/09\/rhum_ambre_bielle.png"},{"@type":"BreadcrumbList","@id":"https:\/\/www.rhumemporium.com\/de\/rhum-agricole-marie-galante-bielle\/rhum-vieux\/#breadcrumb","itemListElement":[{"@type":"ListItem","position":1,"name":"Home","item":"https:\/\/www.rhumemporium.com\/de\/"},{"@type":"ListItem","position":2,"name":"Rhum agricole Marie-Galante Bielle &#8211; Rhum Emporium","item":"https:\/\/www.rhumemporium.com\/de\/rhum-agricole-marie-galante-bielle\/"},{"@type":"ListItem","position":3,"name":"Rhum Vieux &#8211; Bielle &#8211; Rhum Emporium"}]},{"@type":"WebSite","@id":"https:\/\/www.rhumemporium.com\/#website","url":"https:\/\/www.rhumemporium.com\/","name":"Rhum Emporium","description":"Hi","potentialAction":[{"@type":"SearchAction","target":{"@type":"EntryPoint","urlTemplate":"https:\/\/www.rhumemporium.com\/?s={search_term_string}"},"query-input":"required name=search_term_string"}],"inLanguage":"de-CH"}]}},"_links":{"self":[{"href":"https:\/\/www.rhumemporium.com\/de\/wp-json\/wp\/v2\/pages\/826"}],"collection":[{"href":"https:\/\/www.rhumemporium.com\/de\/wp-json\/wp\/v2\/pages"}],"about":[{"href":"https:\/\/www.rhumemporium.com\/de\/wp-json\/wp\/v2\/types\/page"}],"author":[{"embeddable":true,"href":"https:\/\/www.rhumemporium.com\/de\/wp-json\/wp\/v2\/users\/1"}],"replies":[{"embeddable":true,"href":"https:\/\/www.rhumemporium.com\/de\/wp-json\/wp\/v2\/comments?post=826"}],"version-history":[{"count":6,"href":"https:\/\/www.rhumemporium.com\/de\/wp-json\/wp\/v2\/pages\/826\/revisions"}],"predecessor-version":[{"id":923,"href":"https:\/\/www.rhumemporium.com\/de\/wp-json\/wp\/v2\/pages\/826\/revisions\/923"}],"up":[{"embeddable":true,"href":"https:\/\/www.rhumemporium.com\/de\/wp-json\/wp\/v2\/pages\/783"}],"wp:attachment":[{"href":"https:\/\/www.rhumemporium.com\/de\/wp-json\/wp\/v2\/media?parent=826"}],"curies":[{"name":"wp","href":"https:\/\/api.w.org\/{rel}","templated":true}]}}