{"id":822,"date":"2015-09-23T15:17:00","date_gmt":"2015-09-23T15:17:00","guid":{"rendered":"http:\/\/www.rhumemporium.com\/de\/rhum-agricole-marie-galante-bielle\/white-rums-bielle\/"},"modified":"2015-11-27T12:48:58","modified_gmt":"2015-11-27T12:48:58","slug":"weisser-rum-bielle","status":"publish","type":"page","link":"https:\/\/www.rhumemporium.com\/de\/rhum-agricole-marie-galante-bielle\/weisser-rum-bielle\/","title":{"rendered":"Weisser Rum Bielle &#8211; Rhum Emporium"},"content":{"rendered":"<div class=\"fusion-fullwidth fullwidth-box fusion-fullwidth-1  fusion-parallax-none hundred-percent-fullwidth\" style=\"border-color:#3e3e3e;border-bottom-width: 0px;border-top-width: 0px;border-bottom-style: solid;border-top-style: solid;padding-bottom:0px;padding-top:20px;padding-left:0px;padding-right:0px;background-color:#040f28;\"><style type=\"text\/css\" scoped=\"scoped\">.fusion-fullwidth-1 {\n                            padding-left: 0px !important;\n                            padding-right: 0px !important;\n                        }<\/style><div class=\"fusion-row\"><div class=\"fusion-one-third one_third fusion-layout-column fusion-spacing-no\" style=\"margin-top:40px;margin-bottom:0px;\"><div class=\"fusion-column-wrapper\" style=\"padding:0px;\"><div class=\"fusion-column-table\"><div class=\"fusion-column-tablecell\"><div class=\"imageframe-align-center\"><span class=\"fusion-imageframe imageframe-none imageframe-1 hover-type-none\"> <img decoding=\"async\" src=\"http:\/\/www.rhumemporium.com\/rum\/wp-content\/uploads\/2015\/09\/rhum_blanc_bielle_291x514.png\" alt=\"\" class=\"img-responsive\"\/><\/span><\/div><div class=\"fusion-clearfix\"><\/div><\/div><\/div><\/div><\/div><div class=\"fusion-one-third one_third fusion-layout-column fusion-spacing-no\" style=\"margin-top:0px;margin-bottom:0px;\"><div class=\"fusion-column-wrapper\" style=\"padding:40px;\"><h1>WEISSER RUM 59\u00b0<\/h1>\n<h3><strong>WEISSER TRADITIONELLER RHUM AGRICOLE<\/strong><\/h3>\n<p>Dieser Rum wird nach alter Familientradition aus ganz frisch geschnitten Zuckerrohr hergestellt und wird nach seiner Saftqualit\u00e4t ausgew\u00e4hlt. Als w\u00fcrdiger Vertreter seiner Region ist er die perfekte Zutat f\u00fcr Ihre Ti Punche oder gelungene Cocktails.<\/p>\n<div class=\"fusion-clearfix\"><\/div><\/div><\/div><div class=\"fusion-one-third one_third fusion-layout-column fusion-column-last fusion-spacing-no\" style=\"margin-top:20px;margin-bottom:0px;\"><div class=\"fusion-column-wrapper\" style=\"padding:40px;\"><div class=\"fusion-column-table\"><div class=\"fusion-column-tablecell\"><p><span style=\"color: #e3e3e3;\"><strong>Nase<\/strong><\/span><br \/>\n<span style=\"color: #e3e3e3;\">Frisch, zuckrig und fruchtig nach Zuckerrohr.<\/span><\/p>\n<p><span style=\"color: #e3e3e3;\"><strong>Gaumen<\/strong><\/span><br \/>\n<span style=\"color: #e3e3e3;\">Sehr s\u00fcffig, gekennzeichnet von der Fruchtigkeit des Zuckerrohrs und seinem Vanille-Geschmack. Lebhaft und feurig.<\/span><\/p>\n<p><span style=\"color: #e3e3e3;\"><strong>Abgang<\/strong><\/span><br \/>\n<span style=\"color: #e3e3e3;\">Mit lieblicher Textur und einer Ausgewogenheit, die einen sch\u00f6nen langen Nachhall im Mund hinterl\u00e4sst.<\/span><\/p>\n<div class=\"fusion-clearfix\"><\/div><\/div><\/div><\/div><\/div><div class=\"fusion-clearfix\"><\/div><\/div><\/div><div class=\"fusion-fullwidth fullwidth-box fusion-fullwidth-2  fusion-parallax-none hundred-percent-fullwidth\" style=\"border-color:#3e3e3e;border-bottom-width: 0px;border-top-width: 0px;border-bottom-style: solid;border-top-style: solid;padding-bottom:0px;padding-top:20px;padding-left:0px;padding-right:0px;background-color:#040f28;\"><style type=\"text\/css\" scoped=\"scoped\">.fusion-fullwidth-2 {\n                            padding-left: 0px !important;\n                            padding-right: 0px !important;\n                        }<\/style><div class=\"fusion-row\"><div class=\"fusion-one-third one_third fusion-layout-column fusion-spacing-no\" style=\"margin-top:40px;margin-bottom:0px;\"><div class=\"fusion-column-wrapper\" style=\"padding:0px;\"><div class=\"fusion-column-table\"><div class=\"fusion-column-tablecell\"><div class=\"imageframe-align-center\"><span class=\"fusion-imageframe imageframe-none imageframe-2 hover-type-none\"> <img decoding=\"async\" src=\"http:\/\/www.rhumemporium.com\/rum\/wp-content\/uploads\/2015\/09\/rhum_blanc_premium_bielle_243x514.png\" alt=\"\" class=\"img-responsive\"\/><\/span><\/div><div class=\"fusion-clearfix\"><\/div><\/div><\/div><\/div><\/div><div class=\"fusion-one-third one_third fusion-layout-column fusion-spacing-no\" style=\"margin-top:0px;margin-bottom:0px;\"><div class=\"fusion-column-wrapper\" style=\"padding:40px;\"><h2>WEISSER PREMIUM-RUM\u00a059\u00b0<\/h2>\n<h3><strong>RUM EAU DE VIE<\/strong><\/h3>\n<p>Dieser Premium-Rum wird auf andere Weise hergestellt. Im ersten Schritt wird er in einer S\u00e4ule destilliert, dann ein zweites Mal in einem Destillierger\u00e4t aus dem Charente, um das Produkt zu verfeinern. Er ist wirklich wie ein Eau de Vie.<\/p>\n<div class=\"fusion-clearfix\"><\/div><\/div><\/div><div class=\"fusion-one-third one_third fusion-layout-column fusion-column-last fusion-spacing-no\" style=\"margin-top:20px;margin-bottom:0px;\"><div class=\"fusion-column-wrapper\" style=\"padding:40px;\"><div class=\"fusion-column-table\"><div class=\"fusion-column-tablecell\"><p><strong>Nase<\/strong><br \/>\nBeim ersten Eindruck ist das Zuckerrohr sehr fein. Der Alkohol l\u00e4sst die Aromen explodieren.<\/p>\n<p><strong>Gaumen<\/strong><br \/>\nVollmundig, vielschichtig und raffiniert ist dieser weisse Rhum Agricole von feinster Qualit\u00e4t.<\/p>\n<p><strong>Abgang<\/strong><br \/>\nLeicht Bitter, typisch f\u00fcr Rhum Agricole<\/p>\n<div class=\"fusion-clearfix\"><\/div><\/div><\/div><\/div><\/div><div class=\"fusion-clearfix\"><\/div><\/div><\/div><div class=\"fusion-fullwidth fullwidth-box fusion-fullwidth-3  fusion-parallax-none hundred-percent-fullwidth\" style=\"border-color:#3e3e3e;border-bottom-width: 0px;border-top-width: 0px;border-bottom-style: solid;border-top-style: solid;padding-bottom:0px;padding-top:20px;padding-left:0px;padding-right:0px;background-color:#040f28;\"><style type=\"text\/css\" scoped=\"scoped\">.fusion-fullwidth-3 {\n                            padding-left: 0px !important;\n                            padding-right: 0px !important;\n                        }<\/style><div class=\"fusion-row\"><div class=\"fusion-one-third one_third fusion-layout-column fusion-spacing-no\" style=\"margin-top:40px;margin-bottom:0px;\"><div class=\"fusion-column-wrapper\" style=\"padding:0px;\"><div class=\"fusion-column-table\"><div class=\"fusion-column-tablecell\"><div class=\"imageframe-align-center\"><span class=\"fusion-imageframe imageframe-none imageframe-3 hover-type-none\"> <img decoding=\"async\" src=\"http:\/\/www.rhumemporium.com\/rum\/wp-content\/uploads\/2015\/09\/rhum_bielle_canne_grise.png\" alt=\"\" class=\"img-responsive\"\/><\/span><\/div><div class=\"fusion-clearfix\"><\/div><\/div><\/div><\/div><\/div><div class=\"fusion-one-third one_third fusion-layout-column fusion-spacing-no\" style=\"margin-top:0px;margin-bottom:0px;\"><div class=\"fusion-column-wrapper\" style=\"padding:40px;\"><h2>WEISSER &#8220;CANNE GRISE&#8221;\u00a059\u00b0<\/h2>\n<h3><strong>AUS GRAUEM ZUCKERROHR HERGESTELLT<\/strong><\/h3>\n<div class=\"fusion-clearfix\"><\/div><\/div><\/div><div class=\"fusion-one-third one_third fusion-layout-column fusion-column-last fusion-spacing-no\" style=\"margin-top:20px;margin-bottom:0px;\"><div class=\"fusion-column-wrapper\" style=\"padding:40px;\"><div class=\"fusion-column-table\"><div class=\"fusion-column-tablecell\"><div class=\"fusion-clearfix\"><\/div><\/div><\/div><\/div><\/div><div class=\"fusion-clearfix\"><\/div><\/div><\/div>\n","protected":false},"excerpt":{"rendered":"","protected":false},"author":1,"featured_media":0,"parent":783,"menu_order":0,"comment_status":"closed","ping_status":"closed","template":"100-width.php","meta":{"footnotes":""},"yoast_head":"<!-- This site is optimized with the Yoast SEO plugin v22.7 - https:\/\/yoast.com\/wordpress\/plugins\/seo\/ -->\n<title>Weisser Rum - Bielle - Rhum Emporium<\/title>\n<meta name=\"description\" content=\"Weisser Rum in Guadeloupe hergestellt.\" \/>\n<meta name=\"robots\" content=\"index, follow, max-snippet:-1, max-image-preview:large, max-video-preview:-1\" \/>\n<link rel=\"canonical\" href=\"https:\/\/www.rhumemporium.com\/de\/rhum-agricole-marie-galante-bielle\/weisser-rum-bielle\/\" \/>\n<meta property=\"og:locale\" content=\"de_DE\" \/>\n<meta property=\"og:type\" content=\"article\" \/>\n<meta property=\"og:title\" content=\"Weisser Rum - Bielle - Rhum Emporium\" \/>\n<meta property=\"og:description\" content=\"Weisser Rum in Guadeloupe hergestellt.\" \/>\n<meta property=\"og:url\" content=\"https:\/\/www.rhumemporium.com\/de\/rhum-agricole-marie-galante-bielle\/weisser-rum-bielle\/\" \/>\n<meta property=\"og:site_name\" content=\"Rhum Emporium\" \/>\n<meta property=\"article:modified_time\" content=\"2015-11-27T12:48:58+00:00\" \/>\n<meta property=\"og:image\" content=\"http:\/\/www.rhumemporium.com\/rum\/wp-content\/uploads\/2015\/09\/rhum_blanc_bielle_291x514.png\" \/>\n<meta name=\"twitter:card\" content=\"summary_large_image\" \/>\n<meta name=\"twitter:label1\" content=\"Est. reading time\" \/>\n\t<meta name=\"twitter:data1\" content=\"5 minutes\" \/>\n<script type=\"application\/ld+json\" class=\"yoast-schema-graph\">{\"@context\":\"https:\/\/schema.org\",\"@graph\":[{\"@type\":\"WebPage\",\"@id\":\"https:\/\/www.rhumemporium.com\/de\/rhum-agricole-marie-galante-bielle\/weisser-rum-bielle\/\",\"url\":\"https:\/\/www.rhumemporium.com\/de\/rhum-agricole-marie-galante-bielle\/weisser-rum-bielle\/\",\"name\":\"Weisser Rum - Bielle - Rhum Emporium\",\"isPartOf\":{\"@id\":\"https:\/\/www.rhumemporium.com\/#website\"},\"primaryImageOfPage\":{\"@id\":\"https:\/\/www.rhumemporium.com\/de\/rhum-agricole-marie-galante-bielle\/weisser-rum-bielle\/#primaryimage\"},\"image\":{\"@id\":\"https:\/\/www.rhumemporium.com\/de\/rhum-agricole-marie-galante-bielle\/weisser-rum-bielle\/#primaryimage\"},\"thumbnailUrl\":\"http:\/\/www.rhumemporium.com\/rum\/wp-content\/uploads\/2015\/09\/rhum_blanc_bielle_291x514.png\",\"datePublished\":\"2015-09-23T15:17:00+00:00\",\"dateModified\":\"2015-11-27T12:48:58+00:00\",\"description\":\"Weisser Rum in Guadeloupe hergestellt.\",\"breadcrumb\":{\"@id\":\"https:\/\/www.rhumemporium.com\/de\/rhum-agricole-marie-galante-bielle\/weisser-rum-bielle\/#breadcrumb\"},\"inLanguage\":\"de-CH\",\"potentialAction\":[{\"@type\":\"ReadAction\",\"target\":[\"https:\/\/www.rhumemporium.com\/de\/rhum-agricole-marie-galante-bielle\/weisser-rum-bielle\/\"]}]},{\"@type\":\"ImageObject\",\"inLanguage\":\"de-CH\",\"@id\":\"https:\/\/www.rhumemporium.com\/de\/rhum-agricole-marie-galante-bielle\/weisser-rum-bielle\/#primaryimage\",\"url\":\"http:\/\/www.rhumemporium.com\/rum\/wp-content\/uploads\/2015\/09\/rhum_blanc_bielle_291x514.png\",\"contentUrl\":\"http:\/\/www.rhumemporium.com\/rum\/wp-content\/uploads\/2015\/09\/rhum_blanc_bielle_291x514.png\"},{\"@type\":\"BreadcrumbList\",\"@id\":\"https:\/\/www.rhumemporium.com\/de\/rhum-agricole-marie-galante-bielle\/weisser-rum-bielle\/#breadcrumb\",\"itemListElement\":[{\"@type\":\"ListItem\",\"position\":1,\"name\":\"Home\",\"item\":\"https:\/\/www.rhumemporium.com\/de\/\"},{\"@type\":\"ListItem\",\"position\":2,\"name\":\"Rhum agricole Marie-Galante Bielle &#8211; Rhum Emporium\",\"item\":\"https:\/\/www.rhumemporium.com\/de\/rhum-agricole-marie-galante-bielle\/\"},{\"@type\":\"ListItem\",\"position\":3,\"name\":\"Weisser Rum Bielle &#8211; Rhum Emporium\"}]},{\"@type\":\"WebSite\",\"@id\":\"https:\/\/www.rhumemporium.com\/#website\",\"url\":\"https:\/\/www.rhumemporium.com\/\",\"name\":\"Rhum Emporium\",\"description\":\"Hi\",\"potentialAction\":[{\"@type\":\"SearchAction\",\"target\":{\"@type\":\"EntryPoint\",\"urlTemplate\":\"https:\/\/www.rhumemporium.com\/?s={search_term_string}\"},\"query-input\":\"required name=search_term_string\"}],\"inLanguage\":\"de-CH\"}]}<\/script>\n<!-- \/ Yoast SEO plugin. -->","yoast_head_json":{"title":"Weisser Rum - Bielle - Rhum Emporium","description":"Weisser Rum in Guadeloupe hergestellt.","robots":{"index":"index","follow":"follow","max-snippet":"max-snippet:-1","max-image-preview":"max-image-preview:large","max-video-preview":"max-video-preview:-1"},"canonical":"https:\/\/www.rhumemporium.com\/de\/rhum-agricole-marie-galante-bielle\/weisser-rum-bielle\/","og_locale":"de_DE","og_type":"article","og_title":"Weisser Rum - Bielle - Rhum Emporium","og_description":"Weisser Rum in Guadeloupe hergestellt.","og_url":"https:\/\/www.rhumemporium.com\/de\/rhum-agricole-marie-galante-bielle\/weisser-rum-bielle\/","og_site_name":"Rhum Emporium","article_modified_time":"2015-11-27T12:48:58+00:00","og_image":[{"url":"http:\/\/www.rhumemporium.com\/rum\/wp-content\/uploads\/2015\/09\/rhum_blanc_bielle_291x514.png"}],"twitter_card":"summary_large_image","twitter_misc":{"Est. reading time":"5 minutes"},"schema":{"@context":"https:\/\/schema.org","@graph":[{"@type":"WebPage","@id":"https:\/\/www.rhumemporium.com\/de\/rhum-agricole-marie-galante-bielle\/weisser-rum-bielle\/","url":"https:\/\/www.rhumemporium.com\/de\/rhum-agricole-marie-galante-bielle\/weisser-rum-bielle\/","name":"Weisser Rum - Bielle - Rhum Emporium","isPartOf":{"@id":"https:\/\/www.rhumemporium.com\/#website"},"primaryImageOfPage":{"@id":"https:\/\/www.rhumemporium.com\/de\/rhum-agricole-marie-galante-bielle\/weisser-rum-bielle\/#primaryimage"},"image":{"@id":"https:\/\/www.rhumemporium.com\/de\/rhum-agricole-marie-galante-bielle\/weisser-rum-bielle\/#primaryimage"},"thumbnailUrl":"http:\/\/www.rhumemporium.com\/rum\/wp-content\/uploads\/2015\/09\/rhum_blanc_bielle_291x514.png","datePublished":"2015-09-23T15:17:00+00:00","dateModified":"2015-11-27T12:48:58+00:00","description":"Weisser Rum in Guadeloupe hergestellt.","breadcrumb":{"@id":"https:\/\/www.rhumemporium.com\/de\/rhum-agricole-marie-galante-bielle\/weisser-rum-bielle\/#breadcrumb"},"inLanguage":"de-CH","potentialAction":[{"@type":"ReadAction","target":["https:\/\/www.rhumemporium.com\/de\/rhum-agricole-marie-galante-bielle\/weisser-rum-bielle\/"]}]},{"@type":"ImageObject","inLanguage":"de-CH","@id":"https:\/\/www.rhumemporium.com\/de\/rhum-agricole-marie-galante-bielle\/weisser-rum-bielle\/#primaryimage","url":"http:\/\/www.rhumemporium.com\/rum\/wp-content\/uploads\/2015\/09\/rhum_blanc_bielle_291x514.png","contentUrl":"http:\/\/www.rhumemporium.com\/rum\/wp-content\/uploads\/2015\/09\/rhum_blanc_bielle_291x514.png"},{"@type":"BreadcrumbList","@id":"https:\/\/www.rhumemporium.com\/de\/rhum-agricole-marie-galante-bielle\/weisser-rum-bielle\/#breadcrumb","itemListElement":[{"@type":"ListItem","position":1,"name":"Home","item":"https:\/\/www.rhumemporium.com\/de\/"},{"@type":"ListItem","position":2,"name":"Rhum agricole Marie-Galante Bielle &#8211; Rhum Emporium","item":"https:\/\/www.rhumemporium.com\/de\/rhum-agricole-marie-galante-bielle\/"},{"@type":"ListItem","position":3,"name":"Weisser Rum Bielle &#8211; Rhum Emporium"}]},{"@type":"WebSite","@id":"https:\/\/www.rhumemporium.com\/#website","url":"https:\/\/www.rhumemporium.com\/","name":"Rhum Emporium","description":"Hi","potentialAction":[{"@type":"SearchAction","target":{"@type":"EntryPoint","urlTemplate":"https:\/\/www.rhumemporium.com\/?s={search_term_string}"},"query-input":"required name=search_term_string"}],"inLanguage":"de-CH"}]}},"_links":{"self":[{"href":"https:\/\/www.rhumemporium.com\/de\/wp-json\/wp\/v2\/pages\/822"}],"collection":[{"href":"https:\/\/www.rhumemporium.com\/de\/wp-json\/wp\/v2\/pages"}],"about":[{"href":"https:\/\/www.rhumemporium.com\/de\/wp-json\/wp\/v2\/types\/page"}],"author":[{"embeddable":true,"href":"https:\/\/www.rhumemporium.com\/de\/wp-json\/wp\/v2\/users\/1"}],"replies":[{"embeddable":true,"href":"https:\/\/www.rhumemporium.com\/de\/wp-json\/wp\/v2\/comments?post=822"}],"version-history":[{"count":4,"href":"https:\/\/www.rhumemporium.com\/de\/wp-json\/wp\/v2\/pages\/822\/revisions"}],"predecessor-version":[{"id":867,"href":"https:\/\/www.rhumemporium.com\/de\/wp-json\/wp\/v2\/pages\/822\/revisions\/867"}],"up":[{"embeddable":true,"href":"https:\/\/www.rhumemporium.com\/de\/wp-json\/wp\/v2\/pages\/783"}],"wp:attachment":[{"href":"https:\/\/www.rhumemporium.com\/de\/wp-json\/wp\/v2\/media?parent=822"}],"curies":[{"name":"wp","href":"https:\/\/api.w.org\/{rel}","templated":true}]}}