{"id":815,"date":"2015-10-12T17:18:58","date_gmt":"2015-10-12T17:18:58","guid":{"rendered":"http:\/\/www.rhumemporium.com\/de\/our-philosophy\/"},"modified":"2015-10-29T20:43:22","modified_gmt":"2015-10-29T20:43:22","slug":"unsere-philosophie","status":"publish","type":"page","link":"https:\/\/www.rhumemporium.com\/de\/unsere-philosophie\/","title":{"rendered":"Unsere Philosophie &#8211; Rhum Emporium"},"content":{"rendered":"<div class=\"fusion-bg-parallax\" data-bg-align=\"left top\" data-direction=\"down\" data-mute=\"false\" data-opacity=\"100\" data-velocity=\"-0.3\" data-mobile-enabled=\"false\" data-break-parents=\"0\" data-bg-repeat=\"false\"><\/div><div class=\"fusion-fullwidth fullwidth-box fusion-fullwidth-1  fusion-parallax-down hundred-percent-fullwidth fusion-equal-height-columns\" style=\"border-color:#3e3e3e;border-bottom-width: 0px;border-top-width: 0px;border-bottom-style: solid;border-top-style: solid;padding-bottom:0px;padding-top:0px;padding-left:0px;padding-right:0px;\"><style type=\"text\/css\" scoped=\"scoped\">.fusion-fullwidth-1 {\n                            padding-left: 0px !important;\n                            padding-right: 0px !important;\n                        }<\/style><div class=\"fusion-row\"><div class=\"fusion-one-third one_third fusion-layout-column fusion-spacing-no\" style=\"margin-top:0px;margin-bottom:0px;\"><div class=\"fusion-column-wrapper\" style=\"background:url(http:\/\/www.rhumemporium.com\/rum\/wp-content\/uploads\/2015\/10\/canne_a_sucre_mer_ciel_427.jpg) center center no-repeat ;-webkit-background-size:cover;-moz-background-size:cover;-o-background-size:cover;background-size:cover;padding:60px;\" data-bg-url=\"http:\/\/www.rhumemporium.com\/rum\/wp-content\/uploads\/2015\/10\/canne_a_sucre_mer_ciel_427.jpg\"><div class=\"fusion-column-table\"><div class=\"fusion-column-tablecell\"><div class=\"fusion-clearfix\"><\/div><\/div><\/div><\/div><\/div><div class=\"fusion-two-third fusion-layout-column fusion-column-last fusion-spacing-no\" style=\"margin-top:0px;margin-bottom:0px;\"><div class=\"fusion-column-wrapper\" style=\"background-color:#78a7ba;padding:60px;\"><div class=\"fusion-column-table\"><div class=\"fusion-column-tablecell\"><h1 style=\"text-align: left;\"><span style=\"color: #e3e3e3;\">UNSERE PHILOSPHIE<\/span><\/h1>\n<h3 style=\"text-align: left;\"><span style=\"color: #e3e3e3;\">AUTHENTIZIT\u00c4T UND CHARAKTER<\/span><\/h3>\n<p style=\"text-align: left;\"><span style=\"color: #e3e3e3;\">Bei Rhum Emporium inszenieren wir exquisite und einzigartige, Edletropfen, sorgf\u00e4ltig ausgesucht, um Ihre Sinne zu inspirieren und zu verzaubern.<\/span><\/p>\n<p style=\"text-align: left;\"><span style=\"color: #e3e3e3;\">Wir glauben, dass Rum einen Charakter haben sollte, der in Ihrer Erinnerung lange nachklingt. Eine Unverf\u00e4lschtheit von der Heimat, wo er destilliert wurde und von der Philosophie, derer die ihn herstellen<\/span><\/p>\n<h5 style=\"text-align: center;\"><span style=\"color: #e3e3e3;\">\u2013 eine Ahnung der See und des Bodens, die von Land und Leuten erz\u00e4hlen, vom Zuckerrohr und Quellwasser aus dem er gemacht wurde.<\/span><\/h5>\n<p style=\"text-align: left;\"><span style=\"color: #e3e3e3;\">Ausserdem glauben wir, dass die Welt eine Alternative zu Konformit\u00e4t und Fadheit braucht. Jeder Tropfen sollte ein Fest sein, der die erhabene Sch\u00f6nheit der Natur zelebriert.<\/span><\/p>\n<h5 style=\"text-align: left;\"><span style=\"color: #e3e3e3;\">Willkommen in unserer Welt.<\/span><\/h5>\n<div class=\"fusion-clearfix\"><\/div><\/div><\/div><\/div><\/div><div class=\"fusion-clearfix\"><\/div><\/div><\/div><div class=\"fusion-bg-parallax\" data-bg-align=\"left top\" data-direction=\"down\" data-mute=\"false\" data-opacity=\"100\" data-velocity=\"-0.3\" data-mobile-enabled=\"false\" data-break-parents=\"0\" data-bg-image=\"http:\/\/www.rhumemporium.com\/rum\/wp-content\/uploads\/2015\/09\/Carte-Atlantique_dark.jpg\" data-bg-repeat=\"false\"><\/div><div class=\"fusion-fullwidth fullwidth-box fusion-fullwidth-2  fusion-parallax-down hundred-percent-fullwidth fusion-equal-height-columns\" style=\"border-color:#3e3e3e;border-bottom-width: 0px;border-top-width: 0px;border-bottom-style: solid;border-top-style: solid;padding-bottom:0px;padding-top:0px;padding-left:0px;padding-right:0px;\"><style type=\"text\/css\" scoped=\"scoped\">.fusion-fullwidth-2 {\n                            padding-left: 0px !important;\n                            padding-right: 0px !important;\n                        }<\/style><div class=\"fusion-row\"><div class=\"fusion-one-full fusion-layout-column fusion-column-last fusion-spacing-no\" style=\"margin-top:0px;margin-bottom:0px;\"><div class=\"fusion-column-wrapper\" style=\"padding:60px;\"><div class=\"fusion-column-table\"><div class=\"fusion-column-tablecell\"><h5 style=\"text-align: center;\">WIR BEI RHUM EMPORIUM F\u00dcHREN UNSERE GESCH\u00c4FTE MIT DERSELBEN EHRLICHKEIT UND INTEGRIT\u00c4T, DIE WIR AUCH BEI DER PRODUKTION UNSERER PRODUKTE VERWENDEN.<\/h5>\n<div class=\"fusion-clearfix\"><\/div><\/div><\/div><\/div><\/div><div class=\"fusion-clearfix\"><\/div><\/div><\/div>\n","protected":false},"excerpt":{"rendered":"","protected":false},"author":1,"featured_media":0,"parent":0,"menu_order":0,"comment_status":"closed","ping_status":"closed","template":"100-width.php","meta":{"footnotes":""},"yoast_head":"<!-- This site is optimized with the Yoast SEO plugin v22.7 - https:\/\/yoast.com\/wordpress\/plugins\/seo\/ -->\n<title>Unsere Philosophie - Rhum Emporium<\/title>\n<meta name=\"description\" content=\"Bei Rhum Emporium inszenieren wir exquisite und einzigartige, Edletropfen, sorgf\u00e4ltig ausgesucht, um Ihre Sinne zu inspirieren und zu verzaubern.\" \/>\n<meta name=\"robots\" content=\"index, follow, max-snippet:-1, max-image-preview:large, max-video-preview:-1\" \/>\n<link rel=\"canonical\" href=\"https:\/\/www.rhumemporium.com\/de\/unsere-philosophie\/\" \/>\n<meta property=\"og:locale\" content=\"de_DE\" \/>\n<meta property=\"og:type\" content=\"article\" \/>\n<meta property=\"og:title\" content=\"Unsere Philosophie - Rhum Emporium\" \/>\n<meta property=\"og:description\" content=\"Bei Rhum Emporium inszenieren wir exquisite und einzigartige, Edletropfen, sorgf\u00e4ltig ausgesucht, um Ihre Sinne zu inspirieren und zu verzaubern.\" \/>\n<meta property=\"og:url\" content=\"https:\/\/www.rhumemporium.com\/de\/unsere-philosophie\/\" \/>\n<meta property=\"og:site_name\" content=\"Rhum Emporium\" \/>\n<meta property=\"article:modified_time\" content=\"2015-10-29T20:43:22+00:00\" \/>\n<meta name=\"twitter:card\" content=\"summary_large_image\" \/>\n<meta name=\"twitter:label1\" content=\"Est. reading time\" \/>\n\t<meta name=\"twitter:data1\" content=\"3 minutes\" \/>\n<script type=\"application\/ld+json\" class=\"yoast-schema-graph\">{\"@context\":\"https:\/\/schema.org\",\"@graph\":[{\"@type\":\"WebPage\",\"@id\":\"https:\/\/www.rhumemporium.com\/de\/unsere-philosophie\/\",\"url\":\"https:\/\/www.rhumemporium.com\/de\/unsere-philosophie\/\",\"name\":\"Unsere Philosophie - Rhum Emporium\",\"isPartOf\":{\"@id\":\"https:\/\/www.rhumemporium.com\/#website\"},\"datePublished\":\"2015-10-12T17:18:58+00:00\",\"dateModified\":\"2015-10-29T20:43:22+00:00\",\"description\":\"Bei Rhum Emporium inszenieren wir exquisite und einzigartige, Edletropfen, sorgf\u00e4ltig ausgesucht, um Ihre Sinne zu inspirieren und zu verzaubern.\",\"breadcrumb\":{\"@id\":\"https:\/\/www.rhumemporium.com\/de\/unsere-philosophie\/#breadcrumb\"},\"inLanguage\":\"de-CH\",\"potentialAction\":[{\"@type\":\"ReadAction\",\"target\":[\"https:\/\/www.rhumemporium.com\/de\/unsere-philosophie\/\"]}]},{\"@type\":\"BreadcrumbList\",\"@id\":\"https:\/\/www.rhumemporium.com\/de\/unsere-philosophie\/#breadcrumb\",\"itemListElement\":[{\"@type\":\"ListItem\",\"position\":1,\"name\":\"Home\",\"item\":\"https:\/\/www.rhumemporium.com\/de\/\"},{\"@type\":\"ListItem\",\"position\":2,\"name\":\"Unsere Philosophie &#8211; Rhum Emporium\"}]},{\"@type\":\"WebSite\",\"@id\":\"https:\/\/www.rhumemporium.com\/#website\",\"url\":\"https:\/\/www.rhumemporium.com\/\",\"name\":\"Rhum Emporium\",\"description\":\"Hi\",\"potentialAction\":[{\"@type\":\"SearchAction\",\"target\":{\"@type\":\"EntryPoint\",\"urlTemplate\":\"https:\/\/www.rhumemporium.com\/?s={search_term_string}\"},\"query-input\":\"required name=search_term_string\"}],\"inLanguage\":\"de-CH\"}]}<\/script>\n<!-- \/ Yoast SEO plugin. -->","yoast_head_json":{"title":"Unsere Philosophie - Rhum Emporium","description":"Bei Rhum Emporium inszenieren wir exquisite und einzigartige, Edletropfen, sorgf\u00e4ltig ausgesucht, um Ihre Sinne zu inspirieren und zu verzaubern.","robots":{"index":"index","follow":"follow","max-snippet":"max-snippet:-1","max-image-preview":"max-image-preview:large","max-video-preview":"max-video-preview:-1"},"canonical":"https:\/\/www.rhumemporium.com\/de\/unsere-philosophie\/","og_locale":"de_DE","og_type":"article","og_title":"Unsere Philosophie - Rhum Emporium","og_description":"Bei Rhum Emporium inszenieren wir exquisite und einzigartige, Edletropfen, sorgf\u00e4ltig ausgesucht, um Ihre Sinne zu inspirieren und zu verzaubern.","og_url":"https:\/\/www.rhumemporium.com\/de\/unsere-philosophie\/","og_site_name":"Rhum Emporium","article_modified_time":"2015-10-29T20:43:22+00:00","twitter_card":"summary_large_image","twitter_misc":{"Est. reading time":"3 minutes"},"schema":{"@context":"https:\/\/schema.org","@graph":[{"@type":"WebPage","@id":"https:\/\/www.rhumemporium.com\/de\/unsere-philosophie\/","url":"https:\/\/www.rhumemporium.com\/de\/unsere-philosophie\/","name":"Unsere Philosophie - Rhum Emporium","isPartOf":{"@id":"https:\/\/www.rhumemporium.com\/#website"},"datePublished":"2015-10-12T17:18:58+00:00","dateModified":"2015-10-29T20:43:22+00:00","description":"Bei Rhum Emporium inszenieren wir exquisite und einzigartige, Edletropfen, sorgf\u00e4ltig ausgesucht, um Ihre Sinne zu inspirieren und zu verzaubern.","breadcrumb":{"@id":"https:\/\/www.rhumemporium.com\/de\/unsere-philosophie\/#breadcrumb"},"inLanguage":"de-CH","potentialAction":[{"@type":"ReadAction","target":["https:\/\/www.rhumemporium.com\/de\/unsere-philosophie\/"]}]},{"@type":"BreadcrumbList","@id":"https:\/\/www.rhumemporium.com\/de\/unsere-philosophie\/#breadcrumb","itemListElement":[{"@type":"ListItem","position":1,"name":"Home","item":"https:\/\/www.rhumemporium.com\/de\/"},{"@type":"ListItem","position":2,"name":"Unsere Philosophie &#8211; Rhum Emporium"}]},{"@type":"WebSite","@id":"https:\/\/www.rhumemporium.com\/#website","url":"https:\/\/www.rhumemporium.com\/","name":"Rhum Emporium","description":"Hi","potentialAction":[{"@type":"SearchAction","target":{"@type":"EntryPoint","urlTemplate":"https:\/\/www.rhumemporium.com\/?s={search_term_string}"},"query-input":"required name=search_term_string"}],"inLanguage":"de-CH"}]}},"_links":{"self":[{"href":"https:\/\/www.rhumemporium.com\/de\/wp-json\/wp\/v2\/pages\/815"}],"collection":[{"href":"https:\/\/www.rhumemporium.com\/de\/wp-json\/wp\/v2\/pages"}],"about":[{"href":"https:\/\/www.rhumemporium.com\/de\/wp-json\/wp\/v2\/types\/page"}],"author":[{"embeddable":true,"href":"https:\/\/www.rhumemporium.com\/de\/wp-json\/wp\/v2\/users\/1"}],"replies":[{"embeddable":true,"href":"https:\/\/www.rhumemporium.com\/de\/wp-json\/wp\/v2\/comments?post=815"}],"version-history":[{"count":2,"href":"https:\/\/www.rhumemporium.com\/de\/wp-json\/wp\/v2\/pages\/815\/revisions"}],"predecessor-version":[{"id":817,"href":"https:\/\/www.rhumemporium.com\/de\/wp-json\/wp\/v2\/pages\/815\/revisions\/817"}],"wp:attachment":[{"href":"https:\/\/www.rhumemporium.com\/de\/wp-json\/wp\/v2\/media?parent=815"}],"curies":[{"name":"wp","href":"https:\/\/api.w.org\/{rel}","templated":true}]}}