{"id":786,"date":"2015-09-21T15:49:30","date_gmt":"2015-09-21T15:49:30","guid":{"rendered":"http:\/\/www.rhumemporium.com\/de\/swiss-importer-rhum-agricole\/"},"modified":"2015-10-29T20:31:05","modified_gmt":"2015-10-29T20:31:05","slug":"schweiz-importeur-rhum-agricole","status":"publish","type":"page","link":"https:\/\/www.rhumemporium.com\/de\/schweiz-importeur-rhum-agricole\/","title":{"rendered":"Schweizer Importeur f\u00fcr Rhum Agricole &#8211; Rhum Emporium"},"content":{"rendered":"<div class=\"fusion-fullwidth fullwidth-box fusion-fullwidth-1  fusion-parallax-none hundred-percent-fullwidth\" style=\"border-color:#3e3e3e;border-bottom-width: 0px;border-top-width: 0px;border-bottom-style: solid;border-top-style: solid;padding-bottom:0px;padding-top:0px;padding-left:0px;padding-right:0px;background-color:#040f28;\"><style type=\"text\/css\" scoped=\"scoped\">.fusion-fullwidth-1 {\n                            padding-left: 0px !important;\n                            padding-right: 0px !important;\n                        }<\/style><div class=\"fusion-row\"><div class=\"fusion-one-full fusion-layout-column fusion-column-last fusion-spacing-no\" style=\"margin-top:0px;margin-bottom:0px;\"><div class=\"fusion-column-wrapper\" style=\"padding:60px;\"><h1>SCHWEIZER IMPORTEUR F\u00dcR RHUM AGRICOLE<\/h1>\n<h3>RHUM EMPORIUM<\/h3>\n<p>Rhum Emporium hat eine erlesene Auswahl zusammengestellt und importiert nur Rhum Agricole h\u00f6chster Qualit\u00e4t direkt von den H\u00e4usern Bielle (Marie-Galante) und Bologne (Guadeloupe). Diese feinen Rumsorten sind eine Rarit\u00e4t auf dem Schweizer Markt.<\/p>\n<div class=\"fusion-clearfix\"><\/div><\/div><\/div><div class=\"fusion-clearfix\"><\/div><\/div><\/div><div class=\"fusion-fullwidth fullwidth-box fusion-fullwidth-2  fusion-parallax-none hundred-percent-fullwidth fusion-equal-height-columns\" style=\"border-color:#3e3e3e;border-bottom-width: 0px;border-top-width: 0px;border-bottom-style: solid;border-top-style: solid;padding-bottom:0px;padding-top:0px;padding-left:0px;padding-right:0px;background-color:#040f28;\"><style type=\"text\/css\" scoped=\"scoped\">.fusion-fullwidth-2 {\n                            padding-left: 0px !important;\n                            padding-right: 0px !important;\n                        }<\/style><div class=\"fusion-row\"><div class=\"fusion-two-fifth fusion-layout-column fusion-spacing-no\" style=\"margin-top:0px;margin-bottom:0px;\"><div class=\"fusion-column-wrapper\" style=\"background:url(http:\/\/www.rhumemporium.com\/rum\/wp-content\/uploads\/2015\/09\/rhum_vieux_guadeloupe.jpg) left top no-repeat #e3e3e3;-webkit-background-size:cover;-moz-background-size:cover;-o-background-size:cover;background-size:cover;padding:60px;\" data-bg-url=\"http:\/\/www.rhumemporium.com\/rum\/wp-content\/uploads\/2015\/09\/rhum_vieux_guadeloupe.jpg\"><div class=\"fusion-column-table\"><div class=\"fusion-column-tablecell\"><div class=\"fusion-clearfix\"><\/div><\/div><\/div><\/div><\/div><div class=\"fusion-three-fifth fusion-layout-column fusion-column-last fusion-spacing-no\" style=\"margin-top:0px;margin-bottom:0px;\"><div class=\"fusion-column-wrapper\" style=\"background-color:#e3e3e3;padding:60px;\"><div class=\"fusion-column-table\"><div class=\"fusion-column-tablecell\"><h5><span style=\"color: #818184;\">Kontaktieren Sie uns, um die F\u00fclle unserer ausgezeichneten Rumauswahl zu entdecken. Wir organisieren Degustationen und Privatveranstaltungen, die Ihre Sinne wecken.<br \/>\n<\/span><\/h5>\n<div class=\"fusion-clearfix\"><\/div><\/div><\/div><\/div><\/div><div class=\"fusion-clearfix\"><\/div><\/div><\/div><div class=\"fusion-fullwidth fullwidth-box fusion-fullwidth-3  fusion-parallax-none hundred-percent-fullwidth\" style=\"border-color:#3e3e3e;border-bottom-width: 0px;border-top-width: 0px;border-bottom-style: solid;border-top-style: solid;padding-bottom:0px;padding-top:0px;padding-left:0px;padding-right:0px;background-color:#040f28;\"><style type=\"text\/css\" scoped=\"scoped\">.fusion-fullwidth-3 {\n                            padding-left: 0px !important;\n                            padding-right: 0px !important;\n                        }<\/style><div class=\"fusion-row\"><div class=\"fusion-two-third fusion-layout-column fusion-spacing-no\" style=\"margin-top:0px;margin-bottom:0px;\"><div class=\"fusion-column-wrapper\" style=\"padding:60px;\"><h2>Kontakt<\/h2>\n<div class=\"fusion-sep-clear\"><\/div><div class=\"fusion-separator fusion-full-width-sep sep-none\" style=\"border-color:#3e3e3e;margin-left: auto;margin-right: auto;margin-top:50pxpx;\"><\/div>\n<div class=\"wpcf7 no-js\" id=\"wpcf7-f801-o1\" lang=\"de-DE\" dir=\"ltr\">\n<div class=\"screen-reader-response\"><p role=\"status\" aria-live=\"polite\" aria-atomic=\"true\"><\/p> <ul><\/ul><\/div>\n<form action=\"\/de\/wp-json\/wp\/v2\/pages\/786#wpcf7-f801-o1\" method=\"post\" class=\"wpcf7-form init\" aria-label=\"Contact form\" novalidate=\"novalidate\" data-status=\"init\">\n<div style=\"display: none;\">\n<input type=\"hidden\" name=\"_wpcf7\" value=\"801\" \/>\n<input type=\"hidden\" name=\"_wpcf7_version\" value=\"5.9.4\" \/>\n<input type=\"hidden\" name=\"_wpcf7_locale\" value=\"de_DE\" \/>\n<input type=\"hidden\" name=\"_wpcf7_unit_tag\" value=\"wpcf7-f801-o1\" \/>\n<input type=\"hidden\" name=\"_wpcf7_container_post\" value=\"0\" \/>\n<input type=\"hidden\" name=\"_wpcf7_posted_data_hash\" value=\"\" \/>\n<\/div>\n<p><span class=\"wpcf7-form-control-wrap\" data-name=\"your-name\"><input size=\"40\" class=\"wpcf7-form-control wpcf7-text wpcf7-validates-as-required\" aria-required=\"true\" aria-invalid=\"false\" placeholder=\"Name\" value=\"\" type=\"text\" name=\"your-name\" \/><\/span>\n<\/p>\n<p><span class=\"wpcf7-form-control-wrap\" data-name=\"your-email\"><input size=\"40\" class=\"wpcf7-form-control wpcf7-email wpcf7-validates-as-required wpcf7-text wpcf7-validates-as-email\" aria-required=\"true\" aria-invalid=\"false\" placeholder=\"E-mail\" value=\"\" type=\"email\" name=\"your-email\" \/><\/span>\n<\/p>\n<p><span class=\"wpcf7-form-control-wrap\" data-name=\"your-phone\"><input size=\"40\" class=\"wpcf7-form-control wpcf7-tel wpcf7-validates-as-required wpcf7-text wpcf7-validates-as-tel\" aria-required=\"true\" aria-invalid=\"false\" placeholder=\"Telefonnummer\" value=\"\" type=\"tel\" name=\"your-phone\" \/><\/span>\n<\/p>\n<p><span class=\"wpcf7-form-control-wrap\" data-name=\"your-message\"><textarea cols=\"40\" rows=\"10\" class=\"wpcf7-form-control wpcf7-textarea\" aria-invalid=\"false\" placeholder=\"Nachricht\" name=\"your-message\"><\/textarea><\/span>\n<\/p>\n<p><input class=\"wpcf7-form-control wpcf7-submit has-spinner\" type=\"submit\" value=\"Senden\" \/>\n<\/p><div class=\"wpcf7-response-output\" aria-hidden=\"true\"><\/div>\n<\/form>\n<\/div>\n<div class=\"fusion-clearfix\"><\/div><\/div><\/div><div class=\"fusion-one-third one_third fusion-layout-column fusion-column-last fusion-spacing-no\" style=\"margin-top:0px;margin-bottom:0px;\"><div class=\"fusion-column-wrapper\" style=\"padding:60px;\"><div class=\"imageframe-align-center\"><span class=\"fusion-imageframe imageframe-none imageframe-1 hover-type-none\"> <img decoding=\"async\" alt=\"Logo Rhum Emporium\" src=\"http:\/\/www.rhumemporium.com\/rum\/wp-content\/uploads\/2015\/09\/rhum_emporium_logo_white_v1.png\" class=\"img-responsive\"\/><\/span><\/div><div class=\"fusion-sep-clear\"><\/div><div class=\"fusion-separator fusion-full-width-sep sep-none\" style=\"border-color:#3e3e3e;margin-left: auto;margin-right: auto;margin-top:20px;\"><\/div><ul class=\"fusion-checklist fusion-checklist-1\" style=\"font-size:16px;line-height:27.2px;\"><li class=\"fusion-li-item\"><span style=\"height:27.2px;width:27.2px;margin-right:11.2px;\" class=\"icon-wrapper circle-no\"><i class=\"fusion-li-icon fa fa-phone\" style=\"color:#ffffff;\"><\/i><\/span><div class=\"fusion-li-item-content\" style=\"margin-left:38.4px;\">\n<p>\n<a href=\"tel:+41444200909\">+41 44 420 09 09<\/a><br \/><a href=\"tel:+41791979814\">+41 79 197 98 14<\/a><\/p>\n<\/div><\/li><li class=\"fusion-li-item\"><span style=\"height:27.2px;width:27.2px;margin-right:11.2px;\" class=\"icon-wrapper circle-no\"><i class=\"fusion-li-icon fa fa-envelope-o\" style=\"color:#ffffff;\"><\/i><\/span><div class=\"fusion-li-item-content\" style=\"margin-left:38.4px;\"><a href=\"mailto:office@rhumemporium.com?Subject=Contact de rhumemporium.com\">office@rhumemporium.com<\/a><\/div><\/li><li class=\"fusion-li-item\"><span style=\"height:27.2px;width:27.2px;margin-right:11.2px;\" class=\"icon-wrapper circle-no\"><i class=\"fusion-li-icon fa fa-map-marker\" style=\"color:#ffffff;\"><\/i><\/span><div class=\"fusion-li-item-content\" style=\"margin-left:38.4px;\">\n<p>\nRhum Emporium GmbH<br \/>Florastrasse 17<br \/>8008 Z\u00fcrich<br \/>Schweiz<\/p>\n<\/div><\/li><\/ul><div class=\"fusion-clearfix\"><\/div><\/div><\/div><div class=\"fusion-clearfix\"><\/div><\/div><\/div>\n","protected":false},"excerpt":{"rendered":"","protected":false},"author":1,"featured_media":0,"parent":0,"menu_order":0,"comment_status":"closed","ping_status":"closed","template":"100-width.php","meta":{"footnotes":""},"yoast_head":"<!-- This site is optimized with the Yoast SEO plugin v22.7 - https:\/\/yoast.com\/wordpress\/plugins\/seo\/ -->\n<title>Schweiz Import f\u00fcr Rhum Agricole - Rhum Emporium<\/title>\n<meta name=\"description\" content=\"Import und Vertrieb in der Schweiz von hochwertigem Rhum Agricole von den Antillen.\" \/>\n<meta name=\"robots\" content=\"index, follow, max-snippet:-1, max-image-preview:large, max-video-preview:-1\" \/>\n<link rel=\"canonical\" href=\"https:\/\/www.rhumemporium.com\/de\/schweiz-importeur-rhum-agricole\/\" \/>\n<meta property=\"og:locale\" content=\"de_DE\" \/>\n<meta property=\"og:type\" content=\"article\" \/>\n<meta property=\"og:title\" content=\"Schweiz Import f\u00fcr Rhum Agricole - Rhum Emporium\" \/>\n<meta property=\"og:description\" content=\"Import und Vertrieb in der Schweiz von hochwertigem Rhum Agricole von den Antillen.\" \/>\n<meta property=\"og:url\" content=\"https:\/\/www.rhumemporium.com\/de\/schweiz-importeur-rhum-agricole\/\" \/>\n<meta property=\"og:site_name\" content=\"Rhum Emporium\" \/>\n<meta property=\"article:modified_time\" content=\"2015-10-29T20:31:05+00:00\" \/>\n<meta property=\"og:image\" content=\"http:\/\/www.rhumemporium.com\/rum\/wp-content\/uploads\/2015\/09\/rhum_emporium_logo_white_v1.png\" \/>\n<meta name=\"twitter:card\" content=\"summary_large_image\" \/>\n<meta name=\"twitter:label1\" content=\"Est. reading time\" \/>\n\t<meta name=\"twitter:data1\" content=\"4 minutes\" \/>\n<script type=\"application\/ld+json\" class=\"yoast-schema-graph\">{\"@context\":\"https:\/\/schema.org\",\"@graph\":[{\"@type\":\"WebPage\",\"@id\":\"https:\/\/www.rhumemporium.com\/de\/schweiz-importeur-rhum-agricole\/\",\"url\":\"https:\/\/www.rhumemporium.com\/de\/schweiz-importeur-rhum-agricole\/\",\"name\":\"Schweiz Import f\u00fcr Rhum Agricole - Rhum Emporium\",\"isPartOf\":{\"@id\":\"https:\/\/www.rhumemporium.com\/#website\"},\"primaryImageOfPage\":{\"@id\":\"https:\/\/www.rhumemporium.com\/de\/schweiz-importeur-rhum-agricole\/#primaryimage\"},\"image\":{\"@id\":\"https:\/\/www.rhumemporium.com\/de\/schweiz-importeur-rhum-agricole\/#primaryimage\"},\"thumbnailUrl\":\"http:\/\/www.rhumemporium.com\/rum\/wp-content\/uploads\/2015\/09\/rhum_emporium_logo_white_v1.png\",\"datePublished\":\"2015-09-21T15:49:30+00:00\",\"dateModified\":\"2015-10-29T20:31:05+00:00\",\"description\":\"Import und Vertrieb in der Schweiz von hochwertigem Rhum Agricole von den Antillen.\",\"breadcrumb\":{\"@id\":\"https:\/\/www.rhumemporium.com\/de\/schweiz-importeur-rhum-agricole\/#breadcrumb\"},\"inLanguage\":\"de-CH\",\"potentialAction\":[{\"@type\":\"ReadAction\",\"target\":[\"https:\/\/www.rhumemporium.com\/de\/schweiz-importeur-rhum-agricole\/\"]}]},{\"@type\":\"ImageObject\",\"inLanguage\":\"de-CH\",\"@id\":\"https:\/\/www.rhumemporium.com\/de\/schweiz-importeur-rhum-agricole\/#primaryimage\",\"url\":\"http:\/\/www.rhumemporium.com\/rum\/wp-content\/uploads\/2015\/09\/rhum_emporium_logo_white_v1.png\",\"contentUrl\":\"http:\/\/www.rhumemporium.com\/rum\/wp-content\/uploads\/2015\/09\/rhum_emporium_logo_white_v1.png\"},{\"@type\":\"BreadcrumbList\",\"@id\":\"https:\/\/www.rhumemporium.com\/de\/schweiz-importeur-rhum-agricole\/#breadcrumb\",\"itemListElement\":[{\"@type\":\"ListItem\",\"position\":1,\"name\":\"Home\",\"item\":\"https:\/\/www.rhumemporium.com\/de\/\"},{\"@type\":\"ListItem\",\"position\":2,\"name\":\"Schweizer Importeur f\u00fcr Rhum Agricole &#8211; Rhum Emporium\"}]},{\"@type\":\"WebSite\",\"@id\":\"https:\/\/www.rhumemporium.com\/#website\",\"url\":\"https:\/\/www.rhumemporium.com\/\",\"name\":\"Rhum Emporium\",\"description\":\"Hi\",\"potentialAction\":[{\"@type\":\"SearchAction\",\"target\":{\"@type\":\"EntryPoint\",\"urlTemplate\":\"https:\/\/www.rhumemporium.com\/?s={search_term_string}\"},\"query-input\":\"required name=search_term_string\"}],\"inLanguage\":\"de-CH\"}]}<\/script>\n<!-- \/ Yoast SEO plugin. -->","yoast_head_json":{"title":"Schweiz Import f\u00fcr Rhum Agricole - Rhum Emporium","description":"Import und Vertrieb in der Schweiz von hochwertigem Rhum Agricole von den Antillen.","robots":{"index":"index","follow":"follow","max-snippet":"max-snippet:-1","max-image-preview":"max-image-preview:large","max-video-preview":"max-video-preview:-1"},"canonical":"https:\/\/www.rhumemporium.com\/de\/schweiz-importeur-rhum-agricole\/","og_locale":"de_DE","og_type":"article","og_title":"Schweiz Import f\u00fcr Rhum Agricole - Rhum Emporium","og_description":"Import und Vertrieb in der Schweiz von hochwertigem Rhum Agricole von den Antillen.","og_url":"https:\/\/www.rhumemporium.com\/de\/schweiz-importeur-rhum-agricole\/","og_site_name":"Rhum Emporium","article_modified_time":"2015-10-29T20:31:05+00:00","og_image":[{"url":"http:\/\/www.rhumemporium.com\/rum\/wp-content\/uploads\/2015\/09\/rhum_emporium_logo_white_v1.png"}],"twitter_card":"summary_large_image","twitter_misc":{"Est. reading time":"4 minutes"},"schema":{"@context":"https:\/\/schema.org","@graph":[{"@type":"WebPage","@id":"https:\/\/www.rhumemporium.com\/de\/schweiz-importeur-rhum-agricole\/","url":"https:\/\/www.rhumemporium.com\/de\/schweiz-importeur-rhum-agricole\/","name":"Schweiz Import f\u00fcr Rhum Agricole - Rhum Emporium","isPartOf":{"@id":"https:\/\/www.rhumemporium.com\/#website"},"primaryImageOfPage":{"@id":"https:\/\/www.rhumemporium.com\/de\/schweiz-importeur-rhum-agricole\/#primaryimage"},"image":{"@id":"https:\/\/www.rhumemporium.com\/de\/schweiz-importeur-rhum-agricole\/#primaryimage"},"thumbnailUrl":"http:\/\/www.rhumemporium.com\/rum\/wp-content\/uploads\/2015\/09\/rhum_emporium_logo_white_v1.png","datePublished":"2015-09-21T15:49:30+00:00","dateModified":"2015-10-29T20:31:05+00:00","description":"Import und Vertrieb in der Schweiz von hochwertigem Rhum Agricole von den Antillen.","breadcrumb":{"@id":"https:\/\/www.rhumemporium.com\/de\/schweiz-importeur-rhum-agricole\/#breadcrumb"},"inLanguage":"de-CH","potentialAction":[{"@type":"ReadAction","target":["https:\/\/www.rhumemporium.com\/de\/schweiz-importeur-rhum-agricole\/"]}]},{"@type":"ImageObject","inLanguage":"de-CH","@id":"https:\/\/www.rhumemporium.com\/de\/schweiz-importeur-rhum-agricole\/#primaryimage","url":"http:\/\/www.rhumemporium.com\/rum\/wp-content\/uploads\/2015\/09\/rhum_emporium_logo_white_v1.png","contentUrl":"http:\/\/www.rhumemporium.com\/rum\/wp-content\/uploads\/2015\/09\/rhum_emporium_logo_white_v1.png"},{"@type":"BreadcrumbList","@id":"https:\/\/www.rhumemporium.com\/de\/schweiz-importeur-rhum-agricole\/#breadcrumb","itemListElement":[{"@type":"ListItem","position":1,"name":"Home","item":"https:\/\/www.rhumemporium.com\/de\/"},{"@type":"ListItem","position":2,"name":"Schweizer Importeur f\u00fcr Rhum Agricole &#8211; Rhum Emporium"}]},{"@type":"WebSite","@id":"https:\/\/www.rhumemporium.com\/#website","url":"https:\/\/www.rhumemporium.com\/","name":"Rhum Emporium","description":"Hi","potentialAction":[{"@type":"SearchAction","target":{"@type":"EntryPoint","urlTemplate":"https:\/\/www.rhumemporium.com\/?s={search_term_string}"},"query-input":"required name=search_term_string"}],"inLanguage":"de-CH"}]}},"_links":{"self":[{"href":"https:\/\/www.rhumemporium.com\/de\/wp-json\/wp\/v2\/pages\/786"}],"collection":[{"href":"https:\/\/www.rhumemporium.com\/de\/wp-json\/wp\/v2\/pages"}],"about":[{"href":"https:\/\/www.rhumemporium.com\/de\/wp-json\/wp\/v2\/types\/page"}],"author":[{"embeddable":true,"href":"https:\/\/www.rhumemporium.com\/de\/wp-json\/wp\/v2\/users\/1"}],"replies":[{"embeddable":true,"href":"https:\/\/www.rhumemporium.com\/de\/wp-json\/wp\/v2\/comments?post=786"}],"version-history":[{"count":4,"href":"https:\/\/www.rhumemporium.com\/de\/wp-json\/wp\/v2\/pages\/786\/revisions"}],"predecessor-version":[{"id":803,"href":"https:\/\/www.rhumemporium.com\/de\/wp-json\/wp\/v2\/pages\/786\/revisions\/803"}],"wp:attachment":[{"href":"https:\/\/www.rhumemporium.com\/de\/wp-json\/wp\/v2\/media?parent=786"}],"curies":[{"name":"wp","href":"https:\/\/api.w.org\/{rel}","templated":true}]}}