{"id":780,"date":"2015-09-22T12:51:47","date_gmt":"2015-09-22T12:51:47","guid":{"rendered":"http:\/\/www.rhumemporium.com\/de\/rhum-agricole\/"},"modified":"2017-06-04T14:29:31","modified_gmt":"2017-06-04T14:29:31","slug":"rhum-agricole","status":"publish","type":"page","link":"https:\/\/www.rhumemporium.com\/de\/","title":{"rendered":"Rhum agricole &#8211; Vertrieb in der Schweiz &#8211; Rhum Emporium"},"content":{"rendered":"<div class=\"fusion-fullwidth fullwidth-box fusion-fullwidth-1  fusion-parallax-none hundred-percent-fullwidth\" style=\"border-color:#3e3e3e;border-bottom-width: 0px;border-top-width: 0px;border-bottom-style: solid;border-top-style: solid;padding-bottom:0px;padding-top:0px;padding-left:0px;padding-right:0px;background-color:#040f28;\"><style type=\"text\/css\" scoped=\"scoped\">.fusion-fullwidth-1 {\n                            padding-left: 0px !important;\n                            padding-right: 0px !important;\n                        }<\/style><div class=\"fusion-row\"><div class=\"fusion-one-full fusion-layout-column fusion-column-last fusion-spacing-no\" style=\"margin-top:0px;margin-bottom:0px;\"><div class=\"fusion-column-wrapper\" style=\"padding:60px;\"><h1 style=\"text-align: left;\">RHUM AGRICOLE VON DEN ANTILLEN<\/h1>\n<h3>UNVERGLEICHLICHE FRUCHTNOTEN<\/h3>\n<p style=\"text-align: left;\">Rhum Agricole von den Antillen hebt sich deutlich vom klassischen Rum hervor, durch die Qualit\u00e4t der verwendeten Rohstoffe, sowie dem Zusammenspiel des Bodens mit den g\u00fcnstigen Umweltbedingungen, in denen das Zuckerrohr w\u00e4chst. Diese reiche F\u00fclle findet sich in den aussergew\u00f6hnlich fruchtigen Noten dieses Rums wieder.<\/p>\n<p>Die authentische Handwerkskunst der Destillateure verleiht dem Rum auch kr\u00e4ftige naturbelassene Aromen. Es ist ein \u00fcberaus reiner Rum, der zur Reifung kommt. Sie k\u00f6nnen verschiedene Altersstufen geniessen.<\/p>\n<div class=\"fusion-clearfix\"><\/div><\/div><\/div><div class=\"fusion-clearfix\"><\/div><\/div><\/div><div class=\"fusion-fullwidth fullwidth-box fusion-fullwidth-2  fusion-parallax-none hundred-percent-fullwidth fusion-equal-height-columns\" style=\"border-color:#3e3e3e;border-bottom-width: 0px;border-top-width: 0px;border-bottom-style: solid;border-top-style: solid;padding-bottom:0px;padding-top:0px;padding-left:0px;padding-right:0px;background-color:#040f28;\"><style type=\"text\/css\" scoped=\"scoped\">.fusion-fullwidth-2 {\n                            padding-left: 0px !important;\n                            padding-right: 0px !important;\n                        }<\/style><div class=\"fusion-row\"><div class=\"fusion-one-half fusion-layout-column fusion-spacing-no\" style=\"margin-top:0px;margin-bottom:0px;\"><div class=\"fusion-column-wrapper\" style=\"background-color:#e3e3e3;padding:60px;\"><div class=\"fusion-column-table\"><div class=\"fusion-column-tablecell\"><h2><span style=\"color: #818184;\">RHUM\u00a0BIELLE<\/span><\/h2>\n<h3>MARIE GALANTE<\/h3>\n<p><span style=\"color: #818184;\">Die Destillerie Bielle auf der Insel Marie-Galante ist Glanzst\u00fcck des karibischen Rums. Das im Laufe der Jahre mehrfach ausgezeichnete Unternehmen bietet hochwertigen weissen Rum, Rum Vieux und in F\u00e4ssern gereiften Rhum Ambr\u00e9, sowie besondere Cuv\u00e9es mit aussergew\u00f6hnlichen blumigen Geschmacksnoten.<br \/>\n<\/span><\/p>\n<div class=\"fusion-button-wrapper\"><style type=\"text\/css\" scoped=\"scoped\">.fusion-button.button-1{border-width:3px;color:#818184;border-color:#818184;}.fusion-button.button-1:hover,.fusion-button.button-1:focus,.fusion-button.button-1:active{border-width:3px;border-color:#9c9c9f;color:#9c9c9f;}.fusion-button.button-1{background: ;}.fusion-button.button-1:hover,.button-1:focus,.fusion-button.button-1:active{background: ;}.fusion-button.button-1{width:auto;}<\/style><a class=\"fusion-button button-flat button-round button-xlarge button-custom button-1\" target=\"_self\" href=\"http:\/\/www.rhumemporium.com\/de\/rhum-agricole-marie-galante-bielle\/\"><span class=\"fusion-button-text\">ENTDECKEN SIE DIE DESTILLERIE BELLE<\/span><\/a><\/div><div class=\"fusion-clearfix\"><\/div><\/div><\/div><\/div><\/div><div class=\"fusion-one-half fusion-layout-column fusion-column-last fusion-spacing-no\" style=\"margin-top:0px;margin-bottom:0px;\"><div class=\"fusion-column-wrapper\" style=\"background-color:#818184;padding:60px;\"><div class=\"fusion-column-table\"><div class=\"fusion-column-tablecell\"><h2><span style=\"color: #e3e3e3;\">RHUM\u00a0BOLOGNE<\/span><\/h2>\n<h3><span style=\"color: #e3e3e3;\">GUADELOUPE<\/span><\/h3>\n<p><span style=\"color: #e3e3e3;\">Die Destillerie Bologne in der Stadt Basse-Terre auf Guadeloupe produziert ausschliesslich Rum der Spitzenklasse. Sie bietet weissen Rum, Rhum Vieux und Rhum Ambr\u00e9 an, der in F\u00e4ssern gereift ist, sowie besondere Cuv\u00e9es. Als eine der wenigen Destillerien verwendet sie trotz seines geringen Ertrages schwarzes Zuckerrohr, denn dieses \u00fcberzeugt durch einen einzigartigen stark ausgepr\u00e4gten Charakter.<\/span><\/p>\n<div class=\"fusion-button-wrapper\"><style type=\"text\/css\" scoped=\"scoped\">.fusion-button.button-2{border-width:3px;color:#e3e3e3;border-color:#e3e3e3;}.fusion-button.button-2:hover,.fusion-button.button-2:focus,.fusion-button.button-2:active{border-width:3px;border-color:#e3e3e3;color:#e3e3e3;}.fusion-button.button-2{background: ;}.fusion-button.button-2:hover,.button-2:focus,.fusion-button.button-2:active{background: ;}.fusion-button.button-2{width:auto;}<\/style><a class=\"fusion-button button-flat button-round button-xlarge button-custom button-2\" target=\"_self\" href=\"http:\/\/www.rhumemporium.com\/de\/rhum-agricole-guadeloupe-bologne\/\"><span class=\"fusion-button-text\">ENTDECKEN SIE DIE DESTILLERIE BOLOGNE<\/span><\/a><\/div><div class=\"fusion-clearfix\"><\/div><\/div><\/div><\/div><\/div><div class=\"fusion-clearfix\"><\/div><\/div><\/div><div class=\"fusion-bg-parallax\" data-bg-align=\"left top\" data-direction=\"down\" data-mute=\"false\" data-opacity=\"100\" data-velocity=\"-0.3\" data-mobile-enabled=\"false\" data-break-parents=\"0\" data-bg-repeat=\"false\"><\/div><div class=\"fusion-fullwidth fullwidth-box fusion-fullwidth-3  fusion-parallax-down hundred-percent-fullwidth fusion-equal-height-columns\" style=\"border-color:#3e3e3e;border-bottom-width: 0px;border-top-width: 0px;border-bottom-style: solid;border-top-style: solid;padding-bottom:0px;padding-top:0px;padding-left:0px;padding-right:0px;\"><style type=\"text\/css\" scoped=\"scoped\">.fusion-fullwidth-3 {\n                            padding-left: 0px !important;\n                            padding-right: 0px !important;\n                        }<\/style><div class=\"fusion-row\"><div class=\"fusion-one-third one_third fusion-layout-column fusion-spacing-no\" style=\"margin-top:0px;margin-bottom:0px;\"><div class=\"fusion-column-wrapper\" style=\"background:url(http:\/\/www.rhumemporium.com\/rum\/wp-content\/uploads\/2015\/09\/canne_a_sucre_mer_ciel_622.jpg) center center no-repeat ;-webkit-background-size:cover;-moz-background-size:cover;-o-background-size:cover;background-size:cover;padding:60px;\" data-bg-url=\"http:\/\/www.rhumemporium.com\/rum\/wp-content\/uploads\/2015\/09\/canne_a_sucre_mer_ciel_622.jpg\"><div class=\"fusion-column-table\"><div class=\"fusion-column-tablecell\"><div class=\"fusion-clearfix\"><\/div><\/div><\/div><\/div><\/div><div class=\"fusion-two-third fusion-layout-column fusion-column-last fusion-spacing-no\" style=\"margin-top:0px;margin-bottom:0px;\"><div class=\"fusion-column-wrapper\" style=\"background-color:#78a7ba;padding:60px;\"><div class=\"fusion-column-table\"><div class=\"fusion-column-tablecell\"><h1 style=\"text-align: left;\"><span style=\"color: #e3e3e3;\">UNSERE PHILOSOPHIE<\/span><\/h1>\n<h3 style=\"text-align: left;\"><span style=\"color: #e3e3e3;\">AUTHENTIZIT\u00c4T UND CHARAKTER<\/span><\/h3>\n<p style=\"text-align: left;\"><span style=\"color: #e3e3e3;\">Bei Rhum Emporium inszenieren wir exquisite und einzigartige, Edletropfen, sorgf\u00e4ltig ausgesucht, um Ihre Sinne zu inspirieren und zu verzaubern.<\/span><\/p>\n<div class=\"fusion-sep-clear\"><\/div><div class=\"fusion-separator fusion-full-width-sep sep-none\" style=\"border-color:#3e3e3e;margin-left: auto;margin-right: auto;margin-top:30px;\"><\/div><div class=\"fusion-button-wrapper fusion-alignleft\"><style type=\"text\/css\" scoped=\"scoped\">.fusion-button.button-3{border-width:3px;color:#e3e3e3;border-color:#e3e3e3;}.fusion-button.button-3:hover,.fusion-button.button-3:focus,.fusion-button.button-3:active{border-width:3px;border-color:#d8d8d8;color:#d8d8d8;}.fusion-button.button-3{background: ;}.fusion-button.button-3:hover,.button-3:focus,.fusion-button.button-3:active{background: ;}.fusion-button.button-3{width:auto;}<\/style><a class=\"fusion-button button-flat button-round button-xlarge button-custom button-3\" target=\"_self\" href=\"http:\/\/www.rhumemporium.com\/de\/unsere-philosophie\/\"><span class=\"fusion-button-text\">ENTDECKEN SIE UNSERE PHILOSOPHIE<\/span><\/a><\/div><div class=\"fusion-clearfix\"><\/div><\/div><\/div><\/div><\/div><div class=\"fusion-clearfix\"><\/div><\/div><\/div><div class=\"fusion-fullwidth fullwidth-box fusion-fullwidth-4  fusion-parallax-none hundred-percent-fullwidth\" style=\"border-color:#3e3e3e;border-bottom-width: 0px;border-top-width: 0px;border-bottom-style: solid;border-top-style: solid;padding-bottom:0px;padding-top:20px;padding-left:0px;padding-right:0px;background-color:#040f28;\"><style type=\"text\/css\" scoped=\"scoped\">.fusion-fullwidth-4 {\n                            padding-left: 0px !important;\n                            padding-right: 0px !important;\n                        }<\/style><div class=\"fusion-row\"><div class=\"fusion-two-third fusion-layout-column fusion-spacing-yes\" style=\"margin-top:0px;margin-bottom:20px;\"><div class=\"fusion-column-wrapper\" style=\"padding:60px;\"><div class=\"fusion-column-table\"><div class=\"fusion-column-tablecell\"><h1 style=\"text-align: left;\">VERTRIEB IN DER SCHWEIZ<\/h1>\n<h3>BEZUG DIREKT VON DEN HERSTELLERN<\/h3>\n<div class=\"fusion-sep-clear\"><\/div><div class=\"fusion-separator fusion-full-width-sep sep-none\" style=\"border-color:#3e3e3e;margin-left: auto;margin-right: auto;margin-top:30px;\"><\/div><p style=\"text-align: left;\">Rhum Emporium hat eine erlesene Auswahl zusammengestellt, importiert einzig und allein Rhum Agricole h\u00f6chster Qualit\u00e4t direkt von den H\u00e4usern Bielle und Bologne. Diese edlen Rumsorten sind eine Rarit\u00e4t auf dem Schweizer Markt.<\/p>\n<div class=\"fusion-button-wrapper fusion-alignleft\"><style type=\"text\/css\" scoped=\"scoped\">.fusion-button.button-4{border-width:3px;color:#89bdd3;border-color:#89bdd3;}.fusion-button.button-4:hover,.fusion-button.button-4:focus,.fusion-button.button-4:active{border-width:3px;border-color:#9c9c9f;color:#9c9c9f;}.fusion-button.button-4{background: ;}.fusion-button.button-4:hover,.button-4:focus,.fusion-button.button-4:active{background: ;}.fusion-button.button-4{width:auto;}<\/style><a class=\"fusion-button button-flat button-round button-xlarge button-default button-4\" target=\"_self\" href=\"http:\/\/www.rhumemporium.com\/de\/schweiz-importeur-rhum-agricole\/\"><span class=\"fusion-button-text\">KONTAKTIEREN SIE UNS<\/span><\/a><\/div><div class=\"fusion-sep-clear\"><\/div><div class=\"fusion-separator fusion-full-width-sep sep-none\" style=\"border-color:#3e3e3e;margin-left: auto;margin-right: auto;margin-top:30px;\"><\/div><div class=\"fusion-clearfix\"><\/div><\/div><\/div><\/div><\/div><div class=\"fusion-one-third one_third fusion-layout-column fusion-column-last fusion-spacing-yes\" style=\"margin-top:0px;margin-bottom:0px;\"><div class=\"fusion-column-wrapper\" style=\"padding:0px;\"><span style=\"margin-left:25px;float:right;\" class=\"fusion-imageframe imageframe-none imageframe-1 hover-type-none\"> <img decoding=\"async\" alt=\"\" src=\"http:\/\/www.rhumemporium.com\/rum\/wp-content\/uploads\/2015\/09\/rhum_vieux_2002_300px.png\" class=\"img-responsive\"\/><\/span><div class=\"fusion-clearfix\"><\/div><\/div><\/div><div class=\"fusion-clearfix\"><\/div><\/div><\/div>\n","protected":false},"excerpt":{"rendered":"","protected":false},"author":1,"featured_media":0,"parent":0,"menu_order":0,"comment_status":"closed","ping_status":"closed","template":"100-width.php","meta":{"footnotes":""},"yoast_head":"<!-- This site is optimized with the Yoast SEO plugin v22.7 - https:\/\/yoast.com\/wordpress\/plugins\/seo\/ -->\n<title>Rhum agricole - Distribution in Switzerland - Rhum Emporium<\/title>\n<meta name=\"description\" content=\"Swiss import and distribution of top quality rhum agricole from the French West Indies.\" \/>\n<meta name=\"robots\" content=\"index, follow, max-snippet:-1, max-image-preview:large, max-video-preview:-1\" \/>\n<link rel=\"canonical\" href=\"https:\/\/www.rhumemporium.com\/de\/\" \/>\n<meta property=\"og:locale\" content=\"de_DE\" \/>\n<meta property=\"og:type\" content=\"article\" \/>\n<meta property=\"og:title\" content=\"Rhum agricole - Distribution in Switzerland - Rhum Emporium\" \/>\n<meta property=\"og:description\" content=\"Swiss import and distribution of top quality rhum agricole from the French West Indies.\" \/>\n<meta property=\"og:url\" content=\"https:\/\/www.rhumemporium.com\/de\/\" \/>\n<meta property=\"og:site_name\" content=\"Rhum Emporium\" \/>\n<meta property=\"article:modified_time\" content=\"2017-06-04T14:29:31+00:00\" \/>\n<meta property=\"og:image\" content=\"http:\/\/www.rhumemporium.com\/rum\/wp-content\/uploads\/2015\/09\/rhum_vieux_2002_300px.png\" \/>\n<meta name=\"twitter:card\" content=\"summary_large_image\" \/>\n<meta name=\"twitter:label1\" content=\"Est. reading time\" \/>\n\t<meta name=\"twitter:data1\" content=\"7 minutes\" \/>\n<script type=\"application\/ld+json\" class=\"yoast-schema-graph\">{\"@context\":\"https:\/\/schema.org\",\"@graph\":[{\"@type\":\"WebPage\",\"@id\":\"https:\/\/www.rhumemporium.com\/de\/\",\"url\":\"https:\/\/www.rhumemporium.com\/de\/\",\"name\":\"Rhum agricole - Distribution in Switzerland - Rhum Emporium\",\"isPartOf\":{\"@id\":\"https:\/\/www.rhumemporium.com\/#website\"},\"primaryImageOfPage\":{\"@id\":\"https:\/\/www.rhumemporium.com\/de\/#primaryimage\"},\"image\":{\"@id\":\"https:\/\/www.rhumemporium.com\/de\/#primaryimage\"},\"thumbnailUrl\":\"http:\/\/www.rhumemporium.com\/rum\/wp-content\/uploads\/2015\/09\/rhum_vieux_2002_300px.png\",\"datePublished\":\"2015-09-22T12:51:47+00:00\",\"dateModified\":\"2017-06-04T14:29:31+00:00\",\"description\":\"Swiss import and distribution of top quality rhum agricole from the French West Indies.\",\"breadcrumb\":{\"@id\":\"https:\/\/www.rhumemporium.com\/de\/#breadcrumb\"},\"inLanguage\":\"de-CH\",\"potentialAction\":[{\"@type\":\"ReadAction\",\"target\":[\"https:\/\/www.rhumemporium.com\/de\/\"]}]},{\"@type\":\"ImageObject\",\"inLanguage\":\"de-CH\",\"@id\":\"https:\/\/www.rhumemporium.com\/de\/#primaryimage\",\"url\":\"http:\/\/www.rhumemporium.com\/rum\/wp-content\/uploads\/2015\/09\/rhum_vieux_2002_300px.png\",\"contentUrl\":\"http:\/\/www.rhumemporium.com\/rum\/wp-content\/uploads\/2015\/09\/rhum_vieux_2002_300px.png\"},{\"@type\":\"BreadcrumbList\",\"@id\":\"https:\/\/www.rhumemporium.com\/de\/#breadcrumb\",\"itemListElement\":[{\"@type\":\"ListItem\",\"position\":1,\"name\":\"Home\",\"item\":\"https:\/\/www.rhumemporium.com\/de\/\"},{\"@type\":\"ListItem\",\"position\":2,\"name\":\"Rhum agricole &#8211; Vertrieb in der Schweiz &#8211; Rhum Emporium\"}]},{\"@type\":\"WebSite\",\"@id\":\"https:\/\/www.rhumemporium.com\/#website\",\"url\":\"https:\/\/www.rhumemporium.com\/\",\"name\":\"Rhum Emporium\",\"description\":\"Hi\",\"potentialAction\":[{\"@type\":\"SearchAction\",\"target\":{\"@type\":\"EntryPoint\",\"urlTemplate\":\"https:\/\/www.rhumemporium.com\/?s={search_term_string}\"},\"query-input\":\"required name=search_term_string\"}],\"inLanguage\":\"de-CH\"}]}<\/script>\n<!-- \/ Yoast SEO plugin. -->","yoast_head_json":{"title":"Rhum agricole - Distribution in Switzerland - Rhum Emporium","description":"Swiss import and distribution of top quality rhum agricole from the French West Indies.","robots":{"index":"index","follow":"follow","max-snippet":"max-snippet:-1","max-image-preview":"max-image-preview:large","max-video-preview":"max-video-preview:-1"},"canonical":"https:\/\/www.rhumemporium.com\/de\/","og_locale":"de_DE","og_type":"article","og_title":"Rhum agricole - Distribution in Switzerland - Rhum Emporium","og_description":"Swiss import and distribution of top quality rhum agricole from the French West Indies.","og_url":"https:\/\/www.rhumemporium.com\/de\/","og_site_name":"Rhum Emporium","article_modified_time":"2017-06-04T14:29:31+00:00","og_image":[{"url":"http:\/\/www.rhumemporium.com\/rum\/wp-content\/uploads\/2015\/09\/rhum_vieux_2002_300px.png"}],"twitter_card":"summary_large_image","twitter_misc":{"Est. reading time":"7 minutes"},"schema":{"@context":"https:\/\/schema.org","@graph":[{"@type":"WebPage","@id":"https:\/\/www.rhumemporium.com\/de\/","url":"https:\/\/www.rhumemporium.com\/de\/","name":"Rhum agricole - Distribution in Switzerland - Rhum Emporium","isPartOf":{"@id":"https:\/\/www.rhumemporium.com\/#website"},"primaryImageOfPage":{"@id":"https:\/\/www.rhumemporium.com\/de\/#primaryimage"},"image":{"@id":"https:\/\/www.rhumemporium.com\/de\/#primaryimage"},"thumbnailUrl":"http:\/\/www.rhumemporium.com\/rum\/wp-content\/uploads\/2015\/09\/rhum_vieux_2002_300px.png","datePublished":"2015-09-22T12:51:47+00:00","dateModified":"2017-06-04T14:29:31+00:00","description":"Swiss import and distribution of top quality rhum agricole from the French West Indies.","breadcrumb":{"@id":"https:\/\/www.rhumemporium.com\/de\/#breadcrumb"},"inLanguage":"de-CH","potentialAction":[{"@type":"ReadAction","target":["https:\/\/www.rhumemporium.com\/de\/"]}]},{"@type":"ImageObject","inLanguage":"de-CH","@id":"https:\/\/www.rhumemporium.com\/de\/#primaryimage","url":"http:\/\/www.rhumemporium.com\/rum\/wp-content\/uploads\/2015\/09\/rhum_vieux_2002_300px.png","contentUrl":"http:\/\/www.rhumemporium.com\/rum\/wp-content\/uploads\/2015\/09\/rhum_vieux_2002_300px.png"},{"@type":"BreadcrumbList","@id":"https:\/\/www.rhumemporium.com\/de\/#breadcrumb","itemListElement":[{"@type":"ListItem","position":1,"name":"Home","item":"https:\/\/www.rhumemporium.com\/de\/"},{"@type":"ListItem","position":2,"name":"Rhum agricole &#8211; Vertrieb in der Schweiz &#8211; Rhum Emporium"}]},{"@type":"WebSite","@id":"https:\/\/www.rhumemporium.com\/#website","url":"https:\/\/www.rhumemporium.com\/","name":"Rhum Emporium","description":"Hi","potentialAction":[{"@type":"SearchAction","target":{"@type":"EntryPoint","urlTemplate":"https:\/\/www.rhumemporium.com\/?s={search_term_string}"},"query-input":"required name=search_term_string"}],"inLanguage":"de-CH"}]}},"_links":{"self":[{"href":"https:\/\/www.rhumemporium.com\/de\/wp-json\/wp\/v2\/pages\/780"}],"collection":[{"href":"https:\/\/www.rhumemporium.com\/de\/wp-json\/wp\/v2\/pages"}],"about":[{"href":"https:\/\/www.rhumemporium.com\/de\/wp-json\/wp\/v2\/types\/page"}],"author":[{"embeddable":true,"href":"https:\/\/www.rhumemporium.com\/de\/wp-json\/wp\/v2\/users\/1"}],"replies":[{"embeddable":true,"href":"https:\/\/www.rhumemporium.com\/de\/wp-json\/wp\/v2\/comments?post=780"}],"version-history":[{"count":8,"href":"https:\/\/www.rhumemporium.com\/de\/wp-json\/wp\/v2\/pages\/780\/revisions"}],"predecessor-version":[{"id":908,"href":"https:\/\/www.rhumemporium.com\/de\/wp-json\/wp\/v2\/pages\/780\/revisions\/908"}],"wp:attachment":[{"href":"https:\/\/www.rhumemporium.com\/de\/wp-json\/wp\/v2\/media?parent=780"}],"curies":[{"name":"wp","href":"https:\/\/api.w.org\/{rel}","templated":true}]}}